{"id":5802,"date":"2020-07-13T10:47:29","date_gmt":"2020-07-13T17:47:29","guid":{"rendered":"https:\/\/elboton.com\/?page_id=5802"},"modified":"2024-03-14T14:55:33","modified_gmt":"2024-03-14T21:55:33","slug":"radiolasuavecita","status":"publish","type":"page","link":"https:\/\/elboton.com\/denver\/radiolasuavecita\/","title":{"rendered":"La Suavecita"},"content":{"rendered":"\n<\/p>\n<h4 class=\"seo-tag denver\">denver<\/h4>\n<div id=\"player_origin\" class=\"radio-player-container denver\">\n<div class=\"player-cover\">\n\t\t\t<img decoding=\"async\" src=\"https:\/\/elboton.com\/wp-content\/uploads\/sites\/6\/2024\/03\/La-Suavecita-92.1FM-Logo.png\" alt=\"La Suavecita 92.1\" \/>\n\t\t<\/div>\n<div id=\"radio-player-status\" class=\"\"><\/div>\n<div class=\"radio-info v3 denver\">\n<div class=\"radio-info-wrapper denver\">\n<div class=\"radio-player-features\">\n<p id=\"td-radio-title\" class=\"radio-player-title\">La Suavecita 92.1<\/p>\n<p id=\"td-track-title\" class=\"radio-player-title\">\n<p class=\"radio-player-info\">Grupera<\/p>\n<\/p><\/div>\n<p>\t\t\t\t<a href=\"javascript:void(0)\" id=\"td-button-player\" class=\"td-uniplayer-control\" data-station=\"KJMNFM\" data-title=\"La Suavecita 92.1\" data-poster=\"https:\/\/elboton.com\/wp-content\/uploads\/sites\/6\/2024\/03\/La-Suavecita-Card-Dark-Blue.png\" data-triton-thepermalink=\"https:\/\/elboton.com\/denver\/radiolasuavecita\/\" data-type=\"\"> Play <div style=\"display: none;\" class=\"player-loader center\"><span><\/span><\/div><\/a><\/p><\/div>\n<\/p><\/div>\n<\/p><\/div>\n<div class=\"radio-info\">\n<div class=\"radio-info-wrapper\">\n\t\t\t<!-- \n\n<div class=\"radio-cabina\"><a href=\"tel:1234567\">Ll\u00e1manos a cabina<\/a><\/div>\n\n --><br \/>\n\t\t\t<div id=\"69d272b8063c5\" class=\"social-share denver\">\n\t<button role=\"switch\">Compartir<\/button><ul><li class=\"social-share-facebook\"><a href=\"https:\/\/www.facebook.com\/dialog\/share?app_id=194671771969828&amp;display=popup&amp;href=https:\/\/elboton.me\/2W8RTYI&message=Bailo%20y%20gozo%20con%20%23LaSuavecita%20%F0%9F%92%83%F0%9F%8E%B6%20https:\/\/www.facebook.com\/elbotonradio\" data-social-provider=\"facebook\" target=\"_blank\">Compartir con Facebook<\/a><\/li><li class=\"social-share-twitter\"><a href=\"https:\/\/twitter.com\/intent\/tweet?url=https:\/\/elboton.me\/2W8RTYI&text=Bailo%20y%20gozo%20con%20%23LaSuavecita%20%F0%9F%92%83%F0%9F%8E%B6%20&via=ElBotonRadio\" data-social-provider=\"twitter\" target=\"_blank\">Compartir con Twitter<\/a><\/li><li class=\"social-share-whatsapp\"><a href=\"https:\/\/api.whatsapp.com\/send?text=Bailo%20y%20gozo%20con%20%23LaSuavecita%20%F0%9F%92%83%F0%9F%8E%B6%20 https:\/\/elboton.me\/2W8RTYI\" data-social-provider=\"whatsapp\" target=\"_blank\">Compartir con Whatsapp<\/a><\/li><\/ul><div id=\"social-copy-link\"><input id=\"social-input-copy-link\" type=\"text\" readonly=\"readonly\" value=\"https:\/\/elboton.me\/2W8RTYI\"><a class=\"social-copy-link\" href=\"#\">Copiar<\/a><\/div><\/div>\n\t\t<\/div>\n<\/p><\/div>\n<div id=\"td_synced_bigbox\" class=\"td_synced_bigbox\"><\/div>\n<div id=\"radio-track-list\" class=\"radio-track-list-container\">\n<div class=\"radio-track-list-wrapper\">\n<h2>\u00daltimas Canciones<\/h2>\n<div id=\"music-api-wrapper\"><\/div>\n<\/p><\/div>\n<\/p><\/div>\n<div class=\"alexa-skills denver\">\n\t<a href=\"https:\/\/elboton.me\/381HdOc\" target=\"_blank\" title=\"Alexa Skills\" rel=\"noopener noreferrer\"><\/p>\n<p>Escucha esta estaci\u00f3n en tu<\/p>\n<p>Amazon Alexa<\/p>\n<p>\t<\/a>\n<\/div>\n<p>\n\n\n\n\n\n\n\n\n\n\n","protected":false},"excerpt":{"rendered":"<p>denver La Suavecita 92.1 Grupera Play CompartirCompartir con FacebookCompartir con TwitterCompartir con WhatsappCopiar \u00daltimas Canciones Escucha esta estaci\u00f3n en tu Amazon Alexa<\/p>\n","protected":false},"author":14,"featured_media":1349642,"parent":0,"menu_order":0,"comment_status":"closed","ping_status":"closed","template":"custom-page-template-radio","meta":{"footnotes":""},"genre":[26],"languages":[],"internal":[553],"class_list":["post-5802","page","type-page","status-publish","has-post-thumbnail","hentry","genre-grupera","internal-suavecita","market-global"],"yoast_head":"<!-- This site is optimized with the Yoast SEO plugin v24.4 - https:\/\/yoast.com\/wordpress\/plugins\/seo\/ -->\n<title>La Suavecita - El Bot\u00f3n<\/title>\n<meta name=\"robots\" content=\"index, follow, max-snippet:-1, max-image-preview:large, max-video-preview:-1\" \/>\n<link rel=\"canonical\" href=\"https:\/\/elboton.com\/radiolasuavecita\/\" \/>\n<meta property=\"og:locale\" content=\"es_ES\" \/>\n<meta property=\"og:type\" content=\"article\" \/>\n<meta property=\"og:title\" content=\"La Suavecita - El Bot\u00f3n\" \/>\n<meta property=\"og:description\" content=\"denver La Suavecita 92.1 Grupera Play CompartirCompartir con FacebookCompartir con TwitterCompartir con WhatsappCopiar \u00daltimas Canciones Escucha esta estaci\u00f3n en tu Amazon Alexa\" \/>\n<meta property=\"og:url\" content=\"https:\/\/elboton.com\/radiolasuavecita\/\" \/>\n<meta property=\"og:site_name\" content=\"El Bot\u00f3n\" \/>\n<meta property=\"article:publisher\" content=\"https:\/\/www.facebook.com\/elbotonradio\/\" \/>\n<meta property=\"article:modified_time\" content=\"2024-03-14T21:55:33+00:00\" \/>\n<meta property=\"og:image\" content=\"https:\/\/elboton.com\/wp-content\/uploads\/sites\/6\/2024\/03\/La-Suavecita-Card-Dark-Blue.png\" \/>\n\t<meta property=\"og:image:width\" content=\"280\" \/>\n\t<meta property=\"og:image:height\" content=\"280\" \/>\n\t<meta property=\"og:image:type\" content=\"image\/png\" \/>\n<meta name=\"twitter:card\" content=\"summary_large_image\" \/>\n<meta name=\"twitter:site\" content=\"@elbotonradio\" \/>\n<meta name=\"twitter:label1\" content=\"Est. reading time\" \/>\n\t<meta name=\"twitter:data1\" content=\"5 minutos\" \/>\n<script type=\"application\/ld+json\" class=\"yoast-schema-graph\">{\"@context\":\"https:\/\/schema.org\",\"@graph\":[{\"@type\":\"WebPage\",\"@id\":\"https:\/\/elboton.com\/radiolasuavecita\/\",\"url\":\"https:\/\/elboton.com\/radiolasuavecita\/\",\"name\":\"La Suavecita - El Bot\u00f3n\",\"isPartOf\":{\"@id\":\"https:\/\/elboton.com\/los-angeles\/#website\"},\"primaryImageOfPage\":{\"@id\":\"https:\/\/elboton.com\/radiolasuavecita\/#primaryimage\"},\"image\":{\"@id\":\"https:\/\/elboton.com\/radiolasuavecita\/#primaryimage\"},\"thumbnailUrl\":\"https:\/\/elboton.com\/wp-content\/uploads\/sites\/6\/2024\/03\/La-Suavecita-Card-Dark-Blue.png\",\"datePublished\":\"2020-07-13T17:47:29+00:00\",\"dateModified\":\"2024-03-14T21:55:33+00:00\",\"breadcrumb\":{\"@id\":\"https:\/\/elboton.com\/radiolasuavecita\/#breadcrumb\"},\"inLanguage\":\"es\",\"potentialAction\":[{\"@type\":\"ReadAction\",\"target\":[\"https:\/\/elboton.com\/radiolasuavecita\/\"]}]},{\"@type\":\"ImageObject\",\"inLanguage\":\"es\",\"@id\":\"https:\/\/elboton.com\/radiolasuavecita\/#primaryimage\",\"url\":\"https:\/\/elboton.com\/wp-content\/uploads\/sites\/6\/2024\/03\/La-Suavecita-Card-Dark-Blue.png\",\"contentUrl\":\"https:\/\/elboton.com\/wp-content\/uploads\/sites\/6\/2024\/03\/La-Suavecita-Card-Dark-Blue.png\",\"width\":280,\"height\":280},{\"@type\":\"BreadcrumbList\",\"@id\":\"https:\/\/elboton.com\/radiolasuavecita\/#breadcrumb\",\"itemListElement\":[{\"@type\":\"ListItem\",\"position\":1,\"name\":\"Home\",\"item\":\"https:\/\/elboton.com\/los-angeles\/\"},{\"@type\":\"ListItem\",\"position\":2,\"name\":\"La Suavecita\"}]},{\"@type\":\"WebSite\",\"@id\":\"https:\/\/elboton.com\/los-angeles\/#website\",\"url\":\"https:\/\/elboton.com\/los-angeles\/\",\"name\":\"El Bot\u00f3n\",\"description\":\"Toda la m\u00fasica latina y los mejores podcasts en espa\u00f1ol.\",\"publisher\":{\"@id\":\"https:\/\/elboton.com\/los-angeles\/#organization\"},\"potentialAction\":[{\"@type\":\"SearchAction\",\"target\":{\"@type\":\"EntryPoint\",\"urlTemplate\":\"https:\/\/elboton.com\/los-angeles\/?s={search_term_string}\"},\"query-input\":{\"@type\":\"PropertyValueSpecification\",\"valueRequired\":true,\"valueName\":\"search_term_string\"}}],\"inLanguage\":\"es\"},{\"@type\":\"Organization\",\"@id\":\"https:\/\/elboton.com\/los-angeles\/#organization\",\"name\":\"Entravision\",\"url\":\"https:\/\/elboton.com\/los-angeles\/\",\"logo\":{\"@type\":\"ImageObject\",\"inLanguage\":\"es\",\"@id\":\"https:\/\/elboton.com\/los-angeles\/#\/schema\/logo\/image\/\",\"url\":\"https:\/\/elboton.com\/wp-content\/uploads\/sites\/6\/2023\/10\/evc-e.png\",\"contentUrl\":\"https:\/\/elboton.com\/wp-content\/uploads\/sites\/6\/2023\/10\/evc-e.png\",\"width\":255,\"height\":208,\"caption\":\"Entravision\"},\"image\":{\"@id\":\"https:\/\/elboton.com\/los-angeles\/#\/schema\/logo\/image\/\"},\"sameAs\":[\"https:\/\/www.facebook.com\/elbotonradio\/\",\"https:\/\/x.com\/elbotonradio\",\"https:\/\/www.tiktok.com\/@elbotonmusica?lang=es\",\"https:\/\/www.instagram.com\/elbotonradio\/\"]}]}<\/script>\n<!-- \/ Yoast SEO plugin. -->","yoast_head_json":{"title":"La Suavecita - El Bot\u00f3n","robots":{"index":"index","follow":"follow","max-snippet":"max-snippet:-1","max-image-preview":"max-image-preview:large","max-video-preview":"max-video-preview:-1"},"canonical":"https:\/\/elboton.com\/radiolasuavecita\/","og_locale":"es_ES","og_type":"article","og_title":"La Suavecita - El Bot\u00f3n","og_description":"denver La Suavecita 92.1 Grupera Play CompartirCompartir con FacebookCompartir con TwitterCompartir con WhatsappCopiar \u00daltimas Canciones Escucha esta estaci\u00f3n en tu Amazon Alexa","og_url":"https:\/\/elboton.com\/radiolasuavecita\/","og_site_name":"El Bot\u00f3n","article_publisher":"https:\/\/www.facebook.com\/elbotonradio\/","article_modified_time":"2024-03-14T21:55:33+00:00","og_image":[{"width":280,"height":280,"url":"https:\/\/elboton.com\/wp-content\/uploads\/sites\/6\/2024\/03\/La-Suavecita-Card-Dark-Blue.png","type":"image\/png"}],"twitter_card":"summary_large_image","twitter_site":"@elbotonradio","twitter_misc":{"Est. reading time":"5 minutos"},"schema":{"@context":"https:\/\/schema.org","@graph":[{"@type":"WebPage","@id":"https:\/\/elboton.com\/radiolasuavecita\/","url":"https:\/\/elboton.com\/radiolasuavecita\/","name":"La Suavecita - El Bot\u00f3n","isPartOf":{"@id":"https:\/\/elboton.com\/los-angeles\/#website"},"primaryImageOfPage":{"@id":"https:\/\/elboton.com\/radiolasuavecita\/#primaryimage"},"image":{"@id":"https:\/\/elboton.com\/radiolasuavecita\/#primaryimage"},"thumbnailUrl":"https:\/\/elboton.com\/wp-content\/uploads\/sites\/6\/2024\/03\/La-Suavecita-Card-Dark-Blue.png","datePublished":"2020-07-13T17:47:29+00:00","dateModified":"2024-03-14T21:55:33+00:00","breadcrumb":{"@id":"https:\/\/elboton.com\/radiolasuavecita\/#breadcrumb"},"inLanguage":"es","potentialAction":[{"@type":"ReadAction","target":["https:\/\/elboton.com\/radiolasuavecita\/"]}]},{"@type":"ImageObject","inLanguage":"es","@id":"https:\/\/elboton.com\/radiolasuavecita\/#primaryimage","url":"https:\/\/elboton.com\/wp-content\/uploads\/sites\/6\/2024\/03\/La-Suavecita-Card-Dark-Blue.png","contentUrl":"https:\/\/elboton.com\/wp-content\/uploads\/sites\/6\/2024\/03\/La-Suavecita-Card-Dark-Blue.png","width":280,"height":280},{"@type":"BreadcrumbList","@id":"https:\/\/elboton.com\/radiolasuavecita\/#breadcrumb","itemListElement":[{"@type":"ListItem","position":1,"name":"Home","item":"https:\/\/elboton.com\/los-angeles\/"},{"@type":"ListItem","position":2,"name":"La Suavecita"}]},{"@type":"WebSite","@id":"https:\/\/elboton.com\/los-angeles\/#website","url":"https:\/\/elboton.com\/los-angeles\/","name":"El Bot\u00f3n","description":"Toda la m\u00fasica latina y los mejores podcasts en espa\u00f1ol.","publisher":{"@id":"https:\/\/elboton.com\/los-angeles\/#organization"},"potentialAction":[{"@type":"SearchAction","target":{"@type":"EntryPoint","urlTemplate":"https:\/\/elboton.com\/los-angeles\/?s={search_term_string}"},"query-input":{"@type":"PropertyValueSpecification","valueRequired":true,"valueName":"search_term_string"}}],"inLanguage":"es"},{"@type":"Organization","@id":"https:\/\/elboton.com\/los-angeles\/#organization","name":"Entravision","url":"https:\/\/elboton.com\/los-angeles\/","logo":{"@type":"ImageObject","inLanguage":"es","@id":"https:\/\/elboton.com\/los-angeles\/#\/schema\/logo\/image\/","url":"https:\/\/elboton.com\/wp-content\/uploads\/sites\/6\/2023\/10\/evc-e.png","contentUrl":"https:\/\/elboton.com\/wp-content\/uploads\/sites\/6\/2023\/10\/evc-e.png","width":255,"height":208,"caption":"Entravision"},"image":{"@id":"https:\/\/elboton.com\/los-angeles\/#\/schema\/logo\/image\/"},"sameAs":["https:\/\/www.facebook.com\/elbotonradio\/","https:\/\/x.com\/elbotonradio","https:\/\/www.tiktok.com\/@elbotonmusica?lang=es","https:\/\/www.instagram.com\/elbotonradio\/"]}]}},"parsely":{"version":"1.1.0","canonical_url":"https:\/\/elboton.com\/denver\/radiolasuavecita\/","smart_links":{"inbound":0,"outbound":0},"traffic_boost_suggestions_count":0,"meta":{"@context":"https:\/\/schema.org","@type":"WebPage","headline":"La Suavecita","url":"http:\/\/elboton.com\/denver\/radiolasuavecita\/","mainEntityOfPage":{"@type":"WebPage","@id":"http:\/\/elboton.com\/denver\/radiolasuavecita\/"},"thumbnailUrl":"https:\/\/elboton.com\/wp-content\/uploads\/sites\/6\/2024\/03\/La-Suavecita-Card-Dark-Blue.png?w=150&h=150&crop=1","image":{"@type":"ImageObject","url":"https:\/\/elboton.com\/wp-content\/uploads\/sites\/6\/2024\/03\/La-Suavecita-Card-Dark-Blue.png"},"articleSection":"Uncategorized","author":[{"@type":"Person","name":"agomez"}],"creator":["agomez"],"publisher":{"@type":"Organization","name":"El Bot\u00f3n","logo":""},"keywords":[],"dateCreated":"2020-07-13T17:47:29Z","datePublished":"2020-07-13T17:47:29Z","dateModified":"2024-03-14T21:55:33Z"},"rendered":"<script type=\"application\/ld+json\" class=\"wp-parsely-metadata\">{\"@context\":\"https:\\\/\\\/schema.org\",\"@type\":\"WebPage\",\"headline\":\"La Suavecita\",\"url\":\"http:\\\/\\\/elboton.com\\\/denver\\\/radiolasuavecita\\\/\",\"mainEntityOfPage\":{\"@type\":\"WebPage\",\"@id\":\"http:\\\/\\\/elboton.com\\\/denver\\\/radiolasuavecita\\\/\"},\"thumbnailUrl\":\"https:\\\/\\\/elboton.com\\\/wp-content\\\/uploads\\\/sites\\\/6\\\/2024\\\/03\\\/La-Suavecita-Card-Dark-Blue.png?w=150&h=150&crop=1\",\"image\":{\"@type\":\"ImageObject\",\"url\":\"https:\\\/\\\/elboton.com\\\/wp-content\\\/uploads\\\/sites\\\/6\\\/2024\\\/03\\\/La-Suavecita-Card-Dark-Blue.png\"},\"articleSection\":\"Uncategorized\",\"author\":[{\"@type\":\"Person\",\"name\":\"agomez\"}],\"creator\":[\"agomez\"],\"publisher\":{\"@type\":\"Organization\",\"name\":\"El Bot\\u00f3n\",\"logo\":\"\"},\"keywords\":[],\"dateCreated\":\"2020-07-13T17:47:29Z\",\"datePublished\":\"2020-07-13T17:47:29Z\",\"dateModified\":\"2024-03-14T21:55:33Z\"}<\/script>","tracker_url":"https:\/\/cdn.parsely.com\/keys\/elboton.com\/p.js"},"jetpack_sharing_enabled":true,"_links":{"self":[{"href":"https:\/\/elboton.com\/denver\/wp-json\/wp\/v2\/pages\/5802","targetHints":{"allow":["GET"]}}],"collection":[{"href":"https:\/\/elboton.com\/denver\/wp-json\/wp\/v2\/pages"}],"about":[{"href":"https:\/\/elboton.com\/denver\/wp-json\/wp\/v2\/types\/page"}],"author":[{"embeddable":true,"href":"https:\/\/elboton.com\/denver\/wp-json\/wp\/v2\/users\/14"}],"replies":[{"embeddable":true,"href":"https:\/\/elboton.com\/denver\/wp-json\/wp\/v2\/comments?post=5802"}],"version-history":[{"count":65,"href":"https:\/\/elboton.com\/denver\/wp-json\/wp\/v2\/pages\/5802\/revisions"}],"predecessor-version":[{"id":1352246,"href":"https:\/\/elboton.com\/denver\/wp-json\/wp\/v2\/pages\/5802\/revisions\/1352246"}],"wp:featuredmedia":[{"embeddable":true,"href":"https:\/\/elboton.com\/denver\/wp-json\/wp\/v2\/media\/1349642"}],"wp:attachment":[{"href":"https:\/\/elboton.com\/denver\/wp-json\/wp\/v2\/media?parent=5802"}],"wp:term":[{"taxonomy":"genre","embeddable":true,"href":"https:\/\/elboton.com\/denver\/wp-json\/wp\/v2\/genre?post=5802"},{"taxonomy":"languages","embeddable":true,"href":"https:\/\/elboton.com\/denver\/wp-json\/wp\/v2\/languages?post=5802"},{"taxonomy":"internal","embeddable":true,"href":"https:\/\/elboton.com\/denver\/wp-json\/wp\/v2\/internal?post=5802"}],"curies":[{"name":"wp","href":"https:\/\/api.w.org\/{rel}","templated":true}]}}