{"id":1319523,"date":"2021-06-29T09:25:03","date_gmt":"2021-06-29T16:25:03","guid":{"rendered":"https:\/\/elboton.com\/?page_id=1319523"},"modified":"2024-06-11T12:54:51","modified_gmt":"2024-06-11T19:54:51","slug":"como-escucharnos","status":"publish","type":"page","link":"https:\/\/elboton.com\/landing\/como-escucharnos\/","title":{"rendered":"C\u00f3mo Escucharnos"},"content":{"rendered":"<h3>Esc\u00fachanos donde quieras<\/h3>\n<p class=\"top\">Ll\u00e9vanos a donde quieras y c\u00f3mo quieras. Hay varias maneras de escucharnos. Estamos donde est\u00e1s, con toda la m\u00fasica y tus locutores favoritos en un solo lugar.<\/p>\n<p><!-- \n\n<p class=\"elboton-logo\">\n<\/p>\n\n --><\/p>\n<p class=\"border-bottom desktop\">\n<section class=\"como-escucharnos-celular\">\n<h3 class=\"desktop\">En tu celular<\/h3>\n<div>\n\t<a class=\"stores ios\" href=\"https:\/\/apps.apple.com\/us\/app\/el-bot%C3%B3n\/id1564318543\" target=\"_blank\" title=\"Apple Store\" rel=\"noopener noreferrer\"><br \/>\n\t\t<img decoding=\"async\" src=\"https:\/\/wordpress-vip.entravision.com\/wp-content\/themes\/entravision-chameleon\/data\/sites\/elboton\/img\/como-escucharnos\/AppleStoreBadge@2x.png\"><br \/>\n\t<\/a><br \/>\n\t<a class=\"stores android\" href=\"https:\/\/play.google.com\/store\/apps\/details?id=com.appelboton\" target=\"_blank\" title=\"Play Store\" rel=\"noopener noreferrer\"><br \/>\n\t\t<img decoding=\"async\" src=\"https:\/\/wordpress-vip.entravision.com\/wp-content\/themes\/entravision-chameleon\/data\/sites\/elboton\/img\/como-escucharnos\/playstore.png\"><br \/>\n\t<\/a><br \/>\n\t<span class=\"scan\">Escanea para descargar la app<\/span><br \/>\n\t<a class=\"stores qr\" href=\"javascript:;\" title=\"QR\" rel=\"noopener noreferrer\"><br \/>\n\t\t<img decoding=\"async\" src=\"https:\/\/elboton.com\/wp-content\/uploads\/sites\/6\/2023\/03\/Descarga-app-el-boton-llejtu9g_qr_code.png\"><br \/>\n\t<\/a>\n<\/div>\n<\/section>\n<section class=\"como-escucharnos-alexa\">\n<p class=\"border-bottom\">\n<h3>En tus dispositivos habilitados con Alexa:<\/h3>\n<div>\n<p class=\"maxwidth\">OJO: Recuerda que debes activar el skill antes de poder ped\u00edrselo a Alexa.<\/p>\n<p><!-- \n\n<p><strong>Aprende a instalar una skill <a href=\"javascript:;\" class=\"anchor-text\">aqu\u00ed.<\/a><\/strong><\/p>\n\n --><\/p>\n<p class=\"maxwidth\">Todas nuestras estaciones est\u00e1n disponibles para escuchar.<\/p>\n<p><a class=\"stores alexa-one\" href=\"javascript:;\" title=\"Alexa\"><img decoding=\"async\" src=\"https:\/\/wordpress-vip.entravision.com\/wp-content\/themes\/entravision-chameleon\/data\/sites\/elboton\/img\/como-escucharnos\/JustAskAlexa@3x.png\"><\/a><\/p>\n<div class=\"desktop screens\"><img decoding=\"async\" src=\"https:\/\/wordpress-vip.entravision.com\/wp-content\/themes\/entravision-chameleon\/data\/sites\/elboton\/img\/como-escucharnos\/pantallas.png\"><\/div>\n<p class=\"desktop center\">O puedes instalar las Skills manualmente desde la app de Amazon Alexa.<\/p>\n<div><a class=\"stores\" href=\"javascript:;\" title=\"Alexa\"><img decoding=\"async\" src=\"https:\/\/wordpress-vip.entravision.com\/wp-content\/themes\/entravision-chameleon\/data\/sites\/elboton\/img\/como-escucharnos\/Echo-Dot-Glacier-White-Side@3x.png\"><\/a><a class=\"stores\" href=\"javascript:;\" title=\"Alexa\"><img decoding=\"async\" src=\"https:\/\/wordpress-vip.entravision.com\/wp-content\/themes\/entravision-chameleon\/data\/sites\/elboton\/img\/como-escucharnos\/EchoSpotWhite@2x.png\"><\/a><\/div>\n<p class=\"border-bottom\">El uso de nuestros skills no est\u00e1n sujetos a estos dispositivos.<\/p>\n<\/div>\n<\/section>\n<section class=\"como-escucharnos-otros\">\n<h3>Tambi\u00e9n puedes escuchar nuestras estaciones de radio en estas otras aplicaciones:<\/h3>\n<div>\n\t<a class=\"stores\" href=\"https:\/\/go.audacy.com\/entravision-stations\" target=\"_blank\" title=\"Audacy\" rel=\"noopener\"><br \/>\n\t\t<img decoding=\"async\" src=\"https:\/\/wordpress-vip.entravision.com\/wp-content\/themes\/entravision-chameleon\/data\/sites\/elboton\/img\/como-escucharnos\/AUD_Listen_badge_navy@3x.png\"><br \/>\n\t<\/a>\n<\/div>\n<p class=\"border-bottom\">\n<h3>Tambi\u00e9n puedes escuchar nuestras estaciones de radio en estas otras aplicaciones:<\/h3>\n<div>\n\t<a class=\"stores tunein\" href=\"https:\/\/tunein.com\/radio\/Retransmitir-Entravision-c100004093\/\" target=\"_blank\" title=\"TuenIn\" rel=\"noopener noreferrer\"><br \/>\n\t\t<img decoding=\"async\" src=\"https:\/\/wordpress-vip.entravision.com\/wp-content\/themes\/entravision-chameleon\/data\/sites\/elboton\/img\/como-escucharnos\/TuneInBadge@2x.png\"><br \/>\n\t<\/a><\/p>\n<div class=\"desktop\">\n\t\t<img decoding=\"async\" src=\"https:\/\/wordpress-vip.entravision.com\/wp-content\/themes\/entravision-chameleon\/data\/sites\/elboton\/img\/como-escucharnos\/screenfuego.jpg\"><br \/>\n\t\t<img decoding=\"async\" src=\"https:\/\/wordpress-vip.entravision.com\/wp-content\/themes\/entravision-chameleon\/data\/sites\/elboton\/img\/como-escucharnos\/screenwolf.jpg\">\n\t<\/div>\n<\/div>\n<p class=\"border-bottom\">\n<h3>Tambi\u00e9n puedes escuchar nuestras estaciones de radio en estas otras aplicaciones:<\/h3>\n<div>\n\t<a class=\"stores\" href=\"https:\/\/www.iheart.com\/\" target=\"_blank\" title=\"iHeart Radio\" rel=\"noopener noreferrer\"><br \/>\n\t\t<img decoding=\"async\" src=\"https:\/\/wordpress-vip.entravision.com\/wp-content\/themes\/entravision-chameleon\/data\/sites\/elboton\/img\/como-escucharnos\/iHeartRadioBadge@3x.png\"><br \/>\n\t<\/a>\n<\/div>\n<\/section>\n","protected":false},"excerpt":{"rendered":"<p>Esc\u00fachanos donde quieras Ll\u00e9vanos a donde quieras y c\u00f3mo quieras. Hay varias maneras de escucharnos. Estamos donde est\u00e1s, con toda la m\u00fasica y tus locutores favoritos en un solo lugar. En tu celular Escanea para descargar la app En tus dispositivos habilitados con Alexa: OJO: Recuerda que debes activar el skill antes de poder ped\u00edrselo [&hellip;]<\/p>\n","protected":false},"author":14,"featured_media":1319524,"parent":0,"menu_order":0,"comment_status":"closed","ping_status":"closed","template":"","meta":{"footnotes":""},"genre":[],"languages":[],"internal":[],"class_list":["post-1319523","page","type-page","status-publish","has-post-thumbnail","hentry","market-global"],"yoast_head":"<!-- This site is optimized with the Yoast SEO plugin v24.4 - https:\/\/yoast.com\/wordpress\/plugins\/seo\/ -->\n<title>C\u00f3mo Escucharnos - El Bot\u00f3n<\/title>\n<meta name=\"robots\" content=\"index, follow, max-snippet:-1, max-image-preview:large, max-video-preview:-1\" \/>\n<link rel=\"canonical\" href=\"https:\/\/elboton.com\/como-escucharnos\/\" \/>\n<meta property=\"og:locale\" content=\"es_ES\" \/>\n<meta property=\"og:type\" content=\"article\" \/>\n<meta property=\"og:title\" content=\"C\u00f3mo Escucharnos - El Bot\u00f3n\" \/>\n<meta property=\"og:description\" content=\"Esc\u00fachanos donde quieras Ll\u00e9vanos a donde quieras y c\u00f3mo quieras. Hay varias maneras de escucharnos. Estamos donde est\u00e1s, con toda la m\u00fasica y tus locutores favoritos en un solo lugar. En tu celular Escanea para descargar la app En tus dispositivos habilitados con Alexa: OJO: Recuerda que debes activar el skill antes de poder ped\u00edrselo [&hellip;]\" \/>\n<meta property=\"og:url\" content=\"https:\/\/elboton.com\/como-escucharnos\/\" \/>\n<meta property=\"og:site_name\" content=\"El Bot\u00f3n\" \/>\n<meta property=\"article:publisher\" content=\"https:\/\/www.facebook.com\/elbotonradio\/\" \/>\n<meta property=\"article:modified_time\" content=\"2024-06-11T19:54:51+00:00\" \/>\n<meta property=\"og:image\" content=\"https:\/\/elboton.com\/wp-content\/uploads\/sites\/6\/2021\/06\/AppIcon-Square@3x.png\" \/>\n\t<meta property=\"og:image:width\" content=\"306\" \/>\n\t<meta property=\"og:image:height\" content=\"306\" \/>\n\t<meta property=\"og:image:type\" content=\"image\/png\" \/>\n<meta name=\"twitter:card\" content=\"summary_large_image\" \/>\n<meta name=\"twitter:site\" content=\"@elbotonradio\" \/>\n<meta name=\"twitter:label1\" content=\"Est. reading time\" \/>\n\t<meta name=\"twitter:data1\" content=\"4 minutos\" \/>\n<script type=\"application\/ld+json\" class=\"yoast-schema-graph\">{\"@context\":\"https:\/\/schema.org\",\"@graph\":[{\"@type\":\"WebPage\",\"@id\":\"https:\/\/elboton.com\/como-escucharnos\/\",\"url\":\"https:\/\/elboton.com\/como-escucharnos\/\",\"name\":\"C\u00f3mo Escucharnos - El Bot\u00f3n\",\"isPartOf\":{\"@id\":\"https:\/\/elboton.com\/los-angeles\/#website\"},\"primaryImageOfPage\":{\"@id\":\"https:\/\/elboton.com\/como-escucharnos\/#primaryimage\"},\"image\":{\"@id\":\"https:\/\/elboton.com\/como-escucharnos\/#primaryimage\"},\"thumbnailUrl\":\"https:\/\/elboton.com\/wp-content\/uploads\/sites\/6\/2021\/06\/AppIcon-Square@3x.png\",\"datePublished\":\"2021-06-29T16:25:03+00:00\",\"dateModified\":\"2024-06-11T19:54:51+00:00\",\"breadcrumb\":{\"@id\":\"https:\/\/elboton.com\/como-escucharnos\/#breadcrumb\"},\"inLanguage\":\"es\",\"potentialAction\":[{\"@type\":\"ReadAction\",\"target\":[\"https:\/\/elboton.com\/como-escucharnos\/\"]}]},{\"@type\":\"ImageObject\",\"inLanguage\":\"es\",\"@id\":\"https:\/\/elboton.com\/como-escucharnos\/#primaryimage\",\"url\":\"https:\/\/elboton.com\/wp-content\/uploads\/sites\/6\/2021\/06\/AppIcon-Square@3x.png\",\"contentUrl\":\"https:\/\/elboton.com\/wp-content\/uploads\/sites\/6\/2021\/06\/AppIcon-Square@3x.png\",\"width\":306,\"height\":306},{\"@type\":\"BreadcrumbList\",\"@id\":\"https:\/\/elboton.com\/como-escucharnos\/#breadcrumb\",\"itemListElement\":[{\"@type\":\"ListItem\",\"position\":1,\"name\":\"Home\",\"item\":\"https:\/\/elboton.com\/los-angeles\/\"},{\"@type\":\"ListItem\",\"position\":2,\"name\":\"C\u00f3mo Escucharnos\"}]},{\"@type\":\"WebSite\",\"@id\":\"https:\/\/elboton.com\/los-angeles\/#website\",\"url\":\"https:\/\/elboton.com\/los-angeles\/\",\"name\":\"El Bot\u00f3n\",\"description\":\"Toda la m\u00fasica latina y los mejores podcasts en espa\u00f1ol.\",\"publisher\":{\"@id\":\"https:\/\/elboton.com\/los-angeles\/#organization\"},\"potentialAction\":[{\"@type\":\"SearchAction\",\"target\":{\"@type\":\"EntryPoint\",\"urlTemplate\":\"https:\/\/elboton.com\/los-angeles\/?s={search_term_string}\"},\"query-input\":{\"@type\":\"PropertyValueSpecification\",\"valueRequired\":true,\"valueName\":\"search_term_string\"}}],\"inLanguage\":\"es\"},{\"@type\":\"Organization\",\"@id\":\"https:\/\/elboton.com\/los-angeles\/#organization\",\"name\":\"Entravision\",\"url\":\"https:\/\/elboton.com\/los-angeles\/\",\"logo\":{\"@type\":\"ImageObject\",\"inLanguage\":\"es\",\"@id\":\"https:\/\/elboton.com\/los-angeles\/#\/schema\/logo\/image\/\",\"url\":\"https:\/\/elboton.com\/wp-content\/uploads\/sites\/6\/2023\/10\/evc-e.png\",\"contentUrl\":\"https:\/\/elboton.com\/wp-content\/uploads\/sites\/6\/2023\/10\/evc-e.png\",\"width\":255,\"height\":208,\"caption\":\"Entravision\"},\"image\":{\"@id\":\"https:\/\/elboton.com\/los-angeles\/#\/schema\/logo\/image\/\"},\"sameAs\":[\"https:\/\/www.facebook.com\/elbotonradio\/\",\"https:\/\/x.com\/elbotonradio\",\"https:\/\/www.tiktok.com\/@elbotonmusica?lang=es\",\"https:\/\/www.instagram.com\/elbotonradio\/\"]}]}<\/script>\n<!-- \/ Yoast SEO plugin. -->","yoast_head_json":{"title":"C\u00f3mo Escucharnos - El Bot\u00f3n","robots":{"index":"index","follow":"follow","max-snippet":"max-snippet:-1","max-image-preview":"max-image-preview:large","max-video-preview":"max-video-preview:-1"},"canonical":"https:\/\/elboton.com\/como-escucharnos\/","og_locale":"es_ES","og_type":"article","og_title":"C\u00f3mo Escucharnos - El Bot\u00f3n","og_description":"Esc\u00fachanos donde quieras Ll\u00e9vanos a donde quieras y c\u00f3mo quieras. Hay varias maneras de escucharnos. Estamos donde est\u00e1s, con toda la m\u00fasica y tus locutores favoritos en un solo lugar. En tu celular Escanea para descargar la app En tus dispositivos habilitados con Alexa: OJO: Recuerda que debes activar el skill antes de poder ped\u00edrselo [&hellip;]","og_url":"https:\/\/elboton.com\/como-escucharnos\/","og_site_name":"El Bot\u00f3n","article_publisher":"https:\/\/www.facebook.com\/elbotonradio\/","article_modified_time":"2024-06-11T19:54:51+00:00","og_image":[{"width":306,"height":306,"url":"https:\/\/elboton.com\/wp-content\/uploads\/sites\/6\/2021\/06\/AppIcon-Square@3x.png","type":"image\/png"}],"twitter_card":"summary_large_image","twitter_site":"@elbotonradio","twitter_misc":{"Est. reading time":"4 minutos"},"schema":{"@context":"https:\/\/schema.org","@graph":[{"@type":"WebPage","@id":"https:\/\/elboton.com\/como-escucharnos\/","url":"https:\/\/elboton.com\/como-escucharnos\/","name":"C\u00f3mo Escucharnos - El Bot\u00f3n","isPartOf":{"@id":"https:\/\/elboton.com\/los-angeles\/#website"},"primaryImageOfPage":{"@id":"https:\/\/elboton.com\/como-escucharnos\/#primaryimage"},"image":{"@id":"https:\/\/elboton.com\/como-escucharnos\/#primaryimage"},"thumbnailUrl":"https:\/\/elboton.com\/wp-content\/uploads\/sites\/6\/2021\/06\/AppIcon-Square@3x.png","datePublished":"2021-06-29T16:25:03+00:00","dateModified":"2024-06-11T19:54:51+00:00","breadcrumb":{"@id":"https:\/\/elboton.com\/como-escucharnos\/#breadcrumb"},"inLanguage":"es","potentialAction":[{"@type":"ReadAction","target":["https:\/\/elboton.com\/como-escucharnos\/"]}]},{"@type":"ImageObject","inLanguage":"es","@id":"https:\/\/elboton.com\/como-escucharnos\/#primaryimage","url":"https:\/\/elboton.com\/wp-content\/uploads\/sites\/6\/2021\/06\/AppIcon-Square@3x.png","contentUrl":"https:\/\/elboton.com\/wp-content\/uploads\/sites\/6\/2021\/06\/AppIcon-Square@3x.png","width":306,"height":306},{"@type":"BreadcrumbList","@id":"https:\/\/elboton.com\/como-escucharnos\/#breadcrumb","itemListElement":[{"@type":"ListItem","position":1,"name":"Home","item":"https:\/\/elboton.com\/los-angeles\/"},{"@type":"ListItem","position":2,"name":"C\u00f3mo Escucharnos"}]},{"@type":"WebSite","@id":"https:\/\/elboton.com\/los-angeles\/#website","url":"https:\/\/elboton.com\/los-angeles\/","name":"El Bot\u00f3n","description":"Toda la m\u00fasica latina y los mejores podcasts en espa\u00f1ol.","publisher":{"@id":"https:\/\/elboton.com\/los-angeles\/#organization"},"potentialAction":[{"@type":"SearchAction","target":{"@type":"EntryPoint","urlTemplate":"https:\/\/elboton.com\/los-angeles\/?s={search_term_string}"},"query-input":{"@type":"PropertyValueSpecification","valueRequired":true,"valueName":"search_term_string"}}],"inLanguage":"es"},{"@type":"Organization","@id":"https:\/\/elboton.com\/los-angeles\/#organization","name":"Entravision","url":"https:\/\/elboton.com\/los-angeles\/","logo":{"@type":"ImageObject","inLanguage":"es","@id":"https:\/\/elboton.com\/los-angeles\/#\/schema\/logo\/image\/","url":"https:\/\/elboton.com\/wp-content\/uploads\/sites\/6\/2023\/10\/evc-e.png","contentUrl":"https:\/\/elboton.com\/wp-content\/uploads\/sites\/6\/2023\/10\/evc-e.png","width":255,"height":208,"caption":"Entravision"},"image":{"@id":"https:\/\/elboton.com\/los-angeles\/#\/schema\/logo\/image\/"},"sameAs":["https:\/\/www.facebook.com\/elbotonradio\/","https:\/\/x.com\/elbotonradio","https:\/\/www.tiktok.com\/@elbotonmusica?lang=es","https:\/\/www.instagram.com\/elbotonradio\/"]}]}},"parsely":{"version":"1.1.0","canonical_url":"https:\/\/elboton.com\/landing\/como-escucharnos\/","smart_links":{"inbound":0,"outbound":0},"traffic_boost_suggestions_count":0,"meta":{"@context":"https:\/\/schema.org","@type":"WebPage","headline":"C\u00f3mo Escucharnos","url":"http:\/\/elboton.com\/landing\/como-escucharnos\/","mainEntityOfPage":{"@type":"WebPage","@id":"http:\/\/elboton.com\/landing\/como-escucharnos\/"},"thumbnailUrl":"https:\/\/elboton.com\/wp-content\/uploads\/sites\/6\/2021\/06\/AppIcon-Square@3x.png?w=150&h=150&crop=1","image":{"@type":"ImageObject","url":"https:\/\/elboton.com\/wp-content\/uploads\/sites\/6\/2021\/06\/AppIcon-Square@3x.png"},"articleSection":"Uncategorized","author":[{"@type":"Person","name":"agomez"}],"creator":["agomez"],"publisher":{"@type":"Organization","name":"El Bot\u00f3n","logo":""},"keywords":[],"dateCreated":"2021-06-29T16:25:03Z","datePublished":"2021-06-29T16:25:03Z","dateModified":"2024-06-11T19:54:51Z"},"rendered":"<script type=\"application\/ld+json\" class=\"wp-parsely-metadata\">{\"@context\":\"https:\\\/\\\/schema.org\",\"@type\":\"WebPage\",\"headline\":\"C\\u00f3mo Escucharnos\",\"url\":\"http:\\\/\\\/elboton.com\\\/landing\\\/como-escucharnos\\\/\",\"mainEntityOfPage\":{\"@type\":\"WebPage\",\"@id\":\"http:\\\/\\\/elboton.com\\\/landing\\\/como-escucharnos\\\/\"},\"thumbnailUrl\":\"https:\\\/\\\/elboton.com\\\/wp-content\\\/uploads\\\/sites\\\/6\\\/2021\\\/06\\\/AppIcon-Square@3x.png?w=150&h=150&crop=1\",\"image\":{\"@type\":\"ImageObject\",\"url\":\"https:\\\/\\\/elboton.com\\\/wp-content\\\/uploads\\\/sites\\\/6\\\/2021\\\/06\\\/AppIcon-Square@3x.png\"},\"articleSection\":\"Uncategorized\",\"author\":[{\"@type\":\"Person\",\"name\":\"agomez\"}],\"creator\":[\"agomez\"],\"publisher\":{\"@type\":\"Organization\",\"name\":\"El Bot\\u00f3n\",\"logo\":\"\"},\"keywords\":[],\"dateCreated\":\"2021-06-29T16:25:03Z\",\"datePublished\":\"2021-06-29T16:25:03Z\",\"dateModified\":\"2024-06-11T19:54:51Z\"}<\/script>","tracker_url":"https:\/\/cdn.parsely.com\/keys\/elboton.com\/p.js"},"jetpack_sharing_enabled":true,"_links":{"self":[{"href":"https:\/\/elboton.com\/landing\/wp-json\/wp\/v2\/pages\/1319523","targetHints":{"allow":["GET"]}}],"collection":[{"href":"https:\/\/elboton.com\/landing\/wp-json\/wp\/v2\/pages"}],"about":[{"href":"https:\/\/elboton.com\/landing\/wp-json\/wp\/v2\/types\/page"}],"author":[{"embeddable":true,"href":"https:\/\/elboton.com\/landing\/wp-json\/wp\/v2\/users\/14"}],"replies":[{"embeddable":true,"href":"https:\/\/elboton.com\/landing\/wp-json\/wp\/v2\/comments?post=1319523"}],"version-history":[{"count":17,"href":"https:\/\/elboton.com\/landing\/wp-json\/wp\/v2\/pages\/1319523\/revisions"}],"predecessor-version":[{"id":1350358,"href":"https:\/\/elboton.com\/landing\/wp-json\/wp\/v2\/pages\/1319523\/revisions\/1350358"}],"wp:featuredmedia":[{"embeddable":true,"href":"https:\/\/elboton.com\/landing\/wp-json\/wp\/v2\/media\/1319524"}],"wp:attachment":[{"href":"https:\/\/elboton.com\/landing\/wp-json\/wp\/v2\/media?parent=1319523"}],"wp:term":[{"taxonomy":"genre","embeddable":true,"href":"https:\/\/elboton.com\/landing\/wp-json\/wp\/v2\/genre?post=1319523"},{"taxonomy":"languages","embeddable":true,"href":"https:\/\/elboton.com\/landing\/wp-json\/wp\/v2\/languages?post=1319523"},{"taxonomy":"internal","embeddable":true,"href":"https:\/\/elboton.com\/landing\/wp-json\/wp\/v2\/internal?post=1319523"}],"curies":[{"name":"wp","href":"https:\/\/api.w.org\/{rel}","templated":true}]}}