{"id":1349950,"date":"2024-04-03T10:26:40","date_gmt":"2024-04-03T17:26:40","guid":{"rendered":"https:\/\/elboton.com\/?page_id=1349950"},"modified":"2024-04-10T11:30:31","modified_gmt":"2024-04-10T18:30:31","slug":"laplebona","status":"publish","type":"page","link":"https:\/\/elboton.com\/landing\/laplebona\/","title":{"rendered":"La Plebona"},"content":{"rendered":"<div id=\"player_origin\" class=\"radio-player-container\">\n<div class=\"player-cover\">\n\t\t\t<img decoding=\"async\" src=\"https:\/\/elboton.com\/wp-content\/uploads\/sites\/6\/2024\/04\/La-Plebona-Logo-Radio-internal.png\" alt=\"\" \/>\n\t\t<\/div>\n<div id=\"radio-player-status\" class=\"\"><\/div>\n<div class=\"radio-info v3\">\n<div class=\"radio-info-wrapper\">\n<div class=\"radio-player-features\">\n<p id=\"td-radio-title\" class=\"radio-player-title\">Corridos Tumbados y +<\/p>\n<p id=\"td-track-title\" class=\"radio-player-title\">\n<p class=\"radio-player-info\">La Plebona<\/p>\n<\/p><\/div>\n<a href=\"javascript:void(0)\" id=\"td-button-player\" class=\"td-uniplayer-control\" data-station=\"TORTSAM_S01\" data-title=\"Corridos Tumbados y +\" data-poster=\"https:\/\/elboton.com\/wp-content\/uploads\/sites\/6\/2024\/04\/La-Plebona-Card-Dark-Blue.png\" data-triton-thepermalink=\"https:\/\/elboton.com\/landing\/laplebona\/\" data-type=\"type_playlist\"> Play <div style=\"display: none;\" class=\"player-loader center\"><span><\/span><\/div><\/a><\/div>\n<\/p><\/div>\n<\/div>\n<div class=\"radio-info\">\n<div class=\"radio-info-wrapper\">\n\t\t<div class=\"social-share\"><button role=\"switch\">Share<\/button><ul><li class=\"social-share-facebook\"><a href=\"https:\/\/www.facebook.com\/dialog\/share?app_id=194671771969828&#038;display=popup&#038;href=https%3A%2F%2Felboton.com%2Flanding%2Flaplebona%2F\" data-social-provider=\"facebook\" target=\"_blank\">Share with Facebook<\/a><\/li><li class=\"social-share-twitter\"><a href=\"https:\/\/twitter.com\/intent\/tweet?url=https%3A%2F%2Felboton.com%2Flanding%2Flaplebona%2F\" data-social-provider=\"twitter\" target=\"_blank\">Share with Twitter<\/a><\/li><\/ul><div id=\"social-copy-link\"><input id=\"social-input-copy-link\" type=\"text\" readonly=\"readonly\" value=\"https:\/\/elboton.com\/landing\/laplebona\/\"><a class=\"social-copy-link\" href=\"#\">Copy<\/a><\/div><\/div>\n\t<\/div>\n<\/div>\n<div id=\"td_synced_bigbox\" class=\"td_synced_bigbox\"><\/div>\n<p><!-- Companion 300x250 --><\/p>\n<div id=\"radio-track-list\" class=\"radio-track-list-container\">\n<div class=\"radio-track-list-wrapper\">\n<h2>\u00daltimas Canciones<\/h2>\n<ul id=\"td-radio-track-list\"><\/ul>\n<\/p><\/div>\n<\/div>\n","protected":false},"excerpt":{"rendered":"<p>Corridos Tumbados y + La Plebona Play ShareShare with FacebookShare with TwitterCopy \u00daltimas Canciones<\/p>\n","protected":false},"author":14,"featured_media":1349966,"parent":0,"menu_order":0,"comment_status":"closed","ping_status":"closed","template":"custom-page-template-radio","meta":{"footnotes":""},"genre":[2724],"languages":[],"internal":[2723],"class_list":["post-1349950","page","type-page","status-publish","has-post-thumbnail","hentry","genre-corridos","internal-la-plebona","market-global"],"yoast_head":"<!-- This site is optimized with the Yoast SEO plugin v24.4 - https:\/\/yoast.com\/wordpress\/plugins\/seo\/ -->\n<title>La Plebona - El Bot\u00f3n<\/title>\n<meta name=\"description\" content=\"Corridos Tumbados y M\u00e1s.\" \/>\n<meta name=\"robots\" content=\"index, follow, max-snippet:-1, max-image-preview:large, max-video-preview:-1\" \/>\n<link rel=\"canonical\" href=\"https:\/\/elboton.com\/laplebona\/\" \/>\n<meta property=\"og:locale\" content=\"es_ES\" \/>\n<meta property=\"og:type\" content=\"article\" \/>\n<meta property=\"og:title\" content=\"La Plebona - El Bot\u00f3n\" \/>\n<meta property=\"og:description\" content=\"Corridos Tumbados y M\u00e1s.\" \/>\n<meta property=\"og:url\" content=\"https:\/\/elboton.com\/laplebona\/\" \/>\n<meta property=\"og:site_name\" content=\"El Bot\u00f3n\" \/>\n<meta property=\"article:publisher\" content=\"https:\/\/www.facebook.com\/elbotonradio\/\" \/>\n<meta property=\"article:modified_time\" content=\"2024-04-10T18:30:31+00:00\" \/>\n<meta property=\"og:image\" content=\"https:\/\/elboton.com\/wp-content\/uploads\/sites\/6\/2024\/04\/La-Plebona-Card-Dark-Blue.png\" \/>\n\t<meta property=\"og:image:width\" content=\"280\" \/>\n\t<meta property=\"og:image:height\" content=\"280\" \/>\n\t<meta property=\"og:image:type\" content=\"image\/png\" \/>\n<meta name=\"twitter:card\" content=\"summary_large_image\" \/>\n<meta name=\"twitter:site\" content=\"@elbotonradio\" \/>\n<meta name=\"twitter:label1\" content=\"Est. reading time\" \/>\n\t<meta name=\"twitter:data1\" content=\"1 minuto\" \/>\n<script type=\"application\/ld+json\" class=\"yoast-schema-graph\">{\"@context\":\"https:\/\/schema.org\",\"@graph\":[{\"@type\":\"WebPage\",\"@id\":\"https:\/\/elboton.com\/laplebona\/\",\"url\":\"https:\/\/elboton.com\/laplebona\/\",\"name\":\"La Plebona - El Bot\u00f3n\",\"isPartOf\":{\"@id\":\"https:\/\/elboton.com\/los-angeles\/#website\"},\"primaryImageOfPage\":{\"@id\":\"https:\/\/elboton.com\/laplebona\/#primaryimage\"},\"image\":{\"@id\":\"https:\/\/elboton.com\/laplebona\/#primaryimage\"},\"thumbnailUrl\":\"https:\/\/elboton.com\/wp-content\/uploads\/sites\/6\/2024\/04\/La-Plebona-Card-Dark-Blue.png\",\"datePublished\":\"2024-04-03T17:26:40+00:00\",\"dateModified\":\"2024-04-10T18:30:31+00:00\",\"description\":\"Corridos Tumbados y M\u00e1s.\",\"breadcrumb\":{\"@id\":\"https:\/\/elboton.com\/laplebona\/#breadcrumb\"},\"inLanguage\":\"es\",\"potentialAction\":[{\"@type\":\"ReadAction\",\"target\":[\"https:\/\/elboton.com\/laplebona\/\"]}]},{\"@type\":\"ImageObject\",\"inLanguage\":\"es\",\"@id\":\"https:\/\/elboton.com\/laplebona\/#primaryimage\",\"url\":\"https:\/\/elboton.com\/wp-content\/uploads\/sites\/6\/2024\/04\/La-Plebona-Card-Dark-Blue.png\",\"contentUrl\":\"https:\/\/elboton.com\/wp-content\/uploads\/sites\/6\/2024\/04\/La-Plebona-Card-Dark-Blue.png\",\"width\":280,\"height\":280},{\"@type\":\"BreadcrumbList\",\"@id\":\"https:\/\/elboton.com\/laplebona\/#breadcrumb\",\"itemListElement\":[{\"@type\":\"ListItem\",\"position\":1,\"name\":\"Home\",\"item\":\"https:\/\/elboton.com\/los-angeles\/\"},{\"@type\":\"ListItem\",\"position\":2,\"name\":\"La Plebona\"}]},{\"@type\":\"WebSite\",\"@id\":\"https:\/\/elboton.com\/los-angeles\/#website\",\"url\":\"https:\/\/elboton.com\/los-angeles\/\",\"name\":\"El Bot\u00f3n\",\"description\":\"Toda la m\u00fasica latina y los mejores podcasts en espa\u00f1ol.\",\"publisher\":{\"@id\":\"https:\/\/elboton.com\/los-angeles\/#organization\"},\"potentialAction\":[{\"@type\":\"SearchAction\",\"target\":{\"@type\":\"EntryPoint\",\"urlTemplate\":\"https:\/\/elboton.com\/los-angeles\/?s={search_term_string}\"},\"query-input\":{\"@type\":\"PropertyValueSpecification\",\"valueRequired\":true,\"valueName\":\"search_term_string\"}}],\"inLanguage\":\"es\"},{\"@type\":\"Organization\",\"@id\":\"https:\/\/elboton.com\/los-angeles\/#organization\",\"name\":\"Entravision\",\"url\":\"https:\/\/elboton.com\/los-angeles\/\",\"logo\":{\"@type\":\"ImageObject\",\"inLanguage\":\"es\",\"@id\":\"https:\/\/elboton.com\/los-angeles\/#\/schema\/logo\/image\/\",\"url\":\"https:\/\/elboton.com\/wp-content\/uploads\/sites\/6\/2023\/10\/evc-e.png\",\"contentUrl\":\"https:\/\/elboton.com\/wp-content\/uploads\/sites\/6\/2023\/10\/evc-e.png\",\"width\":255,\"height\":208,\"caption\":\"Entravision\"},\"image\":{\"@id\":\"https:\/\/elboton.com\/los-angeles\/#\/schema\/logo\/image\/\"},\"sameAs\":[\"https:\/\/www.facebook.com\/elbotonradio\/\",\"https:\/\/x.com\/elbotonradio\",\"https:\/\/www.tiktok.com\/@elbotonmusica?lang=es\",\"https:\/\/www.instagram.com\/elbotonradio\/\"]}]}<\/script>\n<!-- \/ Yoast SEO plugin. -->","yoast_head_json":{"title":"La Plebona - El Bot\u00f3n","description":"Corridos Tumbados y M\u00e1s.","robots":{"index":"index","follow":"follow","max-snippet":"max-snippet:-1","max-image-preview":"max-image-preview:large","max-video-preview":"max-video-preview:-1"},"canonical":"https:\/\/elboton.com\/laplebona\/","og_locale":"es_ES","og_type":"article","og_title":"La Plebona - El Bot\u00f3n","og_description":"Corridos Tumbados y M\u00e1s.","og_url":"https:\/\/elboton.com\/laplebona\/","og_site_name":"El Bot\u00f3n","article_publisher":"https:\/\/www.facebook.com\/elbotonradio\/","article_modified_time":"2024-04-10T18:30:31+00:00","og_image":[{"width":280,"height":280,"url":"https:\/\/elboton.com\/wp-content\/uploads\/sites\/6\/2024\/04\/La-Plebona-Card-Dark-Blue.png","type":"image\/png"}],"twitter_card":"summary_large_image","twitter_site":"@elbotonradio","twitter_misc":{"Est. reading time":"1 minuto"},"schema":{"@context":"https:\/\/schema.org","@graph":[{"@type":"WebPage","@id":"https:\/\/elboton.com\/laplebona\/","url":"https:\/\/elboton.com\/laplebona\/","name":"La Plebona - El Bot\u00f3n","isPartOf":{"@id":"https:\/\/elboton.com\/los-angeles\/#website"},"primaryImageOfPage":{"@id":"https:\/\/elboton.com\/laplebona\/#primaryimage"},"image":{"@id":"https:\/\/elboton.com\/laplebona\/#primaryimage"},"thumbnailUrl":"https:\/\/elboton.com\/wp-content\/uploads\/sites\/6\/2024\/04\/La-Plebona-Card-Dark-Blue.png","datePublished":"2024-04-03T17:26:40+00:00","dateModified":"2024-04-10T18:30:31+00:00","description":"Corridos Tumbados y M\u00e1s.","breadcrumb":{"@id":"https:\/\/elboton.com\/laplebona\/#breadcrumb"},"inLanguage":"es","potentialAction":[{"@type":"ReadAction","target":["https:\/\/elboton.com\/laplebona\/"]}]},{"@type":"ImageObject","inLanguage":"es","@id":"https:\/\/elboton.com\/laplebona\/#primaryimage","url":"https:\/\/elboton.com\/wp-content\/uploads\/sites\/6\/2024\/04\/La-Plebona-Card-Dark-Blue.png","contentUrl":"https:\/\/elboton.com\/wp-content\/uploads\/sites\/6\/2024\/04\/La-Plebona-Card-Dark-Blue.png","width":280,"height":280},{"@type":"BreadcrumbList","@id":"https:\/\/elboton.com\/laplebona\/#breadcrumb","itemListElement":[{"@type":"ListItem","position":1,"name":"Home","item":"https:\/\/elboton.com\/los-angeles\/"},{"@type":"ListItem","position":2,"name":"La Plebona"}]},{"@type":"WebSite","@id":"https:\/\/elboton.com\/los-angeles\/#website","url":"https:\/\/elboton.com\/los-angeles\/","name":"El Bot\u00f3n","description":"Toda la m\u00fasica latina y los mejores podcasts en espa\u00f1ol.","publisher":{"@id":"https:\/\/elboton.com\/los-angeles\/#organization"},"potentialAction":[{"@type":"SearchAction","target":{"@type":"EntryPoint","urlTemplate":"https:\/\/elboton.com\/los-angeles\/?s={search_term_string}"},"query-input":{"@type":"PropertyValueSpecification","valueRequired":true,"valueName":"search_term_string"}}],"inLanguage":"es"},{"@type":"Organization","@id":"https:\/\/elboton.com\/los-angeles\/#organization","name":"Entravision","url":"https:\/\/elboton.com\/los-angeles\/","logo":{"@type":"ImageObject","inLanguage":"es","@id":"https:\/\/elboton.com\/los-angeles\/#\/schema\/logo\/image\/","url":"https:\/\/elboton.com\/wp-content\/uploads\/sites\/6\/2023\/10\/evc-e.png","contentUrl":"https:\/\/elboton.com\/wp-content\/uploads\/sites\/6\/2023\/10\/evc-e.png","width":255,"height":208,"caption":"Entravision"},"image":{"@id":"https:\/\/elboton.com\/los-angeles\/#\/schema\/logo\/image\/"},"sameAs":["https:\/\/www.facebook.com\/elbotonradio\/","https:\/\/x.com\/elbotonradio","https:\/\/www.tiktok.com\/@elbotonmusica?lang=es","https:\/\/www.instagram.com\/elbotonradio\/"]}]}},"parsely":{"version":"1.1.0","canonical_url":"https:\/\/elboton.com\/landing\/laplebona\/","smart_links":{"inbound":0,"outbound":0},"traffic_boost_suggestions_count":0,"meta":{"@context":"https:\/\/schema.org","@type":"WebPage","headline":"La Plebona","url":"http:\/\/elboton.com\/landing\/laplebona\/","mainEntityOfPage":{"@type":"WebPage","@id":"http:\/\/elboton.com\/landing\/laplebona\/"},"thumbnailUrl":"https:\/\/elboton.com\/wp-content\/uploads\/sites\/6\/2024\/04\/La-Plebona-Card-Dark-Blue.png?w=150&h=150&crop=1","image":{"@type":"ImageObject","url":"https:\/\/elboton.com\/wp-content\/uploads\/sites\/6\/2024\/04\/La-Plebona-Card-Dark-Blue.png"},"articleSection":"Uncategorized","author":[{"@type":"Person","name":"agomez"}],"creator":["agomez"],"publisher":{"@type":"Organization","name":"El Bot\u00f3n","logo":""},"keywords":[],"dateCreated":"2024-04-03T17:26:40Z","datePublished":"2024-04-03T17:26:40Z","dateModified":"2024-04-10T18:30:31Z"},"rendered":"<script type=\"application\/ld+json\" class=\"wp-parsely-metadata\">{\"@context\":\"https:\\\/\\\/schema.org\",\"@type\":\"WebPage\",\"headline\":\"La Plebona\",\"url\":\"http:\\\/\\\/elboton.com\\\/landing\\\/laplebona\\\/\",\"mainEntityOfPage\":{\"@type\":\"WebPage\",\"@id\":\"http:\\\/\\\/elboton.com\\\/landing\\\/laplebona\\\/\"},\"thumbnailUrl\":\"https:\\\/\\\/elboton.com\\\/wp-content\\\/uploads\\\/sites\\\/6\\\/2024\\\/04\\\/La-Plebona-Card-Dark-Blue.png?w=150&h=150&crop=1\",\"image\":{\"@type\":\"ImageObject\",\"url\":\"https:\\\/\\\/elboton.com\\\/wp-content\\\/uploads\\\/sites\\\/6\\\/2024\\\/04\\\/La-Plebona-Card-Dark-Blue.png\"},\"articleSection\":\"Uncategorized\",\"author\":[{\"@type\":\"Person\",\"name\":\"agomez\"}],\"creator\":[\"agomez\"],\"publisher\":{\"@type\":\"Organization\",\"name\":\"El Bot\\u00f3n\",\"logo\":\"\"},\"keywords\":[],\"dateCreated\":\"2024-04-03T17:26:40Z\",\"datePublished\":\"2024-04-03T17:26:40Z\",\"dateModified\":\"2024-04-10T18:30:31Z\"}<\/script>","tracker_url":"https:\/\/cdn.parsely.com\/keys\/elboton.com\/p.js"},"jetpack_sharing_enabled":true,"_links":{"self":[{"href":"https:\/\/elboton.com\/landing\/wp-json\/wp\/v2\/pages\/1349950","targetHints":{"allow":["GET"]}}],"collection":[{"href":"https:\/\/elboton.com\/landing\/wp-json\/wp\/v2\/pages"}],"about":[{"href":"https:\/\/elboton.com\/landing\/wp-json\/wp\/v2\/types\/page"}],"author":[{"embeddable":true,"href":"https:\/\/elboton.com\/landing\/wp-json\/wp\/v2\/users\/14"}],"replies":[{"embeddable":true,"href":"https:\/\/elboton.com\/landing\/wp-json\/wp\/v2\/comments?post=1349950"}],"version-history":[{"count":7,"href":"https:\/\/elboton.com\/landing\/wp-json\/wp\/v2\/pages\/1349950\/revisions"}],"predecessor-version":[{"id":1350025,"href":"https:\/\/elboton.com\/landing\/wp-json\/wp\/v2\/pages\/1349950\/revisions\/1350025"}],"wp:featuredmedia":[{"embeddable":true,"href":"https:\/\/elboton.com\/landing\/wp-json\/wp\/v2\/media\/1349966"}],"wp:attachment":[{"href":"https:\/\/elboton.com\/landing\/wp-json\/wp\/v2\/media?parent=1349950"}],"wp:term":[{"taxonomy":"genre","embeddable":true,"href":"https:\/\/elboton.com\/landing\/wp-json\/wp\/v2\/genre?post=1349950"},{"taxonomy":"languages","embeddable":true,"href":"https:\/\/elboton.com\/landing\/wp-json\/wp\/v2\/languages?post=1349950"},{"taxonomy":"internal","embeddable":true,"href":"https:\/\/elboton.com\/landing\/wp-json\/wp\/v2\/internal?post=1349950"}],"curies":[{"name":"wp","href":"https:\/\/api.w.org\/{rel}","templated":true}]}}