{"id":1812,"date":"2019-10-01T19:21:50","date_gmt":"2019-10-02T02:21:50","guid":{"rendered":"http:\/\/elboton.wordpress.staging.entravision.com\/?page_id=1812"},"modified":"2024-03-14T11:20:01","modified_gmt":"2024-03-14T18:20:01","slug":"joseradio","status":"publish","type":"page","link":"https:\/\/elboton.com\/landing\/joseradio\/","title":{"rendered":"Jos\u00e9 Radio"},"content":{"rendered":"<div id=\"player_origin\" class=\"radio-player-container\">\n<div class=\"player-cover\">\n\t\t\t<img decoding=\"async\" src=\"https:\/\/elboton.com\/wp-content\/uploads\/sites\/6\/2024\/03\/Jose-97.5-107.1-Logo.png\" alt=\"Jos\u00e9 975\" \/>\n\t\t<\/div>\n<div id=\"radio-player-status\" class=\"\"><\/div>\n<div class=\"radio-info v3\">\n<div class=\"radio-info-wrapper\">\n<div class=\"radio-player-features\">\n<p id=\"td-radio-title\" class=\"radio-player-title\">Jos\u00e9 97.5 &#8211; 107.1<\/p>\n<p id=\"td-track-title\" class=\"radio-player-title\">\n<p class=\"radio-player-info\">Regional<\/p>\n<\/p><\/div>\n<p>\t\t\t\t<a href=\"javascript:void(0)\" id=\"td-button-player\" class=\"td-uniplayer-control\" data-station=\"KLYYFM\" data-title=\"Jos\u00e9 975-1070\" data-poster=\"https:\/\/elboton.com\/wp-content\/uploads\/sites\/6\/2024\/03\/Jose-Card-Dark-Blue.png\" data-triton-thepermalink=\"https:\/\/elboton.com\/landing\/joseradio\/\" data-type=\"\"> Play <div style=\"display: none;\" class=\"player-loader center\"><span><\/span><\/div><\/a><td-adplayer id=\"td-adplayer\" data-tag=\"https:\/\/pubads.g.doubleclick.net\/gampad\/ads?iu=\/281895236\/ElBotonAudio&#038;description_url=https%3A%2F%2Felboton.com%2F&#038;tfcd=0&#038;npa=0&#038;ad_type=audio_video&#038;sz=1x1&#038;gdfp_req=1&#038;output=vast&#038;unviewed_position_start=1&#038;env=vp&#038;impl=s&#038;correlator=\" client=\"vast\" type=\"preroll\"><\/td-adplayer>\n\t\t\t\t<!-- \n\n<div class=\"player-loader center\"><span><\/span><\/div>\n\n -->\n\t\t\t<\/div>\n<\/p><\/div>\n<\/div>\n<div class=\"radio-info\">\n<div class=\"radio-info-wrapper\">\n<div class=\"radio-cabina\"><a href=\"tel:3239006100\">Ll\u00e1manos a cabina<\/a><\/div>\n<div id=\"69d23e5e98ba1\" class=\"social-share landing\">\n\t<button role=\"switch\">Compartir<\/button><ul><li class=\"social-share-facebook\"><a href=\"https:\/\/www.facebook.com\/dialog\/share?app_id=194671771969828&amp;display=popup&amp;href=https:\/\/elboton.me\/3sHpntp&message=Estoy%20cant%C3%A1ndole%20al%20amor%20con%20JoseRadio%20y%20elboton.com%20%E2%9D%A4%20https:\/\/www.facebook.com\/elbotonradio\" data-social-provider=\"facebook\" target=\"_blank\">Compartir con Facebook<\/a><\/li><li class=\"social-share-twitter\"><a href=\"https:\/\/twitter.com\/intent\/tweet?url=https:\/\/elboton.me\/3sHpntp&text=Estoy%20cant%C3%A1ndole%20al%20amor%20con%20JoseRadio%20y%20elboton.com%20%E2%9D%A4%20&via=ElBotonRadio\" data-social-provider=\"twitter\" target=\"_blank\">Compartir con Twitter<\/a><\/li><li class=\"social-share-whatsapp\"><a href=\"https:\/\/api.whatsapp.com\/send?text=Estoy%20cant%C3%A1ndole%20al%20amor%20con%20JoseRadio%20y%20elboton.com%20%E2%9D%A4%20 https:\/\/elboton.me\/3sHpntp\" data-social-provider=\"whatsapp\" target=\"_blank\">Compartir con Whatsapp<\/a><\/li><\/ul><div id=\"social-copy-link\"><input id=\"social-input-copy-link\" type=\"text\" readonly=\"readonly\" value=\"https:\/\/elboton.me\/3sHpntp\"><a class=\"social-copy-link\" href=\"#\">Copiar<\/a><\/div><\/div><\/div>\n<\/div>\n<div id=\"td_synced_bigbox\" class=\"td_synced_bigbox\"><\/div>\n<p><!-- Companion 300x250 --><\/p>\n<div id=\"radio-track-list\" class=\"radio-track-list-container\">\n<div class=\"radio-track-list-wrapper\">\n<h2>\u00daltimas Canciones<\/h2>\n<div id=\"music-api-wrapper\"><\/div>\n<\/p><\/div>\n<\/div>\n<div class=\"alexa-skills landing\">\n\t<a href=\"https:\/\/alexa-skills.amazon.com\/apis\/custom\/skills\/amzn1.ask.skill.ac73c638-56db-46e2-9e98-383409ea5116\/launch\" target=\"_blank\" title=\"Alexa Skills\" rel=\"noopener noreferrer\"><\/p>\n<p>Escucha esta estaci\u00f3n en tu<\/p>\n<p>Amazon Alexa<\/p>\n<p>\t<\/a>\n<\/div>\n","protected":false},"excerpt":{"rendered":"<p>Jos\u00e9 97.5 &#8211; 107.1 Regional Play Ll\u00e1manos a cabina CompartirCompartir con FacebookCompartir con TwitterCompartir con WhatsappCopiar \u00daltimas Canciones Escucha esta estaci\u00f3n en tu Amazon Alexa<\/p>\n","protected":false},"author":14,"featured_media":1349640,"parent":0,"menu_order":0,"comment_status":"closed","ping_status":"closed","template":"custom-page-template-radio","meta":{"footnotes":""},"genre":[28],"languages":[],"internal":[554],"class_list":["post-1812","page","type-page","status-publish","has-post-thumbnail","hentry","genre-regional","internal-josefm","market-global"],"yoast_head":"<!-- This site is optimized with the Yoast SEO plugin v24.4 - https:\/\/yoast.com\/wordpress\/plugins\/seo\/ -->\n<title>Jos\u00e9 Radio - El Bot\u00f3n<\/title>\n<meta name=\"robots\" content=\"index, follow, max-snippet:-1, max-image-preview:large, max-video-preview:-1\" \/>\n<link rel=\"canonical\" href=\"https:\/\/elboton.com\/joseradio\/\" \/>\n<meta property=\"og:locale\" content=\"es_ES\" \/>\n<meta property=\"og:type\" content=\"article\" \/>\n<meta property=\"og:title\" content=\"Jos\u00e9 Radio - El Bot\u00f3n\" \/>\n<meta property=\"og:description\" content=\"Jos\u00e9 97.5 &#8211; 107.1 Regional Play Ll\u00e1manos a cabina CompartirCompartir con FacebookCompartir con TwitterCompartir con WhatsappCopiar \u00daltimas Canciones Escucha esta estaci\u00f3n en tu Amazon Alexa\" \/>\n<meta property=\"og:url\" content=\"https:\/\/elboton.com\/joseradio\/\" \/>\n<meta property=\"og:site_name\" content=\"El Bot\u00f3n\" \/>\n<meta property=\"article:publisher\" content=\"https:\/\/www.facebook.com\/elbotonradio\/\" \/>\n<meta property=\"article:modified_time\" content=\"2024-03-14T18:20:01+00:00\" \/>\n<meta property=\"og:image\" content=\"https:\/\/elboton.com\/wp-content\/uploads\/sites\/6\/2024\/03\/Jose-Card-Dark-Blue.png\" \/>\n\t<meta property=\"og:image:width\" content=\"280\" \/>\n\t<meta property=\"og:image:height\" content=\"280\" \/>\n\t<meta property=\"og:image:type\" content=\"image\/png\" \/>\n<meta name=\"twitter:card\" content=\"summary_large_image\" \/>\n<meta name=\"twitter:site\" content=\"@elbotonradio\" \/>\n<meta name=\"twitter:label1\" content=\"Est. reading time\" \/>\n\t<meta name=\"twitter:data1\" content=\"1 minuto\" \/>\n<script type=\"application\/ld+json\" class=\"yoast-schema-graph\">{\"@context\":\"https:\/\/schema.org\",\"@graph\":[{\"@type\":\"WebPage\",\"@id\":\"https:\/\/elboton.com\/joseradio\/\",\"url\":\"https:\/\/elboton.com\/joseradio\/\",\"name\":\"Jos\u00e9 Radio - El Bot\u00f3n\",\"isPartOf\":{\"@id\":\"https:\/\/elboton.com\/los-angeles\/#website\"},\"primaryImageOfPage\":{\"@id\":\"https:\/\/elboton.com\/joseradio\/#primaryimage\"},\"image\":{\"@id\":\"https:\/\/elboton.com\/joseradio\/#primaryimage\"},\"thumbnailUrl\":\"https:\/\/elboton.com\/wp-content\/uploads\/sites\/6\/2024\/03\/Jose-Card-Dark-Blue.png\",\"datePublished\":\"2019-10-02T02:21:50+00:00\",\"dateModified\":\"2024-03-14T18:20:01+00:00\",\"breadcrumb\":{\"@id\":\"https:\/\/elboton.com\/joseradio\/#breadcrumb\"},\"inLanguage\":\"es\",\"potentialAction\":[{\"@type\":\"ReadAction\",\"target\":[\"https:\/\/elboton.com\/joseradio\/\"]}]},{\"@type\":\"ImageObject\",\"inLanguage\":\"es\",\"@id\":\"https:\/\/elboton.com\/joseradio\/#primaryimage\",\"url\":\"https:\/\/elboton.com\/wp-content\/uploads\/sites\/6\/2024\/03\/Jose-Card-Dark-Blue.png\",\"contentUrl\":\"https:\/\/elboton.com\/wp-content\/uploads\/sites\/6\/2024\/03\/Jose-Card-Dark-Blue.png\",\"width\":280,\"height\":280},{\"@type\":\"BreadcrumbList\",\"@id\":\"https:\/\/elboton.com\/joseradio\/#breadcrumb\",\"itemListElement\":[{\"@type\":\"ListItem\",\"position\":1,\"name\":\"Home\",\"item\":\"https:\/\/elboton.com\/los-angeles\/\"},{\"@type\":\"ListItem\",\"position\":2,\"name\":\"Jos\u00e9 Radio\"}]},{\"@type\":\"WebSite\",\"@id\":\"https:\/\/elboton.com\/los-angeles\/#website\",\"url\":\"https:\/\/elboton.com\/los-angeles\/\",\"name\":\"El Bot\u00f3n\",\"description\":\"Toda la m\u00fasica latina y los mejores podcasts en espa\u00f1ol.\",\"publisher\":{\"@id\":\"https:\/\/elboton.com\/los-angeles\/#organization\"},\"potentialAction\":[{\"@type\":\"SearchAction\",\"target\":{\"@type\":\"EntryPoint\",\"urlTemplate\":\"https:\/\/elboton.com\/los-angeles\/?s={search_term_string}\"},\"query-input\":{\"@type\":\"PropertyValueSpecification\",\"valueRequired\":true,\"valueName\":\"search_term_string\"}}],\"inLanguage\":\"es\"},{\"@type\":\"Organization\",\"@id\":\"https:\/\/elboton.com\/los-angeles\/#organization\",\"name\":\"Entravision\",\"url\":\"https:\/\/elboton.com\/los-angeles\/\",\"logo\":{\"@type\":\"ImageObject\",\"inLanguage\":\"es\",\"@id\":\"https:\/\/elboton.com\/los-angeles\/#\/schema\/logo\/image\/\",\"url\":\"https:\/\/elboton.com\/wp-content\/uploads\/sites\/6\/2023\/10\/evc-e.png\",\"contentUrl\":\"https:\/\/elboton.com\/wp-content\/uploads\/sites\/6\/2023\/10\/evc-e.png\",\"width\":255,\"height\":208,\"caption\":\"Entravision\"},\"image\":{\"@id\":\"https:\/\/elboton.com\/los-angeles\/#\/schema\/logo\/image\/\"},\"sameAs\":[\"https:\/\/www.facebook.com\/elbotonradio\/\",\"https:\/\/x.com\/elbotonradio\",\"https:\/\/www.tiktok.com\/@elbotonmusica?lang=es\",\"https:\/\/www.instagram.com\/elbotonradio\/\"]}]}<\/script>\n<!-- \/ Yoast SEO plugin. -->","yoast_head_json":{"title":"Jos\u00e9 Radio - El Bot\u00f3n","robots":{"index":"index","follow":"follow","max-snippet":"max-snippet:-1","max-image-preview":"max-image-preview:large","max-video-preview":"max-video-preview:-1"},"canonical":"https:\/\/elboton.com\/joseradio\/","og_locale":"es_ES","og_type":"article","og_title":"Jos\u00e9 Radio - El Bot\u00f3n","og_description":"Jos\u00e9 97.5 &#8211; 107.1 Regional Play Ll\u00e1manos a cabina CompartirCompartir con FacebookCompartir con TwitterCompartir con WhatsappCopiar \u00daltimas Canciones Escucha esta estaci\u00f3n en tu Amazon Alexa","og_url":"https:\/\/elboton.com\/joseradio\/","og_site_name":"El Bot\u00f3n","article_publisher":"https:\/\/www.facebook.com\/elbotonradio\/","article_modified_time":"2024-03-14T18:20:01+00:00","og_image":[{"width":280,"height":280,"url":"https:\/\/elboton.com\/wp-content\/uploads\/sites\/6\/2024\/03\/Jose-Card-Dark-Blue.png","type":"image\/png"}],"twitter_card":"summary_large_image","twitter_site":"@elbotonradio","twitter_misc":{"Est. reading time":"1 minuto"},"schema":{"@context":"https:\/\/schema.org","@graph":[{"@type":"WebPage","@id":"https:\/\/elboton.com\/joseradio\/","url":"https:\/\/elboton.com\/joseradio\/","name":"Jos\u00e9 Radio - El Bot\u00f3n","isPartOf":{"@id":"https:\/\/elboton.com\/los-angeles\/#website"},"primaryImageOfPage":{"@id":"https:\/\/elboton.com\/joseradio\/#primaryimage"},"image":{"@id":"https:\/\/elboton.com\/joseradio\/#primaryimage"},"thumbnailUrl":"https:\/\/elboton.com\/wp-content\/uploads\/sites\/6\/2024\/03\/Jose-Card-Dark-Blue.png","datePublished":"2019-10-02T02:21:50+00:00","dateModified":"2024-03-14T18:20:01+00:00","breadcrumb":{"@id":"https:\/\/elboton.com\/joseradio\/#breadcrumb"},"inLanguage":"es","potentialAction":[{"@type":"ReadAction","target":["https:\/\/elboton.com\/joseradio\/"]}]},{"@type":"ImageObject","inLanguage":"es","@id":"https:\/\/elboton.com\/joseradio\/#primaryimage","url":"https:\/\/elboton.com\/wp-content\/uploads\/sites\/6\/2024\/03\/Jose-Card-Dark-Blue.png","contentUrl":"https:\/\/elboton.com\/wp-content\/uploads\/sites\/6\/2024\/03\/Jose-Card-Dark-Blue.png","width":280,"height":280},{"@type":"BreadcrumbList","@id":"https:\/\/elboton.com\/joseradio\/#breadcrumb","itemListElement":[{"@type":"ListItem","position":1,"name":"Home","item":"https:\/\/elboton.com\/los-angeles\/"},{"@type":"ListItem","position":2,"name":"Jos\u00e9 Radio"}]},{"@type":"WebSite","@id":"https:\/\/elboton.com\/los-angeles\/#website","url":"https:\/\/elboton.com\/los-angeles\/","name":"El Bot\u00f3n","description":"Toda la m\u00fasica latina y los mejores podcasts en espa\u00f1ol.","publisher":{"@id":"https:\/\/elboton.com\/los-angeles\/#organization"},"potentialAction":[{"@type":"SearchAction","target":{"@type":"EntryPoint","urlTemplate":"https:\/\/elboton.com\/los-angeles\/?s={search_term_string}"},"query-input":{"@type":"PropertyValueSpecification","valueRequired":true,"valueName":"search_term_string"}}],"inLanguage":"es"},{"@type":"Organization","@id":"https:\/\/elboton.com\/los-angeles\/#organization","name":"Entravision","url":"https:\/\/elboton.com\/los-angeles\/","logo":{"@type":"ImageObject","inLanguage":"es","@id":"https:\/\/elboton.com\/los-angeles\/#\/schema\/logo\/image\/","url":"https:\/\/elboton.com\/wp-content\/uploads\/sites\/6\/2023\/10\/evc-e.png","contentUrl":"https:\/\/elboton.com\/wp-content\/uploads\/sites\/6\/2023\/10\/evc-e.png","width":255,"height":208,"caption":"Entravision"},"image":{"@id":"https:\/\/elboton.com\/los-angeles\/#\/schema\/logo\/image\/"},"sameAs":["https:\/\/www.facebook.com\/elbotonradio\/","https:\/\/x.com\/elbotonradio","https:\/\/www.tiktok.com\/@elbotonmusica?lang=es","https:\/\/www.instagram.com\/elbotonradio\/"]}]}},"parsely":{"version":"1.1.0","canonical_url":"https:\/\/elboton.com\/landing\/joseradio\/","smart_links":{"inbound":0,"outbound":0},"traffic_boost_suggestions_count":0,"meta":{"@context":"https:\/\/schema.org","@type":"WebPage","headline":"Jos\u00e9 Radio","url":"http:\/\/elboton.com\/landing\/joseradio\/","mainEntityOfPage":{"@type":"WebPage","@id":"http:\/\/elboton.com\/landing\/joseradio\/"},"thumbnailUrl":"https:\/\/elboton.com\/wp-content\/uploads\/sites\/6\/2024\/03\/Jose-Card-Dark-Blue.png?w=150&h=150&crop=1","image":{"@type":"ImageObject","url":"https:\/\/elboton.com\/wp-content\/uploads\/sites\/6\/2024\/03\/Jose-Card-Dark-Blue.png"},"articleSection":"Uncategorized","author":[{"@type":"Person","name":"agomez"}],"creator":["agomez"],"publisher":{"@type":"Organization","name":"El Bot\u00f3n","logo":""},"keywords":[],"dateCreated":"2019-10-02T02:21:50Z","datePublished":"2019-10-02T02:21:50Z","dateModified":"2024-03-14T18:20:01Z"},"rendered":"<script type=\"application\/ld+json\" class=\"wp-parsely-metadata\">{\"@context\":\"https:\\\/\\\/schema.org\",\"@type\":\"WebPage\",\"headline\":\"Jos\\u00e9 Radio\",\"url\":\"http:\\\/\\\/elboton.com\\\/landing\\\/joseradio\\\/\",\"mainEntityOfPage\":{\"@type\":\"WebPage\",\"@id\":\"http:\\\/\\\/elboton.com\\\/landing\\\/joseradio\\\/\"},\"thumbnailUrl\":\"https:\\\/\\\/elboton.com\\\/wp-content\\\/uploads\\\/sites\\\/6\\\/2024\\\/03\\\/Jose-Card-Dark-Blue.png?w=150&h=150&crop=1\",\"image\":{\"@type\":\"ImageObject\",\"url\":\"https:\\\/\\\/elboton.com\\\/wp-content\\\/uploads\\\/sites\\\/6\\\/2024\\\/03\\\/Jose-Card-Dark-Blue.png\"},\"articleSection\":\"Uncategorized\",\"author\":[{\"@type\":\"Person\",\"name\":\"agomez\"}],\"creator\":[\"agomez\"],\"publisher\":{\"@type\":\"Organization\",\"name\":\"El Bot\\u00f3n\",\"logo\":\"\"},\"keywords\":[],\"dateCreated\":\"2019-10-02T02:21:50Z\",\"datePublished\":\"2019-10-02T02:21:50Z\",\"dateModified\":\"2024-03-14T18:20:01Z\"}<\/script>","tracker_url":"https:\/\/cdn.parsely.com\/keys\/elboton.com\/p.js"},"jetpack_sharing_enabled":true,"_links":{"self":[{"href":"https:\/\/elboton.com\/landing\/wp-json\/wp\/v2\/pages\/1812","targetHints":{"allow":["GET"]}}],"collection":[{"href":"https:\/\/elboton.com\/landing\/wp-json\/wp\/v2\/pages"}],"about":[{"href":"https:\/\/elboton.com\/landing\/wp-json\/wp\/v2\/types\/page"}],"author":[{"embeddable":true,"href":"https:\/\/elboton.com\/landing\/wp-json\/wp\/v2\/users\/14"}],"replies":[{"embeddable":true,"href":"https:\/\/elboton.com\/landing\/wp-json\/wp\/v2\/comments?post=1812"}],"version-history":[{"count":60,"href":"https:\/\/elboton.com\/landing\/wp-json\/wp\/v2\/pages\/1812\/revisions"}],"predecessor-version":[{"id":1349735,"href":"https:\/\/elboton.com\/landing\/wp-json\/wp\/v2\/pages\/1812\/revisions\/1349735"}],"wp:featuredmedia":[{"embeddable":true,"href":"https:\/\/elboton.com\/landing\/wp-json\/wp\/v2\/media\/1349640"}],"wp:attachment":[{"href":"https:\/\/elboton.com\/landing\/wp-json\/wp\/v2\/media?parent=1812"}],"wp:term":[{"taxonomy":"genre","embeddable":true,"href":"https:\/\/elboton.com\/landing\/wp-json\/wp\/v2\/genre?post=1812"},{"taxonomy":"languages","embeddable":true,"href":"https:\/\/elboton.com\/landing\/wp-json\/wp\/v2\/languages?post=1812"},{"taxonomy":"internal","embeddable":true,"href":"https:\/\/elboton.com\/landing\/wp-json\/wp\/v2\/internal?post=1812"}],"curies":[{"name":"wp","href":"https:\/\/api.w.org\/{rel}","templated":true}]}}