{"id":5762,"date":"2020-06-22T13:38:47","date_gmt":"2020-06-22T20:38:47","guid":{"rendered":"http:\/\/elboton.wordpress.staging.entravision.com\/?page_id=4875"},"modified":"2024-03-14T11:33:13","modified_gmt":"2024-03-14T18:33:13","slug":"viva1031","status":"publish","type":"page","link":"https:\/\/elboton.com\/landing\/viva1031\/","title":{"rendered":"Viva 103.1"},"content":{"rendered":"<h4 class=\"seo-tag landing\">landing<\/h4>\n<div class=\"radio-player-container landing\">\n<div class=\"player-cover\">\n\t\t\t<img decoding=\"async\" src=\"https:\/\/elboton.com\/wp-content\/uploads\/sites\/6\/2024\/03\/Viva-103.1-Logo.png\" alt=\"Viva 103.1\" \/>\n\t\t<\/div>\n<p>\t\t<!-- \n\n<div class=\"player-online-info\">\n\n<h2>Horario de programaci\u00f3n de 6:00 AM a 10:00 AM PST<\/h2>\n\n<\/div>\n\n --><\/p>\n<div class=\"radio-info v3 landing\">\n<div class=\"radio-info-wrapper landing\">\n<div class=\"radio-player-features\">\n<p id=\"td-radio-title\" class=\"radio-player-title\">Viva 103.1<\/p>\n<p id=\"td-track-title\" class=\"radio-player-title\">\n<p class=\"radio-player-info\">Cumbias y m\u00e1s<\/p>\n<\/p><\/div>\n<p>\t\t\t\t<a href=\"javascript:void(0)\" id=\"td-button-player\" class=\"td-uniplayer-control\" data-station=\"KDLDFM\" data-title=\"Viva 103.1\" data-poster=\"https:\/\/elboton.com\/wp-content\/uploads\/sites\/6\/2024\/03\/Viva-Card-Dark-Blue.png\" data-triton-thepermalink=\"https:\/\/elboton.com\/landing\/viva1031\/\" data-type=\"\"> Play <div style=\"display: none;\" class=\"player-loader center\"><span><\/span><\/div><\/a><br \/>\n\t\t\t\t<!-- \n\n<div class=\"player-loader center\"><span><\/span><\/div>\n\n -->\n\t\t\t<\/div>\n<\/p><\/div>\n<\/div>\n<div class=\"radio-info\">\n<div class=\"radio-info-wrapper\">\n\t\t<!-- \n\n<div class=\"radio-cabina\"><a href=\"tel:1234567\">Ll\u00e1manos a cabina<\/a><\/div>\n\n --><br \/>\n\t\t<div class=\"social-share\"><button role=\"switch\">Share<\/button><ul><li class=\"social-share-facebook\"><a href=\"https:\/\/www.facebook.com\/dialog\/share?app_id=194671771969828&#038;display=popup&#038;href=https%3A%2F%2Felboton.com%2Flanding%2Fviva1031%2F\" data-social-provider=\"facebook\" target=\"_blank\">Share with Facebook<\/a><\/li><li class=\"social-share-twitter\"><a href=\"https:\/\/twitter.com\/intent\/tweet?url=https%3A%2F%2Felboton.com%2Flanding%2Fviva1031%2F\" data-social-provider=\"twitter\" target=\"_blank\">Share with Twitter<\/a><\/li><\/ul><div id=\"social-copy-link\"><input id=\"social-input-copy-link\" type=\"text\" readonly=\"readonly\" value=\"https:\/\/elboton.com\/landing\/viva1031\/\"><a class=\"social-copy-link\" href=\"#\">Copy<\/a><\/div><\/div>\n\t<\/div>\n<\/div>\n<div id=\"td_synced_bigbox\" class=\"td_synced_bigbox\"><\/div>\n<div id=\"radio-track-list\" class=\"radio-track-list-container\">\n<div class=\"radio-track-list-wrapper\">\n<h2>\u00daltimas Canciones<\/h2>\n<div id=\"music-api-wrapper\"><\/div>\n<\/p><\/div>\n<\/div>\n","protected":false},"excerpt":{"rendered":"<p>landing Viva 103.1 Cumbias y m\u00e1s Play ShareShare with FacebookShare with TwitterCopy \u00daltimas Canciones<\/p>\n","protected":false},"author":14,"featured_media":1349653,"parent":0,"menu_order":0,"comment_status":"closed","ping_status":"closed","template":"custom-page-template-radio","meta":{"footnotes":""},"genre":[682],"languages":[],"internal":[583],"class_list":["post-5762","page","type-page","status-publish","has-post-thumbnail","hentry","genre-cumbias","internal-viva","market-global"],"yoast_head":"<!-- This site is optimized with the Yoast SEO plugin v24.4 - https:\/\/yoast.com\/wordpress\/plugins\/seo\/ -->\n<title>Viva 103.1 - El Bot\u00f3n<\/title>\n<meta name=\"robots\" content=\"index, follow, max-snippet:-1, max-image-preview:large, max-video-preview:-1\" \/>\n<link rel=\"canonical\" href=\"https:\/\/elboton.com\/viva1031\/\" \/>\n<meta property=\"og:locale\" content=\"es_ES\" \/>\n<meta property=\"og:type\" content=\"article\" \/>\n<meta property=\"og:title\" content=\"Viva 103.1 - El Bot\u00f3n\" \/>\n<meta property=\"og:description\" content=\"landing Viva 103.1 Cumbias y m\u00e1s Play ShareShare with FacebookShare with TwitterCopy \u00daltimas Canciones\" \/>\n<meta property=\"og:url\" content=\"https:\/\/elboton.com\/viva1031\/\" \/>\n<meta property=\"og:site_name\" content=\"El Bot\u00f3n\" \/>\n<meta property=\"article:publisher\" content=\"https:\/\/www.facebook.com\/elbotonradio\/\" \/>\n<meta property=\"article:modified_time\" content=\"2024-03-14T18:33:13+00:00\" \/>\n<meta property=\"og:image\" content=\"https:\/\/elboton.com\/wp-content\/uploads\/sites\/6\/2024\/03\/Viva-Card-Dark-Blue.png\" \/>\n\t<meta property=\"og:image:width\" content=\"280\" \/>\n\t<meta property=\"og:image:height\" content=\"280\" \/>\n\t<meta property=\"og:image:type\" content=\"image\/png\" \/>\n<meta name=\"twitter:card\" content=\"summary_large_image\" \/>\n<meta name=\"twitter:site\" content=\"@elbotonradio\" \/>\n<meta name=\"twitter:label1\" content=\"Est. reading time\" \/>\n\t<meta name=\"twitter:data1\" content=\"1 minuto\" \/>\n<script type=\"application\/ld+json\" class=\"yoast-schema-graph\">{\"@context\":\"https:\/\/schema.org\",\"@graph\":[{\"@type\":\"WebPage\",\"@id\":\"https:\/\/elboton.com\/viva1031\/\",\"url\":\"https:\/\/elboton.com\/viva1031\/\",\"name\":\"Viva 103.1 - El Bot\u00f3n\",\"isPartOf\":{\"@id\":\"https:\/\/elboton.com\/los-angeles\/#website\"},\"primaryImageOfPage\":{\"@id\":\"https:\/\/elboton.com\/viva1031\/#primaryimage\"},\"image\":{\"@id\":\"https:\/\/elboton.com\/viva1031\/#primaryimage\"},\"thumbnailUrl\":\"https:\/\/elboton.com\/wp-content\/uploads\/sites\/6\/2024\/03\/Viva-Card-Dark-Blue.png\",\"datePublished\":\"2020-06-22T20:38:47+00:00\",\"dateModified\":\"2024-03-14T18:33:13+00:00\",\"breadcrumb\":{\"@id\":\"https:\/\/elboton.com\/viva1031\/#breadcrumb\"},\"inLanguage\":\"es\",\"potentialAction\":[{\"@type\":\"ReadAction\",\"target\":[\"https:\/\/elboton.com\/viva1031\/\"]}]},{\"@type\":\"ImageObject\",\"inLanguage\":\"es\",\"@id\":\"https:\/\/elboton.com\/viva1031\/#primaryimage\",\"url\":\"https:\/\/elboton.com\/wp-content\/uploads\/sites\/6\/2024\/03\/Viva-Card-Dark-Blue.png\",\"contentUrl\":\"https:\/\/elboton.com\/wp-content\/uploads\/sites\/6\/2024\/03\/Viva-Card-Dark-Blue.png\",\"width\":280,\"height\":280,\"caption\":\"Viva Card Dark Blue\"},{\"@type\":\"BreadcrumbList\",\"@id\":\"https:\/\/elboton.com\/viva1031\/#breadcrumb\",\"itemListElement\":[{\"@type\":\"ListItem\",\"position\":1,\"name\":\"Home\",\"item\":\"https:\/\/elboton.com\/los-angeles\/\"},{\"@type\":\"ListItem\",\"position\":2,\"name\":\"Viva 103.1\"}]},{\"@type\":\"WebSite\",\"@id\":\"https:\/\/elboton.com\/los-angeles\/#website\",\"url\":\"https:\/\/elboton.com\/los-angeles\/\",\"name\":\"El Bot\u00f3n\",\"description\":\"Toda la m\u00fasica latina y los mejores podcasts en espa\u00f1ol.\",\"publisher\":{\"@id\":\"https:\/\/elboton.com\/los-angeles\/#organization\"},\"potentialAction\":[{\"@type\":\"SearchAction\",\"target\":{\"@type\":\"EntryPoint\",\"urlTemplate\":\"https:\/\/elboton.com\/los-angeles\/?s={search_term_string}\"},\"query-input\":{\"@type\":\"PropertyValueSpecification\",\"valueRequired\":true,\"valueName\":\"search_term_string\"}}],\"inLanguage\":\"es\"},{\"@type\":\"Organization\",\"@id\":\"https:\/\/elboton.com\/los-angeles\/#organization\",\"name\":\"Entravision\",\"url\":\"https:\/\/elboton.com\/los-angeles\/\",\"logo\":{\"@type\":\"ImageObject\",\"inLanguage\":\"es\",\"@id\":\"https:\/\/elboton.com\/los-angeles\/#\/schema\/logo\/image\/\",\"url\":\"https:\/\/elboton.com\/wp-content\/uploads\/sites\/6\/2023\/10\/evc-e.png\",\"contentUrl\":\"https:\/\/elboton.com\/wp-content\/uploads\/sites\/6\/2023\/10\/evc-e.png\",\"width\":255,\"height\":208,\"caption\":\"Entravision\"},\"image\":{\"@id\":\"https:\/\/elboton.com\/los-angeles\/#\/schema\/logo\/image\/\"},\"sameAs\":[\"https:\/\/www.facebook.com\/elbotonradio\/\",\"https:\/\/x.com\/elbotonradio\",\"https:\/\/www.tiktok.com\/@elbotonmusica?lang=es\",\"https:\/\/www.instagram.com\/elbotonradio\/\"]}]}<\/script>\n<!-- \/ Yoast SEO plugin. -->","yoast_head_json":{"title":"Viva 103.1 - El Bot\u00f3n","robots":{"index":"index","follow":"follow","max-snippet":"max-snippet:-1","max-image-preview":"max-image-preview:large","max-video-preview":"max-video-preview:-1"},"canonical":"https:\/\/elboton.com\/viva1031\/","og_locale":"es_ES","og_type":"article","og_title":"Viva 103.1 - El Bot\u00f3n","og_description":"landing Viva 103.1 Cumbias y m\u00e1s Play ShareShare with FacebookShare with TwitterCopy \u00daltimas Canciones","og_url":"https:\/\/elboton.com\/viva1031\/","og_site_name":"El Bot\u00f3n","article_publisher":"https:\/\/www.facebook.com\/elbotonradio\/","article_modified_time":"2024-03-14T18:33:13+00:00","og_image":[{"width":280,"height":280,"url":"https:\/\/elboton.com\/wp-content\/uploads\/sites\/6\/2024\/03\/Viva-Card-Dark-Blue.png","type":"image\/png"}],"twitter_card":"summary_large_image","twitter_site":"@elbotonradio","twitter_misc":{"Est. reading time":"1 minuto"},"schema":{"@context":"https:\/\/schema.org","@graph":[{"@type":"WebPage","@id":"https:\/\/elboton.com\/viva1031\/","url":"https:\/\/elboton.com\/viva1031\/","name":"Viva 103.1 - El Bot\u00f3n","isPartOf":{"@id":"https:\/\/elboton.com\/los-angeles\/#website"},"primaryImageOfPage":{"@id":"https:\/\/elboton.com\/viva1031\/#primaryimage"},"image":{"@id":"https:\/\/elboton.com\/viva1031\/#primaryimage"},"thumbnailUrl":"https:\/\/elboton.com\/wp-content\/uploads\/sites\/6\/2024\/03\/Viva-Card-Dark-Blue.png","datePublished":"2020-06-22T20:38:47+00:00","dateModified":"2024-03-14T18:33:13+00:00","breadcrumb":{"@id":"https:\/\/elboton.com\/viva1031\/#breadcrumb"},"inLanguage":"es","potentialAction":[{"@type":"ReadAction","target":["https:\/\/elboton.com\/viva1031\/"]}]},{"@type":"ImageObject","inLanguage":"es","@id":"https:\/\/elboton.com\/viva1031\/#primaryimage","url":"https:\/\/elboton.com\/wp-content\/uploads\/sites\/6\/2024\/03\/Viva-Card-Dark-Blue.png","contentUrl":"https:\/\/elboton.com\/wp-content\/uploads\/sites\/6\/2024\/03\/Viva-Card-Dark-Blue.png","width":280,"height":280,"caption":"Viva Card Dark Blue"},{"@type":"BreadcrumbList","@id":"https:\/\/elboton.com\/viva1031\/#breadcrumb","itemListElement":[{"@type":"ListItem","position":1,"name":"Home","item":"https:\/\/elboton.com\/los-angeles\/"},{"@type":"ListItem","position":2,"name":"Viva 103.1"}]},{"@type":"WebSite","@id":"https:\/\/elboton.com\/los-angeles\/#website","url":"https:\/\/elboton.com\/los-angeles\/","name":"El Bot\u00f3n","description":"Toda la m\u00fasica latina y los mejores podcasts en espa\u00f1ol.","publisher":{"@id":"https:\/\/elboton.com\/los-angeles\/#organization"},"potentialAction":[{"@type":"SearchAction","target":{"@type":"EntryPoint","urlTemplate":"https:\/\/elboton.com\/los-angeles\/?s={search_term_string}"},"query-input":{"@type":"PropertyValueSpecification","valueRequired":true,"valueName":"search_term_string"}}],"inLanguage":"es"},{"@type":"Organization","@id":"https:\/\/elboton.com\/los-angeles\/#organization","name":"Entravision","url":"https:\/\/elboton.com\/los-angeles\/","logo":{"@type":"ImageObject","inLanguage":"es","@id":"https:\/\/elboton.com\/los-angeles\/#\/schema\/logo\/image\/","url":"https:\/\/elboton.com\/wp-content\/uploads\/sites\/6\/2023\/10\/evc-e.png","contentUrl":"https:\/\/elboton.com\/wp-content\/uploads\/sites\/6\/2023\/10\/evc-e.png","width":255,"height":208,"caption":"Entravision"},"image":{"@id":"https:\/\/elboton.com\/los-angeles\/#\/schema\/logo\/image\/"},"sameAs":["https:\/\/www.facebook.com\/elbotonradio\/","https:\/\/x.com\/elbotonradio","https:\/\/www.tiktok.com\/@elbotonmusica?lang=es","https:\/\/www.instagram.com\/elbotonradio\/"]}]}},"parsely":{"version":"1.1.0","canonical_url":"https:\/\/elboton.com\/landing\/viva1031\/","smart_links":{"inbound":0,"outbound":0},"traffic_boost_suggestions_count":0,"meta":{"@context":"https:\/\/schema.org","@type":"WebPage","headline":"Viva 103.1","url":"http:\/\/elboton.com\/landing\/viva1031\/","mainEntityOfPage":{"@type":"WebPage","@id":"http:\/\/elboton.com\/landing\/viva1031\/"},"thumbnailUrl":"https:\/\/elboton.com\/wp-content\/uploads\/sites\/6\/2024\/03\/Viva-Card-Dark-Blue.png?w=150&h=150&crop=1","image":{"@type":"ImageObject","url":"https:\/\/elboton.com\/wp-content\/uploads\/sites\/6\/2024\/03\/Viva-Card-Dark-Blue.png"},"articleSection":"Uncategorized","author":[{"@type":"Person","name":"agomez"}],"creator":["agomez"],"publisher":{"@type":"Organization","name":"El Bot\u00f3n","logo":""},"keywords":[],"dateCreated":"2020-06-22T20:38:47Z","datePublished":"2020-06-22T20:38:47Z","dateModified":"2024-03-14T18:33:13Z"},"rendered":"<script type=\"application\/ld+json\" class=\"wp-parsely-metadata\">{\"@context\":\"https:\\\/\\\/schema.org\",\"@type\":\"WebPage\",\"headline\":\"Viva 103.1\",\"url\":\"http:\\\/\\\/elboton.com\\\/landing\\\/viva1031\\\/\",\"mainEntityOfPage\":{\"@type\":\"WebPage\",\"@id\":\"http:\\\/\\\/elboton.com\\\/landing\\\/viva1031\\\/\"},\"thumbnailUrl\":\"https:\\\/\\\/elboton.com\\\/wp-content\\\/uploads\\\/sites\\\/6\\\/2024\\\/03\\\/Viva-Card-Dark-Blue.png?w=150&h=150&crop=1\",\"image\":{\"@type\":\"ImageObject\",\"url\":\"https:\\\/\\\/elboton.com\\\/wp-content\\\/uploads\\\/sites\\\/6\\\/2024\\\/03\\\/Viva-Card-Dark-Blue.png\"},\"articleSection\":\"Uncategorized\",\"author\":[{\"@type\":\"Person\",\"name\":\"agomez\"}],\"creator\":[\"agomez\"],\"publisher\":{\"@type\":\"Organization\",\"name\":\"El Bot\\u00f3n\",\"logo\":\"\"},\"keywords\":[],\"dateCreated\":\"2020-06-22T20:38:47Z\",\"datePublished\":\"2020-06-22T20:38:47Z\",\"dateModified\":\"2024-03-14T18:33:13Z\"}<\/script>","tracker_url":"https:\/\/cdn.parsely.com\/keys\/elboton.com\/p.js"},"jetpack_sharing_enabled":true,"_links":{"self":[{"href":"https:\/\/elboton.com\/landing\/wp-json\/wp\/v2\/pages\/5762","targetHints":{"allow":["GET"]}}],"collection":[{"href":"https:\/\/elboton.com\/landing\/wp-json\/wp\/v2\/pages"}],"about":[{"href":"https:\/\/elboton.com\/landing\/wp-json\/wp\/v2\/types\/page"}],"author":[{"embeddable":true,"href":"https:\/\/elboton.com\/landing\/wp-json\/wp\/v2\/users\/14"}],"replies":[{"embeddable":true,"href":"https:\/\/elboton.com\/landing\/wp-json\/wp\/v2\/comments?post=5762"}],"version-history":[{"count":31,"href":"https:\/\/elboton.com\/landing\/wp-json\/wp\/v2\/pages\/5762\/revisions"}],"predecessor-version":[{"id":1349741,"href":"https:\/\/elboton.com\/landing\/wp-json\/wp\/v2\/pages\/5762\/revisions\/1349741"}],"wp:featuredmedia":[{"embeddable":true,"href":"https:\/\/elboton.com\/landing\/wp-json\/wp\/v2\/media\/1349653"}],"wp:attachment":[{"href":"https:\/\/elboton.com\/landing\/wp-json\/wp\/v2\/media?parent=5762"}],"wp:term":[{"taxonomy":"genre","embeddable":true,"href":"https:\/\/elboton.com\/landing\/wp-json\/wp\/v2\/genre?post=5762"},{"taxonomy":"languages","embeddable":true,"href":"https:\/\/elboton.com\/landing\/wp-json\/wp\/v2\/languages?post=5762"},{"taxonomy":"internal","embeddable":true,"href":"https:\/\/elboton.com\/landing\/wp-json\/wp\/v2\/internal?post=5762"}],"curies":[{"name":"wp","href":"https:\/\/api.w.org\/{rel}","templated":true}]}}