{"id":7773,"date":"2020-08-11T11:09:20","date_gmt":"2020-08-11T18:09:20","guid":{"rendered":"https:\/\/elboton.com\/?page_id=7773"},"modified":"2024-03-14T11:20:46","modified_gmt":"2024-03-14T18:20:46","slug":"q945allrock","status":"publish","type":"page","link":"https:\/\/elboton.com\/landing\/q945allrock\/","title":{"rendered":"Q94.5 All Rock"},"content":{"rendered":"<div class=\"radio-player-container\">\n<div class=\"player-cover\">\n\t\t\t<img decoding=\"async\" src=\"https:\/\/elboton.com\/wp-content\/uploads\/sites\/6\/2024\/03\/QRock-Logo.png\" alt=\"Q945 All Rock\" \/>\n\t\t<\/div>\n<div id=\"radio-player-status\" class=\"\"><\/div>\n<div class=\"radio-info v3\">\n<div class=\"radio-info-wrapper\">\n<div class=\"radio-player-features\">\n<p id=\"td-radio-title\" class=\"radio-player-title\">Q94.5 All Rock<\/p>\n<p id=\"td-track-title\" class=\"radio-player-title\">\n<p class=\"radio-player-info\">Classic Rock<\/p>\n<\/p><\/div>\n<p>\t\t\t\t<a href=\"javascript:void(0)\" id=\"td-button-player\" class=\"td-uniplayer-control\" data-station=\"KFRQFM\" data-title=\"Q945 All Rock\" data-poster=\"https:\/\/elboton.com\/wp-content\/uploads\/sites\/6\/2024\/03\/Q-Rock-Card-Dark-Blue.png\" data-triton-thepermalink=\"https:\/\/elboton.com\/landing\/q945allrock\/\" data-type=\"\"> Play <div style=\"display: none;\" class=\"player-loader center\"><span><\/span><\/div><\/a><td-adplayer id=\"td-adplayer\" data-tag=\"https:\/\/pubads.g.doubleclick.net\/gampad\/ads?iu=\/281895236\/KFRQFM&#038;description_url=https%3A%2F%2Felboton.com%2Fq945allrock%2F&#038;tfcd=0&#038;npa=0&#038;ad_type=audio_video&#038;sz=1x1&#038;gdfp_req=1&#038;output=vast&#038;unviewed_position_start=1&#038;env=vp&#038;impl=s&#038;correlator=\" client=\"vast\" type=\"preroll\"><\/td-adplayer>\n\t\t\t<\/div>\n<\/p><\/div>\n<\/div>\n<div class=\"radio-info\">\n<div class=\"radio-info-wrapper\">\n<div class=\"radio-cabina\"><a href=\"tel:+1 (888) 335-9494\">Ll\u00e1manos a cabina<\/a><\/div>\n<div class=\"social-share\"><button role=\"switch\">Share<\/button><ul><li class=\"social-share-facebook\"><a href=\"https:\/\/www.facebook.com\/dialog\/share?app_id=194671771969828&#038;display=popup&#038;href=https%3A%2F%2Felboton.com%2Flanding%2Fq945allrock%2F\" data-social-provider=\"facebook\" target=\"_blank\">Share with Facebook<\/a><\/li><li class=\"social-share-twitter\"><a href=\"https:\/\/twitter.com\/intent\/tweet?url=https%3A%2F%2Felboton.com%2Flanding%2Fq945allrock%2F\" data-social-provider=\"twitter\" target=\"_blank\">Share with Twitter<\/a><\/li><\/ul><div id=\"social-copy-link\"><input id=\"social-input-copy-link\" type=\"text\" readonly=\"readonly\" value=\"https:\/\/elboton.com\/landing\/q945allrock\/\"><a class=\"social-copy-link\" href=\"#\">Copy<\/a><\/div><\/div><\/div>\n<\/div>\n<div id=\"td_synced_bigbox\" class=\"td_synced_bigbox\"><\/div>\n<div id=\"radio-track-list\" class=\"radio-track-list-container\">\n<div class=\"radio-track-list-wrapper\">\n<h2>\u00daltimas Canciones<\/h2>\n<div id=\"music-api-wrapper\"><\/div>\n<\/p><\/div>\n<\/div>\n<div class=\"alexa-skills landing\">\n\t<a href=\"https:\/\/elboton.me\/3mlQiKk\" target=\"_blank\" title=\"Alexa Skills\" rel=\"noopener noreferrer\"><\/p>\n<p>Escucha esta estaci\u00f3n en tu<\/p>\n<p>Amazon Alexa<\/p>\n<p>\t<\/a>\n<\/div>\n","protected":false},"excerpt":{"rendered":"<p>Q94.5 All Rock Classic Rock Play Ll\u00e1manos a cabina ShareShare with FacebookShare with TwitterCopy \u00daltimas Canciones Escucha esta estaci\u00f3n en tu Amazon Alexa<\/p>\n","protected":false},"author":14,"featured_media":1349648,"parent":0,"menu_order":0,"comment_status":"closed","ping_status":"closed","template":"custom-page-template-radio","meta":{"footnotes":""},"genre":[616],"languages":[],"internal":[615],"class_list":["post-7773","page","type-page","status-publish","has-post-thumbnail","hentry","genre-classic-rock","internal-q945-allrock","market-global"],"yoast_head":"<!-- This site is optimized with the Yoast SEO plugin v24.4 - https:\/\/yoast.com\/wordpress\/plugins\/seo\/ -->\n<title>Q94.5 All Rock - El Bot\u00f3n<\/title>\n<meta name=\"robots\" content=\"index, follow, max-snippet:-1, max-image-preview:large, max-video-preview:-1\" \/>\n<link rel=\"canonical\" href=\"https:\/\/elboton.com\/q945allrock\/\" \/>\n<meta property=\"og:locale\" content=\"es_ES\" \/>\n<meta property=\"og:type\" content=\"article\" \/>\n<meta property=\"og:title\" content=\"Q94.5 All Rock - El Bot\u00f3n\" \/>\n<meta property=\"og:description\" content=\"Q94.5 All Rock Classic Rock Play Ll\u00e1manos a cabina ShareShare with FacebookShare with TwitterCopy \u00daltimas Canciones Escucha esta estaci\u00f3n en tu Amazon Alexa\" \/>\n<meta property=\"og:url\" content=\"https:\/\/elboton.com\/q945allrock\/\" \/>\n<meta property=\"og:site_name\" content=\"El Bot\u00f3n\" \/>\n<meta property=\"article:publisher\" content=\"https:\/\/www.facebook.com\/elbotonradio\/\" \/>\n<meta property=\"article:modified_time\" content=\"2024-03-14T18:20:46+00:00\" \/>\n<meta property=\"og:image\" content=\"https:\/\/elboton.com\/wp-content\/uploads\/sites\/6\/2024\/03\/Q-Rock-Card-Dark-Blue.png\" \/>\n\t<meta property=\"og:image:width\" content=\"280\" \/>\n\t<meta property=\"og:image:height\" content=\"280\" \/>\n\t<meta property=\"og:image:type\" content=\"image\/png\" \/>\n<meta name=\"twitter:card\" content=\"summary_large_image\" \/>\n<meta name=\"twitter:site\" content=\"@elbotonradio\" \/>\n<meta name=\"twitter:label1\" content=\"Est. reading time\" \/>\n\t<meta name=\"twitter:data1\" content=\"1 minuto\" \/>\n<script type=\"application\/ld+json\" class=\"yoast-schema-graph\">{\"@context\":\"https:\/\/schema.org\",\"@graph\":[{\"@type\":\"WebPage\",\"@id\":\"https:\/\/elboton.com\/q945allrock\/\",\"url\":\"https:\/\/elboton.com\/q945allrock\/\",\"name\":\"Q94.5 All Rock - El Bot\u00f3n\",\"isPartOf\":{\"@id\":\"https:\/\/elboton.com\/los-angeles\/#website\"},\"primaryImageOfPage\":{\"@id\":\"https:\/\/elboton.com\/q945allrock\/#primaryimage\"},\"image\":{\"@id\":\"https:\/\/elboton.com\/q945allrock\/#primaryimage\"},\"thumbnailUrl\":\"https:\/\/elboton.com\/wp-content\/uploads\/sites\/6\/2024\/03\/Q-Rock-Card-Dark-Blue.png\",\"datePublished\":\"2020-08-11T18:09:20+00:00\",\"dateModified\":\"2024-03-14T18:20:46+00:00\",\"breadcrumb\":{\"@id\":\"https:\/\/elboton.com\/q945allrock\/#breadcrumb\"},\"inLanguage\":\"es\",\"potentialAction\":[{\"@type\":\"ReadAction\",\"target\":[\"https:\/\/elboton.com\/q945allrock\/\"]}]},{\"@type\":\"ImageObject\",\"inLanguage\":\"es\",\"@id\":\"https:\/\/elboton.com\/q945allrock\/#primaryimage\",\"url\":\"https:\/\/elboton.com\/wp-content\/uploads\/sites\/6\/2024\/03\/Q-Rock-Card-Dark-Blue.png\",\"contentUrl\":\"https:\/\/elboton.com\/wp-content\/uploads\/sites\/6\/2024\/03\/Q-Rock-Card-Dark-Blue.png\",\"width\":280,\"height\":280},{\"@type\":\"BreadcrumbList\",\"@id\":\"https:\/\/elboton.com\/q945allrock\/#breadcrumb\",\"itemListElement\":[{\"@type\":\"ListItem\",\"position\":1,\"name\":\"Home\",\"item\":\"https:\/\/elboton.com\/los-angeles\/\"},{\"@type\":\"ListItem\",\"position\":2,\"name\":\"Q94.5 All Rock\"}]},{\"@type\":\"WebSite\",\"@id\":\"https:\/\/elboton.com\/los-angeles\/#website\",\"url\":\"https:\/\/elboton.com\/los-angeles\/\",\"name\":\"El Bot\u00f3n\",\"description\":\"Toda la m\u00fasica latina y los mejores podcasts en espa\u00f1ol.\",\"publisher\":{\"@id\":\"https:\/\/elboton.com\/los-angeles\/#organization\"},\"potentialAction\":[{\"@type\":\"SearchAction\",\"target\":{\"@type\":\"EntryPoint\",\"urlTemplate\":\"https:\/\/elboton.com\/los-angeles\/?s={search_term_string}\"},\"query-input\":{\"@type\":\"PropertyValueSpecification\",\"valueRequired\":true,\"valueName\":\"search_term_string\"}}],\"inLanguage\":\"es\"},{\"@type\":\"Organization\",\"@id\":\"https:\/\/elboton.com\/los-angeles\/#organization\",\"name\":\"Entravision\",\"url\":\"https:\/\/elboton.com\/los-angeles\/\",\"logo\":{\"@type\":\"ImageObject\",\"inLanguage\":\"es\",\"@id\":\"https:\/\/elboton.com\/los-angeles\/#\/schema\/logo\/image\/\",\"url\":\"https:\/\/elboton.com\/wp-content\/uploads\/sites\/6\/2023\/10\/evc-e.png\",\"contentUrl\":\"https:\/\/elboton.com\/wp-content\/uploads\/sites\/6\/2023\/10\/evc-e.png\",\"width\":255,\"height\":208,\"caption\":\"Entravision\"},\"image\":{\"@id\":\"https:\/\/elboton.com\/los-angeles\/#\/schema\/logo\/image\/\"},\"sameAs\":[\"https:\/\/www.facebook.com\/elbotonradio\/\",\"https:\/\/x.com\/elbotonradio\",\"https:\/\/www.tiktok.com\/@elbotonmusica?lang=es\",\"https:\/\/www.instagram.com\/elbotonradio\/\"]}]}<\/script>\n<!-- \/ Yoast SEO plugin. -->","yoast_head_json":{"title":"Q94.5 All Rock - El Bot\u00f3n","robots":{"index":"index","follow":"follow","max-snippet":"max-snippet:-1","max-image-preview":"max-image-preview:large","max-video-preview":"max-video-preview:-1"},"canonical":"https:\/\/elboton.com\/q945allrock\/","og_locale":"es_ES","og_type":"article","og_title":"Q94.5 All Rock - El Bot\u00f3n","og_description":"Q94.5 All Rock Classic Rock Play Ll\u00e1manos a cabina ShareShare with FacebookShare with TwitterCopy \u00daltimas Canciones Escucha esta estaci\u00f3n en tu Amazon Alexa","og_url":"https:\/\/elboton.com\/q945allrock\/","og_site_name":"El Bot\u00f3n","article_publisher":"https:\/\/www.facebook.com\/elbotonradio\/","article_modified_time":"2024-03-14T18:20:46+00:00","og_image":[{"width":280,"height":280,"url":"https:\/\/elboton.com\/wp-content\/uploads\/sites\/6\/2024\/03\/Q-Rock-Card-Dark-Blue.png","type":"image\/png"}],"twitter_card":"summary_large_image","twitter_site":"@elbotonradio","twitter_misc":{"Est. reading time":"1 minuto"},"schema":{"@context":"https:\/\/schema.org","@graph":[{"@type":"WebPage","@id":"https:\/\/elboton.com\/q945allrock\/","url":"https:\/\/elboton.com\/q945allrock\/","name":"Q94.5 All Rock - El Bot\u00f3n","isPartOf":{"@id":"https:\/\/elboton.com\/los-angeles\/#website"},"primaryImageOfPage":{"@id":"https:\/\/elboton.com\/q945allrock\/#primaryimage"},"image":{"@id":"https:\/\/elboton.com\/q945allrock\/#primaryimage"},"thumbnailUrl":"https:\/\/elboton.com\/wp-content\/uploads\/sites\/6\/2024\/03\/Q-Rock-Card-Dark-Blue.png","datePublished":"2020-08-11T18:09:20+00:00","dateModified":"2024-03-14T18:20:46+00:00","breadcrumb":{"@id":"https:\/\/elboton.com\/q945allrock\/#breadcrumb"},"inLanguage":"es","potentialAction":[{"@type":"ReadAction","target":["https:\/\/elboton.com\/q945allrock\/"]}]},{"@type":"ImageObject","inLanguage":"es","@id":"https:\/\/elboton.com\/q945allrock\/#primaryimage","url":"https:\/\/elboton.com\/wp-content\/uploads\/sites\/6\/2024\/03\/Q-Rock-Card-Dark-Blue.png","contentUrl":"https:\/\/elboton.com\/wp-content\/uploads\/sites\/6\/2024\/03\/Q-Rock-Card-Dark-Blue.png","width":280,"height":280},{"@type":"BreadcrumbList","@id":"https:\/\/elboton.com\/q945allrock\/#breadcrumb","itemListElement":[{"@type":"ListItem","position":1,"name":"Home","item":"https:\/\/elboton.com\/los-angeles\/"},{"@type":"ListItem","position":2,"name":"Q94.5 All Rock"}]},{"@type":"WebSite","@id":"https:\/\/elboton.com\/los-angeles\/#website","url":"https:\/\/elboton.com\/los-angeles\/","name":"El Bot\u00f3n","description":"Toda la m\u00fasica latina y los mejores podcasts en espa\u00f1ol.","publisher":{"@id":"https:\/\/elboton.com\/los-angeles\/#organization"},"potentialAction":[{"@type":"SearchAction","target":{"@type":"EntryPoint","urlTemplate":"https:\/\/elboton.com\/los-angeles\/?s={search_term_string}"},"query-input":{"@type":"PropertyValueSpecification","valueRequired":true,"valueName":"search_term_string"}}],"inLanguage":"es"},{"@type":"Organization","@id":"https:\/\/elboton.com\/los-angeles\/#organization","name":"Entravision","url":"https:\/\/elboton.com\/los-angeles\/","logo":{"@type":"ImageObject","inLanguage":"es","@id":"https:\/\/elboton.com\/los-angeles\/#\/schema\/logo\/image\/","url":"https:\/\/elboton.com\/wp-content\/uploads\/sites\/6\/2023\/10\/evc-e.png","contentUrl":"https:\/\/elboton.com\/wp-content\/uploads\/sites\/6\/2023\/10\/evc-e.png","width":255,"height":208,"caption":"Entravision"},"image":{"@id":"https:\/\/elboton.com\/los-angeles\/#\/schema\/logo\/image\/"},"sameAs":["https:\/\/www.facebook.com\/elbotonradio\/","https:\/\/x.com\/elbotonradio","https:\/\/www.tiktok.com\/@elbotonmusica?lang=es","https:\/\/www.instagram.com\/elbotonradio\/"]}]}},"parsely":{"version":"1.1.0","canonical_url":"https:\/\/elboton.com\/landing\/q945allrock\/","smart_links":{"inbound":0,"outbound":0},"traffic_boost_suggestions_count":0,"meta":{"@context":"https:\/\/schema.org","@type":"WebPage","headline":"Q94.5 All Rock","url":"http:\/\/elboton.com\/landing\/q945allrock\/","mainEntityOfPage":{"@type":"WebPage","@id":"http:\/\/elboton.com\/landing\/q945allrock\/"},"thumbnailUrl":"https:\/\/elboton.com\/wp-content\/uploads\/sites\/6\/2024\/03\/Q-Rock-Card-Dark-Blue.png?w=150&h=150&crop=1","image":{"@type":"ImageObject","url":"https:\/\/elboton.com\/wp-content\/uploads\/sites\/6\/2024\/03\/Q-Rock-Card-Dark-Blue.png"},"articleSection":"Uncategorized","author":[{"@type":"Person","name":"agomez"}],"creator":["agomez"],"publisher":{"@type":"Organization","name":"El Bot\u00f3n","logo":""},"keywords":[],"dateCreated":"2020-08-11T18:09:20Z","datePublished":"2020-08-11T18:09:20Z","dateModified":"2024-03-14T18:20:46Z"},"rendered":"<script type=\"application\/ld+json\" class=\"wp-parsely-metadata\">{\"@context\":\"https:\\\/\\\/schema.org\",\"@type\":\"WebPage\",\"headline\":\"Q94.5 All Rock\",\"url\":\"http:\\\/\\\/elboton.com\\\/landing\\\/q945allrock\\\/\",\"mainEntityOfPage\":{\"@type\":\"WebPage\",\"@id\":\"http:\\\/\\\/elboton.com\\\/landing\\\/q945allrock\\\/\"},\"thumbnailUrl\":\"https:\\\/\\\/elboton.com\\\/wp-content\\\/uploads\\\/sites\\\/6\\\/2024\\\/03\\\/Q-Rock-Card-Dark-Blue.png?w=150&h=150&crop=1\",\"image\":{\"@type\":\"ImageObject\",\"url\":\"https:\\\/\\\/elboton.com\\\/wp-content\\\/uploads\\\/sites\\\/6\\\/2024\\\/03\\\/Q-Rock-Card-Dark-Blue.png\"},\"articleSection\":\"Uncategorized\",\"author\":[{\"@type\":\"Person\",\"name\":\"agomez\"}],\"creator\":[\"agomez\"],\"publisher\":{\"@type\":\"Organization\",\"name\":\"El Bot\\u00f3n\",\"logo\":\"\"},\"keywords\":[],\"dateCreated\":\"2020-08-11T18:09:20Z\",\"datePublished\":\"2020-08-11T18:09:20Z\",\"dateModified\":\"2024-03-14T18:20:46Z\"}<\/script>","tracker_url":"https:\/\/cdn.parsely.com\/keys\/elboton.com\/p.js"},"jetpack_sharing_enabled":true,"_links":{"self":[{"href":"https:\/\/elboton.com\/landing\/wp-json\/wp\/v2\/pages\/7773","targetHints":{"allow":["GET"]}}],"collection":[{"href":"https:\/\/elboton.com\/landing\/wp-json\/wp\/v2\/pages"}],"about":[{"href":"https:\/\/elboton.com\/landing\/wp-json\/wp\/v2\/types\/page"}],"author":[{"embeddable":true,"href":"https:\/\/elboton.com\/landing\/wp-json\/wp\/v2\/users\/14"}],"replies":[{"embeddable":true,"href":"https:\/\/elboton.com\/landing\/wp-json\/wp\/v2\/comments?post=7773"}],"version-history":[{"count":32,"href":"https:\/\/elboton.com\/landing\/wp-json\/wp\/v2\/pages\/7773\/revisions"}],"predecessor-version":[{"id":11491,"href":"https:\/\/elboton.com\/landing\/wp-json\/wp\/v2\/pages\/7773\/revisions\/11491"}],"wp:featuredmedia":[{"embeddable":true,"href":"https:\/\/elboton.com\/landing\/wp-json\/wp\/v2\/media\/1349648"}],"wp:attachment":[{"href":"https:\/\/elboton.com\/landing\/wp-json\/wp\/v2\/media?parent=7773"}],"wp:term":[{"taxonomy":"genre","embeddable":true,"href":"https:\/\/elboton.com\/landing\/wp-json\/wp\/v2\/genre?post=7773"},{"taxonomy":"languages","embeddable":true,"href":"https:\/\/elboton.com\/landing\/wp-json\/wp\/v2\/languages?post=7773"},{"taxonomy":"internal","embeddable":true,"href":"https:\/\/elboton.com\/landing\/wp-json\/wp\/v2\/internal?post=7773"}],"curies":[{"name":"wp","href":"https:\/\/api.w.org\/{rel}","templated":true}]}}