{"id":1830,"date":"2019-10-01T23:23:41","date_gmt":"2019-10-01T23:23:41","guid":{"rendered":"http:\/\/elboton.wordpress.staging.entravision.com\/?page_id=1830"},"modified":"2024-07-04T12:46:25","modified_gmt":"2024-07-04T19:46:25","slug":"contacto","status":"publish","type":"page","link":"https:\/\/elboton.com\/las-vegas\/fuegofm\/contacto\/","title":{"rendered":"Contacto"},"content":{"rendered":"<div id=\"entravision_chameleon_widget_post_title-15\" class=\"widget widget_entravision_chameleon_widget_post_title\">\n<h1 class=\"entry-title\">FuegoFM Contacto<\/h1>\n<\/div>\n\n\n\n\n<\/p>\n<div class=\"card-contact card-contact_cta\">\n<h3>Queremos saber<br \/>tu opini\u00f3n<\/h3>\n<div class=\"card-contact__content\">\n<p>\u00bfQuieres que toquemos tu canci\u00f3n? \u00bfAlgo no funciona en nuestra p\u00e1gina? \u00bfQu\u00e9 promoci\u00f3n te gustar\u00eda que tuvi\u00e9ramos? \u00bfTe gustar\u00eda alguna de nuestras estaciones estuviera en tu ciudad?<span class=\"card-contact__content_write-us\">Escr\u00edbenos y dinos lo que piensas a<\/span><\/p>\n<p><a href=\"javascript:void(0);\" class=\"card-contact_btn clipboard-text contact-clipboard-desktop\" title=\"Fuego927@elboton.com\" data-info=\"Fuego927@elboton.com\">Fuego927@elboton.com<\/a><\/p><\/div>\n<\/div>\n<div class=\"contact-addr card-contact card-contact_ads\">\n<h3>Promociones<br \/>y ventas<\/h3>\n<div class=\"card-contact__content\"><span class=\"station-address\">500 Pilot Road, Suite D Las Vegas, NV 89119<\/span><br \/>\n<a href=\"javascript:void(0);\" class=\"station-email clipboard-text contact-clipboard-desktop\" title=\"cjordan@entravision.com\" data-info=\"cjordan@entravision.com\">cjordan@entravision.com<\/a><br \/>\n<!-- <a href=\"mailto:renemorales@entravision.com\" class=\"station-email\">Rene Morales Senior Vice President<br \/>,renemorales@entravision.com<\/a>\n<span class=\"station-phone\">Direct Line: 702-434-0015<br \/>Fax: 702-507-1084<\/span>\n&#091;elboton_contact_device_info class=\"station-email clipboard-text\" title=\"jgassner@entravision.com\" href=\"mailto:jgassner@entravision.com\" info=\"jgassner@entravision.com\"&#093;\n<span class=\"station-phone\">&#091;elboton_contact_device_info class=\"clipboard-text\" title=\"Tel: 702-507-1046\" href=\"tel:702-507-1046\" info=\"702-507-1046\"&#093;<br \/> Fax: 702-507-1086<\/span>\n<a href=\"mailto:jmonreal@entravision.com\" class=\"station-email\">Jos\u00e9 Monreal Senior Business Operations Manager<br \/>,jmonreal@entravision.com<\/a><span class=\"station-phone\">Direct Line: 702-507-1002<br \/>Fax: 702-896-3599<\/span>\n<a href=\"mailto:oscarcampos@entravision.com\" class=\"station-email\">Oscar Campos Promotions Director<br \/>,oscarcampos@entravision.com<\/a><span class=\"station-phone\">Direct Line: 702-507-1011<br \/>Fax: 702-434-0527<\/span><a href=\"mailto:jgarcia@entravision.com\" class=\"station-email\">John Garcia Director of Engineerin<br \/>,jgarcia@entravision.com<\/a><span class=\"station-phone\">Direct Line: 702-507-1005<br \/>Fax: 702-434-0527<\/span> -->\n<\/div>\n<\/div>\n<div class=\"contact-social\">\n<h2>\u00a1S\u00edguenos!<\/h2>\n<ul>\n<li class=\"station-social-facebook\"><a href=\"https:\/\/www.facebook.com\/FuegoLasVegas\" target=\"_blank\" rel=\"noopener noreferrer\"><\/a><\/li>\n<\/ul>\n<\/div>\n<p>\n\n","protected":false},"excerpt":{"rendered":"<p>FuegoFM Contacto Queremos sabertu opini\u00f3n \u00bfQuieres que toquemos tu canci\u00f3n? \u00bfAlgo no funciona en nuestra p\u00e1gina? \u00bfQu\u00e9 promoci\u00f3n te gustar\u00eda que tuvi\u00e9ramos? \u00bfTe gustar\u00eda alguna de nuestras estaciones estuviera en tu ciudad?Escr\u00edbenos y dinos lo que piensas a Fuego927@elboton.com Promocionesy ventas 500 Pilot Road, Suite D Las Vegas, NV 89119 cjordan@entravision.com \u00a1S\u00edguenos!<\/p>\n","protected":false},"author":14,"featured_media":1318967,"parent":1816,"menu_order":0,"comment_status":"closed","ping_status":"closed","template":"custom-page-template-radio","meta":{"footnotes":""},"genre":[],"languages":[],"internal":[],"class_list":["post-1830","page","type-page","status-publish","has-post-thumbnail","hentry","market-global"],"yoast_head":"<!-- This site is optimized with the Yoast SEO plugin v24.4 - https:\/\/yoast.com\/wordpress\/plugins\/seo\/ -->\n<title>Contacto - El Bot\u00f3n<\/title>\n<meta name=\"robots\" content=\"index, follow, max-snippet:-1, max-image-preview:large, max-video-preview:-1\" \/>\n<link rel=\"canonical\" href=\"https:\/\/elboton.com\/fuegofm\/contacto\/\" \/>\n<meta property=\"og:locale\" content=\"es_ES\" \/>\n<meta property=\"og:type\" content=\"article\" \/>\n<meta property=\"og:title\" content=\"Contacto - El Bot\u00f3n\" \/>\n<meta property=\"og:description\" content=\"FuegoFM Contacto Queremos sabertu opini\u00f3n \u00bfQuieres que toquemos tu canci\u00f3n? \u00bfAlgo no funciona en nuestra p\u00e1gina? \u00bfQu\u00e9 promoci\u00f3n te gustar\u00eda que tuvi\u00e9ramos? \u00bfTe gustar\u00eda alguna de nuestras estaciones estuviera en tu ciudad?Escr\u00edbenos y dinos lo que piensas a Fuego927@elboton.com Promocionesy ventas 500 Pilot Road, Suite D Las Vegas, NV 89119 cjordan@entravision.com \u00a1S\u00edguenos!\" \/>\n<meta property=\"og:url\" content=\"https:\/\/elboton.com\/fuegofm\/contacto\/\" \/>\n<meta property=\"og:site_name\" content=\"El Bot\u00f3n\" \/>\n<meta property=\"article:publisher\" content=\"https:\/\/www.facebook.com\/elbotonradio\/\" \/>\n<meta property=\"article:modified_time\" content=\"2024-07-04T19:46:25+00:00\" \/>\n<meta property=\"og:image\" content=\"https:\/\/elboton.com\/wp-content\/uploads\/sites\/6\/2021\/04\/button-fuego.png\" \/>\n\t<meta property=\"og:image:width\" content=\"280\" \/>\n\t<meta property=\"og:image:height\" content=\"280\" \/>\n\t<meta property=\"og:image:type\" content=\"image\/png\" \/>\n<meta name=\"twitter:card\" content=\"summary_large_image\" \/>\n<meta name=\"twitter:site\" content=\"@elbotonradio\" \/>\n<meta name=\"twitter:label1\" content=\"Est. reading time\" \/>\n\t<meta name=\"twitter:data1\" content=\"4 minutos\" \/>\n<script type=\"application\/ld+json\" class=\"yoast-schema-graph\">{\"@context\":\"https:\/\/schema.org\",\"@graph\":[{\"@type\":\"WebPage\",\"@id\":\"https:\/\/elboton.com\/fuegofm\/contacto\/\",\"url\":\"https:\/\/elboton.com\/fuegofm\/contacto\/\",\"name\":\"Contacto - El Bot\u00f3n\",\"isPartOf\":{\"@id\":\"https:\/\/elboton.com\/los-angeles\/#website\"},\"primaryImageOfPage\":{\"@id\":\"https:\/\/elboton.com\/fuegofm\/contacto\/#primaryimage\"},\"image\":{\"@id\":\"https:\/\/elboton.com\/fuegofm\/contacto\/#primaryimage\"},\"thumbnailUrl\":\"https:\/\/elboton.com\/wp-content\/uploads\/sites\/6\/2021\/04\/button-fuego.png\",\"datePublished\":\"2019-10-01T23:23:41+00:00\",\"dateModified\":\"2024-07-04T19:46:25+00:00\",\"breadcrumb\":{\"@id\":\"https:\/\/elboton.com\/fuegofm\/contacto\/#breadcrumb\"},\"inLanguage\":\"es\",\"potentialAction\":[{\"@type\":\"ReadAction\",\"target\":[\"https:\/\/elboton.com\/fuegofm\/contacto\/\"]}]},{\"@type\":\"ImageObject\",\"inLanguage\":\"es\",\"@id\":\"https:\/\/elboton.com\/fuegofm\/contacto\/#primaryimage\",\"url\":\"https:\/\/elboton.com\/wp-content\/uploads\/sites\/6\/2021\/04\/button-fuego.png\",\"contentUrl\":\"https:\/\/elboton.com\/wp-content\/uploads\/sites\/6\/2021\/04\/button-fuego.png\",\"width\":280,\"height\":280},{\"@type\":\"BreadcrumbList\",\"@id\":\"https:\/\/elboton.com\/fuegofm\/contacto\/#breadcrumb\",\"itemListElement\":[{\"@type\":\"ListItem\",\"position\":1,\"name\":\"Home\",\"item\":\"https:\/\/elboton.com\/los-angeles\/\"},{\"@type\":\"ListItem\",\"position\":2,\"name\":\"Fuego\",\"item\":\"https:\/\/elboton.com\/fuegofm\/\"},{\"@type\":\"ListItem\",\"position\":3,\"name\":\"Contacto\"}]},{\"@type\":\"WebSite\",\"@id\":\"https:\/\/elboton.com\/los-angeles\/#website\",\"url\":\"https:\/\/elboton.com\/los-angeles\/\",\"name\":\"El Bot\u00f3n\",\"description\":\"Toda la m\u00fasica latina y los mejores podcasts en espa\u00f1ol.\",\"publisher\":{\"@id\":\"https:\/\/elboton.com\/los-angeles\/#organization\"},\"potentialAction\":[{\"@type\":\"SearchAction\",\"target\":{\"@type\":\"EntryPoint\",\"urlTemplate\":\"https:\/\/elboton.com\/los-angeles\/?s={search_term_string}\"},\"query-input\":{\"@type\":\"PropertyValueSpecification\",\"valueRequired\":true,\"valueName\":\"search_term_string\"}}],\"inLanguage\":\"es\"},{\"@type\":\"Organization\",\"@id\":\"https:\/\/elboton.com\/los-angeles\/#organization\",\"name\":\"Entravision\",\"url\":\"https:\/\/elboton.com\/los-angeles\/\",\"logo\":{\"@type\":\"ImageObject\",\"inLanguage\":\"es\",\"@id\":\"https:\/\/elboton.com\/los-angeles\/#\/schema\/logo\/image\/\",\"url\":\"https:\/\/elboton.com\/wp-content\/uploads\/sites\/6\/2023\/10\/evc-e.png\",\"contentUrl\":\"https:\/\/elboton.com\/wp-content\/uploads\/sites\/6\/2023\/10\/evc-e.png\",\"width\":255,\"height\":208,\"caption\":\"Entravision\"},\"image\":{\"@id\":\"https:\/\/elboton.com\/los-angeles\/#\/schema\/logo\/image\/\"},\"sameAs\":[\"https:\/\/www.facebook.com\/elbotonradio\/\",\"https:\/\/x.com\/elbotonradio\",\"https:\/\/www.tiktok.com\/@elbotonmusica?lang=es\",\"https:\/\/www.instagram.com\/elbotonradio\/\"]}]}<\/script>\n<!-- \/ Yoast SEO plugin. -->","yoast_head_json":{"title":"Contacto - El Bot\u00f3n","robots":{"index":"index","follow":"follow","max-snippet":"max-snippet:-1","max-image-preview":"max-image-preview:large","max-video-preview":"max-video-preview:-1"},"canonical":"https:\/\/elboton.com\/fuegofm\/contacto\/","og_locale":"es_ES","og_type":"article","og_title":"Contacto - El Bot\u00f3n","og_description":"FuegoFM Contacto Queremos sabertu opini\u00f3n \u00bfQuieres que toquemos tu canci\u00f3n? \u00bfAlgo no funciona en nuestra p\u00e1gina? \u00bfQu\u00e9 promoci\u00f3n te gustar\u00eda que tuvi\u00e9ramos? \u00bfTe gustar\u00eda alguna de nuestras estaciones estuviera en tu ciudad?Escr\u00edbenos y dinos lo que piensas a Fuego927@elboton.com Promocionesy ventas 500 Pilot Road, Suite D Las Vegas, NV 89119 cjordan@entravision.com \u00a1S\u00edguenos!","og_url":"https:\/\/elboton.com\/fuegofm\/contacto\/","og_site_name":"El Bot\u00f3n","article_publisher":"https:\/\/www.facebook.com\/elbotonradio\/","article_modified_time":"2024-07-04T19:46:25+00:00","og_image":[{"width":280,"height":280,"url":"https:\/\/elboton.com\/wp-content\/uploads\/sites\/6\/2021\/04\/button-fuego.png","type":"image\/png"}],"twitter_card":"summary_large_image","twitter_site":"@elbotonradio","twitter_misc":{"Est. reading time":"4 minutos"},"schema":{"@context":"https:\/\/schema.org","@graph":[{"@type":"WebPage","@id":"https:\/\/elboton.com\/fuegofm\/contacto\/","url":"https:\/\/elboton.com\/fuegofm\/contacto\/","name":"Contacto - El Bot\u00f3n","isPartOf":{"@id":"https:\/\/elboton.com\/los-angeles\/#website"},"primaryImageOfPage":{"@id":"https:\/\/elboton.com\/fuegofm\/contacto\/#primaryimage"},"image":{"@id":"https:\/\/elboton.com\/fuegofm\/contacto\/#primaryimage"},"thumbnailUrl":"https:\/\/elboton.com\/wp-content\/uploads\/sites\/6\/2021\/04\/button-fuego.png","datePublished":"2019-10-01T23:23:41+00:00","dateModified":"2024-07-04T19:46:25+00:00","breadcrumb":{"@id":"https:\/\/elboton.com\/fuegofm\/contacto\/#breadcrumb"},"inLanguage":"es","potentialAction":[{"@type":"ReadAction","target":["https:\/\/elboton.com\/fuegofm\/contacto\/"]}]},{"@type":"ImageObject","inLanguage":"es","@id":"https:\/\/elboton.com\/fuegofm\/contacto\/#primaryimage","url":"https:\/\/elboton.com\/wp-content\/uploads\/sites\/6\/2021\/04\/button-fuego.png","contentUrl":"https:\/\/elboton.com\/wp-content\/uploads\/sites\/6\/2021\/04\/button-fuego.png","width":280,"height":280},{"@type":"BreadcrumbList","@id":"https:\/\/elboton.com\/fuegofm\/contacto\/#breadcrumb","itemListElement":[{"@type":"ListItem","position":1,"name":"Home","item":"https:\/\/elboton.com\/los-angeles\/"},{"@type":"ListItem","position":2,"name":"Fuego","item":"https:\/\/elboton.com\/fuegofm\/"},{"@type":"ListItem","position":3,"name":"Contacto"}]},{"@type":"WebSite","@id":"https:\/\/elboton.com\/los-angeles\/#website","url":"https:\/\/elboton.com\/los-angeles\/","name":"El Bot\u00f3n","description":"Toda la m\u00fasica latina y los mejores podcasts en espa\u00f1ol.","publisher":{"@id":"https:\/\/elboton.com\/los-angeles\/#organization"},"potentialAction":[{"@type":"SearchAction","target":{"@type":"EntryPoint","urlTemplate":"https:\/\/elboton.com\/los-angeles\/?s={search_term_string}"},"query-input":{"@type":"PropertyValueSpecification","valueRequired":true,"valueName":"search_term_string"}}],"inLanguage":"es"},{"@type":"Organization","@id":"https:\/\/elboton.com\/los-angeles\/#organization","name":"Entravision","url":"https:\/\/elboton.com\/los-angeles\/","logo":{"@type":"ImageObject","inLanguage":"es","@id":"https:\/\/elboton.com\/los-angeles\/#\/schema\/logo\/image\/","url":"https:\/\/elboton.com\/wp-content\/uploads\/sites\/6\/2023\/10\/evc-e.png","contentUrl":"https:\/\/elboton.com\/wp-content\/uploads\/sites\/6\/2023\/10\/evc-e.png","width":255,"height":208,"caption":"Entravision"},"image":{"@id":"https:\/\/elboton.com\/los-angeles\/#\/schema\/logo\/image\/"},"sameAs":["https:\/\/www.facebook.com\/elbotonradio\/","https:\/\/x.com\/elbotonradio","https:\/\/www.tiktok.com\/@elbotonmusica?lang=es","https:\/\/www.instagram.com\/elbotonradio\/"]}]}},"parsely":{"version":"1.1.0","canonical_url":"https:\/\/elboton.com\/las-vegas\/fuegofm\/contacto\/","smart_links":{"inbound":0,"outbound":0},"traffic_boost_suggestions_count":0,"meta":{"@context":"https:\/\/schema.org","@type":"WebPage","headline":"Contacto","url":"http:\/\/elboton.com\/las-vegas\/fuegofm\/contacto\/","mainEntityOfPage":{"@type":"WebPage","@id":"http:\/\/elboton.com\/las-vegas\/fuegofm\/contacto\/"},"thumbnailUrl":"https:\/\/elboton.com\/wp-content\/uploads\/sites\/6\/2021\/04\/button-fuego.png?w=150&h=150&crop=1","image":{"@type":"ImageObject","url":"https:\/\/elboton.com\/wp-content\/uploads\/sites\/6\/2021\/04\/button-fuego.png"},"articleSection":"Uncategorized","author":[{"@type":"Person","name":"agomez"}],"creator":["agomez"],"publisher":{"@type":"Organization","name":"El Bot\u00f3n","logo":""},"keywords":[],"dateCreated":"2019-10-01T23:23:41Z","datePublished":"2019-10-01T23:23:41Z","dateModified":"2024-07-04T19:46:25Z"},"rendered":"<script type=\"application\/ld+json\" class=\"wp-parsely-metadata\">{\"@context\":\"https:\\\/\\\/schema.org\",\"@type\":\"WebPage\",\"headline\":\"Contacto\",\"url\":\"http:\\\/\\\/elboton.com\\\/las-vegas\\\/fuegofm\\\/contacto\\\/\",\"mainEntityOfPage\":{\"@type\":\"WebPage\",\"@id\":\"http:\\\/\\\/elboton.com\\\/las-vegas\\\/fuegofm\\\/contacto\\\/\"},\"thumbnailUrl\":\"https:\\\/\\\/elboton.com\\\/wp-content\\\/uploads\\\/sites\\\/6\\\/2021\\\/04\\\/button-fuego.png?w=150&h=150&crop=1\",\"image\":{\"@type\":\"ImageObject\",\"url\":\"https:\\\/\\\/elboton.com\\\/wp-content\\\/uploads\\\/sites\\\/6\\\/2021\\\/04\\\/button-fuego.png\"},\"articleSection\":\"Uncategorized\",\"author\":[{\"@type\":\"Person\",\"name\":\"agomez\"}],\"creator\":[\"agomez\"],\"publisher\":{\"@type\":\"Organization\",\"name\":\"El Bot\\u00f3n\",\"logo\":\"\"},\"keywords\":[],\"dateCreated\":\"2019-10-01T23:23:41Z\",\"datePublished\":\"2019-10-01T23:23:41Z\",\"dateModified\":\"2024-07-04T19:46:25Z\"}<\/script>","tracker_url":"https:\/\/cdn.parsely.com\/keys\/elboton.com\/p.js"},"jetpack_sharing_enabled":true,"_links":{"self":[{"href":"https:\/\/elboton.com\/las-vegas\/wp-json\/wp\/v2\/pages\/1830","targetHints":{"allow":["GET"]}}],"collection":[{"href":"https:\/\/elboton.com\/las-vegas\/wp-json\/wp\/v2\/pages"}],"about":[{"href":"https:\/\/elboton.com\/las-vegas\/wp-json\/wp\/v2\/types\/page"}],"author":[{"embeddable":true,"href":"https:\/\/elboton.com\/las-vegas\/wp-json\/wp\/v2\/users\/14"}],"replies":[{"embeddable":true,"href":"https:\/\/elboton.com\/las-vegas\/wp-json\/wp\/v2\/comments?post=1830"}],"version-history":[{"count":23,"href":"https:\/\/elboton.com\/las-vegas\/wp-json\/wp\/v2\/pages\/1830\/revisions"}],"predecessor-version":[{"id":1350510,"href":"https:\/\/elboton.com\/las-vegas\/wp-json\/wp\/v2\/pages\/1830\/revisions\/1350510"}],"up":[{"embeddable":true,"href":"https:\/\/elboton.com\/las-vegas\/wp-json\/wp\/v2\/pages\/1816"}],"wp:featuredmedia":[{"embeddable":true,"href":"https:\/\/elboton.com\/las-vegas\/wp-json\/wp\/v2\/media\/1318967"}],"wp:attachment":[{"href":"https:\/\/elboton.com\/las-vegas\/wp-json\/wp\/v2\/media?parent=1830"}],"wp:term":[{"taxonomy":"genre","embeddable":true,"href":"https:\/\/elboton.com\/las-vegas\/wp-json\/wp\/v2\/genre?post=1830"},{"taxonomy":"languages","embeddable":true,"href":"https:\/\/elboton.com\/las-vegas\/wp-json\/wp\/v2\/languages?post=1830"},{"taxonomy":"internal","embeddable":true,"href":"https:\/\/elboton.com\/las-vegas\/wp-json\/wp\/v2\/internal?post=1830"}],"curies":[{"name":"wp","href":"https:\/\/api.w.org\/{rel}","templated":true}]}}