{"id":1346200,"date":"2023-06-09T12:05:31","date_gmt":"2023-06-09T19:05:31","guid":{"rendered":"https:\/\/elboton.com\/?page_id=1346200"},"modified":"2023-06-26T16:43:15","modified_gmt":"2023-06-26T23:43:15","slug":"programa","status":"publish","type":"page","link":"https:\/\/elboton.com\/los-angeles\/programa\/","title":{"rendered":"Programa (Podcasts)"},"content":{"rendered":"","protected":false},"excerpt":{"rendered":"","protected":false},"author":14,"featured_media":5562,"parent":0,"menu_order":0,"comment_status":"closed","ping_status":"closed","template":"","meta":{"footnotes":""},"genre":[],"languages":[],"internal":[],"class_list":["post-1346200","page","type-page","status-publish","has-post-thumbnail","hentry","market-global"],"yoast_head":"<!-- This site is optimized with the Yoast SEO plugin v24.4 - https:\/\/yoast.com\/wordpress\/plugins\/seo\/ -->\n<title>Programa (Podcasts) - El Bot\u00f3n<\/title>\n<meta name=\"robots\" content=\"index, follow, max-snippet:-1, max-image-preview:large, max-video-preview:-1\" \/>\n<link rel=\"canonical\" href=\"https:\/\/elboton.com\/programa\/\" \/>\n<meta property=\"og:locale\" content=\"es_ES\" \/>\n<meta property=\"og:type\" content=\"article\" \/>\n<meta property=\"og:title\" content=\"Programa (Podcasts) - El Bot\u00f3n\" \/>\n<meta property=\"og:url\" content=\"https:\/\/elboton.com\/programa\/\" \/>\n<meta property=\"og:site_name\" content=\"El Bot\u00f3n\" \/>\n<meta property=\"article:publisher\" content=\"https:\/\/www.facebook.com\/elbotonradio\/\" \/>\n<meta property=\"article:modified_time\" content=\"2023-06-26T23:43:15+00:00\" \/>\n<meta property=\"og:image\" content=\"https:\/\/elboton.com\/wp-content\/uploads\/sites\/6\/2020\/06\/logo-el-boton-1.png\" \/>\n\t<meta property=\"og:image:width\" content=\"150\" \/>\n\t<meta property=\"og:image:height\" content=\"150\" \/>\n\t<meta property=\"og:image:type\" content=\"image\/png\" \/>\n<meta name=\"twitter:card\" content=\"summary_large_image\" \/>\n<meta name=\"twitter:site\" content=\"@elbotonradio\" \/>\n<script type=\"application\/ld+json\" class=\"yoast-schema-graph\">{\"@context\":\"https:\/\/schema.org\",\"@graph\":[{\"@type\":\"WebPage\",\"@id\":\"https:\/\/elboton.com\/programa\/\",\"url\":\"https:\/\/elboton.com\/programa\/\",\"name\":\"Programa (Podcasts) - El Bot\u00f3n\",\"isPartOf\":{\"@id\":\"https:\/\/elboton.com\/los-angeles\/#website\"},\"primaryImageOfPage\":{\"@id\":\"https:\/\/elboton.com\/programa\/#primaryimage\"},\"image\":{\"@id\":\"https:\/\/elboton.com\/programa\/#primaryimage\"},\"thumbnailUrl\":\"https:\/\/elboton.com\/wp-content\/uploads\/sites\/6\/2020\/06\/logo-el-boton-1.png\",\"datePublished\":\"2023-06-09T19:05:31+00:00\",\"dateModified\":\"2023-06-26T23:43:15+00:00\",\"breadcrumb\":{\"@id\":\"https:\/\/elboton.com\/programa\/#breadcrumb\"},\"inLanguage\":\"es\",\"potentialAction\":[{\"@type\":\"ReadAction\",\"target\":[\"https:\/\/elboton.com\/programa\/\"]}]},{\"@type\":\"ImageObject\",\"inLanguage\":\"es\",\"@id\":\"https:\/\/elboton.com\/programa\/#primaryimage\",\"url\":\"https:\/\/elboton.com\/wp-content\/uploads\/sites\/6\/2020\/06\/logo-el-boton-1.png\",\"contentUrl\":\"https:\/\/elboton.com\/wp-content\/uploads\/sites\/6\/2020\/06\/logo-el-boton-1.png\",\"width\":150,\"height\":150},{\"@type\":\"BreadcrumbList\",\"@id\":\"https:\/\/elboton.com\/programa\/#breadcrumb\",\"itemListElement\":[{\"@type\":\"ListItem\",\"position\":1,\"name\":\"Home\",\"item\":\"https:\/\/elboton.com\/los-angeles\/\"},{\"@type\":\"ListItem\",\"position\":2,\"name\":\"Programa (Podcasts)\"}]},{\"@type\":\"WebSite\",\"@id\":\"https:\/\/elboton.com\/los-angeles\/#website\",\"url\":\"https:\/\/elboton.com\/los-angeles\/\",\"name\":\"El Bot\u00f3n\",\"description\":\"Toda la m\u00fasica latina y los mejores podcasts en espa\u00f1ol.\",\"publisher\":{\"@id\":\"https:\/\/elboton.com\/los-angeles\/#organization\"},\"potentialAction\":[{\"@type\":\"SearchAction\",\"target\":{\"@type\":\"EntryPoint\",\"urlTemplate\":\"https:\/\/elboton.com\/los-angeles\/?s={search_term_string}\"},\"query-input\":{\"@type\":\"PropertyValueSpecification\",\"valueRequired\":true,\"valueName\":\"search_term_string\"}}],\"inLanguage\":\"es\"},{\"@type\":\"Organization\",\"@id\":\"https:\/\/elboton.com\/los-angeles\/#organization\",\"name\":\"Entravision\",\"url\":\"https:\/\/elboton.com\/los-angeles\/\",\"logo\":{\"@type\":\"ImageObject\",\"inLanguage\":\"es\",\"@id\":\"https:\/\/elboton.com\/los-angeles\/#\/schema\/logo\/image\/\",\"url\":\"https:\/\/elboton.com\/wp-content\/uploads\/sites\/6\/2023\/10\/evc-e.png\",\"contentUrl\":\"https:\/\/elboton.com\/wp-content\/uploads\/sites\/6\/2023\/10\/evc-e.png\",\"width\":255,\"height\":208,\"caption\":\"Entravision\"},\"image\":{\"@id\":\"https:\/\/elboton.com\/los-angeles\/#\/schema\/logo\/image\/\"},\"sameAs\":[\"https:\/\/www.facebook.com\/elbotonradio\/\",\"https:\/\/x.com\/elbotonradio\",\"https:\/\/www.tiktok.com\/@elbotonmusica?lang=es\",\"https:\/\/www.instagram.com\/elbotonradio\/\"]}]}<\/script>\n<!-- \/ Yoast SEO plugin. -->","yoast_head_json":{"title":"Programa (Podcasts) - El Bot\u00f3n","robots":{"index":"index","follow":"follow","max-snippet":"max-snippet:-1","max-image-preview":"max-image-preview:large","max-video-preview":"max-video-preview:-1"},"canonical":"https:\/\/elboton.com\/programa\/","og_locale":"es_ES","og_type":"article","og_title":"Programa (Podcasts) - El Bot\u00f3n","og_url":"https:\/\/elboton.com\/programa\/","og_site_name":"El Bot\u00f3n","article_publisher":"https:\/\/www.facebook.com\/elbotonradio\/","article_modified_time":"2023-06-26T23:43:15+00:00","og_image":[{"width":150,"height":150,"url":"https:\/\/elboton.com\/wp-content\/uploads\/sites\/6\/2020\/06\/logo-el-boton-1.png","type":"image\/png"}],"twitter_card":"summary_large_image","twitter_site":"@elbotonradio","schema":{"@context":"https:\/\/schema.org","@graph":[{"@type":"WebPage","@id":"https:\/\/elboton.com\/programa\/","url":"https:\/\/elboton.com\/programa\/","name":"Programa (Podcasts) - El Bot\u00f3n","isPartOf":{"@id":"https:\/\/elboton.com\/los-angeles\/#website"},"primaryImageOfPage":{"@id":"https:\/\/elboton.com\/programa\/#primaryimage"},"image":{"@id":"https:\/\/elboton.com\/programa\/#primaryimage"},"thumbnailUrl":"https:\/\/elboton.com\/wp-content\/uploads\/sites\/6\/2020\/06\/logo-el-boton-1.png","datePublished":"2023-06-09T19:05:31+00:00","dateModified":"2023-06-26T23:43:15+00:00","breadcrumb":{"@id":"https:\/\/elboton.com\/programa\/#breadcrumb"},"inLanguage":"es","potentialAction":[{"@type":"ReadAction","target":["https:\/\/elboton.com\/programa\/"]}]},{"@type":"ImageObject","inLanguage":"es","@id":"https:\/\/elboton.com\/programa\/#primaryimage","url":"https:\/\/elboton.com\/wp-content\/uploads\/sites\/6\/2020\/06\/logo-el-boton-1.png","contentUrl":"https:\/\/elboton.com\/wp-content\/uploads\/sites\/6\/2020\/06\/logo-el-boton-1.png","width":150,"height":150},{"@type":"BreadcrumbList","@id":"https:\/\/elboton.com\/programa\/#breadcrumb","itemListElement":[{"@type":"ListItem","position":1,"name":"Home","item":"https:\/\/elboton.com\/los-angeles\/"},{"@type":"ListItem","position":2,"name":"Programa (Podcasts)"}]},{"@type":"WebSite","@id":"https:\/\/elboton.com\/los-angeles\/#website","url":"https:\/\/elboton.com\/los-angeles\/","name":"El Bot\u00f3n","description":"Toda la m\u00fasica latina y los mejores podcasts en espa\u00f1ol.","publisher":{"@id":"https:\/\/elboton.com\/los-angeles\/#organization"},"potentialAction":[{"@type":"SearchAction","target":{"@type":"EntryPoint","urlTemplate":"https:\/\/elboton.com\/los-angeles\/?s={search_term_string}"},"query-input":{"@type":"PropertyValueSpecification","valueRequired":true,"valueName":"search_term_string"}}],"inLanguage":"es"},{"@type":"Organization","@id":"https:\/\/elboton.com\/los-angeles\/#organization","name":"Entravision","url":"https:\/\/elboton.com\/los-angeles\/","logo":{"@type":"ImageObject","inLanguage":"es","@id":"https:\/\/elboton.com\/los-angeles\/#\/schema\/logo\/image\/","url":"https:\/\/elboton.com\/wp-content\/uploads\/sites\/6\/2023\/10\/evc-e.png","contentUrl":"https:\/\/elboton.com\/wp-content\/uploads\/sites\/6\/2023\/10\/evc-e.png","width":255,"height":208,"caption":"Entravision"},"image":{"@id":"https:\/\/elboton.com\/los-angeles\/#\/schema\/logo\/image\/"},"sameAs":["https:\/\/www.facebook.com\/elbotonradio\/","https:\/\/x.com\/elbotonradio","https:\/\/www.tiktok.com\/@elbotonmusica?lang=es","https:\/\/www.instagram.com\/elbotonradio\/"]}]}},"parsely":{"version":"1.1.0","canonical_url":"https:\/\/elboton.com\/los-angeles\/programa\/","smart_links":{"inbound":0,"outbound":0},"traffic_boost_suggestions_count":0,"meta":{"@context":"https:\/\/schema.org","@type":"WebPage","headline":"Programa (Podcasts)","url":"http:\/\/elboton.com\/los-angeles\/programa\/","mainEntityOfPage":{"@type":"WebPage","@id":"http:\/\/elboton.com\/los-angeles\/programa\/"},"thumbnailUrl":"https:\/\/elboton.com\/wp-content\/uploads\/sites\/6\/2020\/06\/logo-el-boton-1.png?w=150&h=150&crop=1","image":{"@type":"ImageObject","url":"https:\/\/elboton.com\/wp-content\/uploads\/sites\/6\/2020\/06\/logo-el-boton-1.png"},"articleSection":"Uncategorized","author":[{"@type":"Person","name":"agomez"}],"creator":["agomez"],"publisher":{"@type":"Organization","name":"El Bot\u00f3n","logo":""},"keywords":[],"dateCreated":"2023-06-09T19:05:31Z","datePublished":"2023-06-09T19:05:31Z","dateModified":"2023-06-26T23:43:15Z"},"rendered":"<script type=\"application\/ld+json\" class=\"wp-parsely-metadata\">{\"@context\":\"https:\\\/\\\/schema.org\",\"@type\":\"WebPage\",\"headline\":\"Programa (Podcasts)\",\"url\":\"http:\\\/\\\/elboton.com\\\/los-angeles\\\/programa\\\/\",\"mainEntityOfPage\":{\"@type\":\"WebPage\",\"@id\":\"http:\\\/\\\/elboton.com\\\/los-angeles\\\/programa\\\/\"},\"thumbnailUrl\":\"https:\\\/\\\/elboton.com\\\/wp-content\\\/uploads\\\/sites\\\/6\\\/2020\\\/06\\\/logo-el-boton-1.png?w=150&h=150&crop=1\",\"image\":{\"@type\":\"ImageObject\",\"url\":\"https:\\\/\\\/elboton.com\\\/wp-content\\\/uploads\\\/sites\\\/6\\\/2020\\\/06\\\/logo-el-boton-1.png\"},\"articleSection\":\"Uncategorized\",\"author\":[{\"@type\":\"Person\",\"name\":\"agomez\"}],\"creator\":[\"agomez\"],\"publisher\":{\"@type\":\"Organization\",\"name\":\"El Bot\\u00f3n\",\"logo\":\"\"},\"keywords\":[],\"dateCreated\":\"2023-06-09T19:05:31Z\",\"datePublished\":\"2023-06-09T19:05:31Z\",\"dateModified\":\"2023-06-26T23:43:15Z\"}<\/script>","tracker_url":"https:\/\/cdn.parsely.com\/keys\/elboton.com\/p.js"},"jetpack_sharing_enabled":true,"_links":{"self":[{"href":"https:\/\/elboton.com\/los-angeles\/wp-json\/wp\/v2\/pages\/1346200","targetHints":{"allow":["GET"]}}],"collection":[{"href":"https:\/\/elboton.com\/los-angeles\/wp-json\/wp\/v2\/pages"}],"about":[{"href":"https:\/\/elboton.com\/los-angeles\/wp-json\/wp\/v2\/types\/page"}],"author":[{"embeddable":true,"href":"https:\/\/elboton.com\/los-angeles\/wp-json\/wp\/v2\/users\/14"}],"replies":[{"embeddable":true,"href":"https:\/\/elboton.com\/los-angeles\/wp-json\/wp\/v2\/comments?post=1346200"}],"version-history":[{"count":2,"href":"https:\/\/elboton.com\/los-angeles\/wp-json\/wp\/v2\/pages\/1346200\/revisions"}],"predecessor-version":[{"id":1346712,"href":"https:\/\/elboton.com\/los-angeles\/wp-json\/wp\/v2\/pages\/1346200\/revisions\/1346712"}],"wp:featuredmedia":[{"embeddable":true,"href":"https:\/\/elboton.com\/los-angeles\/wp-json\/wp\/v2\/media\/5562"}],"wp:attachment":[{"href":"https:\/\/elboton.com\/los-angeles\/wp-json\/wp\/v2\/media?parent=1346200"}],"wp:term":[{"taxonomy":"genre","embeddable":true,"href":"https:\/\/elboton.com\/los-angeles\/wp-json\/wp\/v2\/genre?post=1346200"},{"taxonomy":"languages","embeddable":true,"href":"https:\/\/elboton.com\/los-angeles\/wp-json\/wp\/v2\/languages?post=1346200"},{"taxonomy":"internal","embeddable":true,"href":"https:\/\/elboton.com\/los-angeles\/wp-json\/wp\/v2\/internal?post=1346200"}],"curies":[{"name":"wp","href":"https:\/\/api.w.org\/{rel}","templated":true}]}}