{"id":7761,"date":"2020-08-11T11:05:08","date_gmt":"2020-08-11T18:05:08","guid":{"rendered":"https:\/\/elboton.com\/?page_id=7761"},"modified":"2024-03-14T11:21:34","modified_gmt":"2024-03-14T18:21:34","slug":"923thefox","status":"publish","type":"page","link":"https:\/\/elboton.com\/los-angeles\/923thefox\/","title":{"rendered":"The Fox 92.3"},"content":{"rendered":"<h4 class=\"seo-tag los-angeles\">los-angeles<\/h4>\n<div class=\"radio-player-container los-angeles\">\n<div class=\"player-cover\">\n\t\t\t<img decoding=\"async\" src=\"https:\/\/elboton.com\/wp-content\/uploads\/sites\/6\/2024\/03\/The-Fox-Logo.png\" alt=\"923 The Fox\" \/>\n\t\t<\/div>\n<div id=\"radio-player-status\" class=\"\"><\/div>\n<div class=\"radio-info v3 los-angeles\">\n<div class=\"radio-info-wrapper los-angeles\">\n<div class=\"radio-player-features\">\n<p id=\"td-radio-title\" class=\"radio-player-title\">92.3 The Fox<\/p>\n<p id=\"td-track-title\" class=\"radio-player-title\">\n<p class=\"radio-player-info\">Classic Rock<\/p>\n<\/p><\/div>\n<a href=\"javascript:void(0)\" id=\"td-button-player\" class=\"td-uniplayer-control\" data-station=\"KOFXFM\" data-title=\"92.3 The Fox\" data-poster=\"https:\/\/elboton.com\/wp-content\/uploads\/sites\/6\/2024\/03\/The-Fox-Card-Dark-Blue.png\" data-triton-thepermalink=\"https:\/\/elboton.com\/los-angeles\/923thefox\/\" data-type=\"\"> Play <div style=\"display: none;\" class=\"player-loader center\"><span><\/span><\/div><\/a><\/div>\n<\/p><\/div>\n<\/div>\n<div class=\"radio-info\">\n<div class=\"radio-info-wrapper\">\n\t\t<!-- \n\n<div class=\"radio-cabina\"><a href=\"tel:1234567\">Ll\u00e1manos a cabina<\/a><\/div>\n\n --><br \/>\n\t\t<div id=\"69d270937dbc7\" class=\"social-share los-angeles\">\n\t<button role=\"switch\">Compartir<\/button><ul><li class=\"social-share-facebook\"><a href=\"https:\/\/www.facebook.com\/dialog\/share?app_id=194671771969828&amp;display=popup&amp;href=https:\/\/elboton.com\/los-angeles\/923thefox\/&message=The%20classics%20are%20here%20to%20stay.%20Period.%20Listen%20to%20them%20on%20%23TheFoxRadio%20%F0%9F%98%8Ehttps:\/\/www.facebook.com\/elbotonradio\" data-social-provider=\"facebook\" target=\"_blank\">Compartir con Facebook<\/a><\/li><li class=\"social-share-twitter\"><a href=\"https:\/\/twitter.com\/intent\/tweet?url=https:\/\/elboton.com\/los-angeles\/923thefox\/&text=The%20classics%20are%20here%20to%20stay.%20Period.%20Listen%20to%20them%20on%20%23TheFoxRadio%20%F0%9F%98%8E&via=ElBotonRadio\" data-social-provider=\"twitter\" target=\"_blank\">Compartir con Twitter<\/a><\/li><li class=\"social-share-whatsapp\"><a href=\"https:\/\/api.whatsapp.com\/send?text=The%20classics%20are%20here%20to%20stay.%20Period.%20Listen%20to%20them%20on%20%23TheFoxRadio%20%F0%9F%98%8E https:\/\/elboton.com\/los-angeles\/923thefox\/\" data-social-provider=\"whatsapp\" target=\"_blank\">Compartir con Whatsapp<\/a><\/li><\/ul><div id=\"social-copy-link\"><input id=\"social-input-copy-link\" type=\"text\" readonly=\"readonly\" value=\"https:\/\/elboton.com\/los-angeles\/923thefox\/\"><a class=\"social-copy-link\" href=\"#\">Copiar<\/a><\/div><\/div>\n\t<\/div>\n<\/div>\n<div id=\"td_synced_bigbox\" class=\"td_synced_bigbox\"><\/div>\n<div id=\"radio-track-list\" class=\"radio-track-list-container\">\n<div class=\"radio-track-list-wrapper\">\n<h2>\u00daltimas Canciones<\/h2>\n<div id=\"music-api-wrapper\"><\/div>\n<\/p><\/div>\n<\/div>\n<div class=\"alexa-skills los-angeles\">\n\t<a href=\"https:\/\/elboton.me\/3AXABNb\" target=\"_blank\" title=\"Alexa Skills\" rel=\"noopener noreferrer\"><\/p>\n<p>Escucha esta estaci\u00f3n en tu<\/p>\n<p>Amazon Alexa<\/p>\n<p>\t<\/a>\n<\/div>\n","protected":false},"excerpt":{"rendered":"<p>los-angeles 92.3 The Fox Classic Rock Play CompartirCompartir con FacebookCompartir con TwitterCompartir con WhatsappCopiar \u00daltimas Canciones Escucha esta estaci\u00f3n en tu Amazon Alexa<\/p>\n","protected":false},"author":14,"featured_media":1349655,"parent":0,"menu_order":0,"comment_status":"closed","ping_status":"closed","template":"custom-page-template-radio","meta":{"footnotes":""},"genre":[616],"languages":[],"internal":[614],"class_list":["post-7761","page","type-page","status-publish","has-post-thumbnail","hentry","genre-classic-rock","internal-923-the-fox","market-global"],"yoast_head":"<!-- This site is optimized with the Yoast SEO plugin v24.4 - https:\/\/yoast.com\/wordpress\/plugins\/seo\/ -->\n<title>The Fox 92.3 - El Bot\u00f3n<\/title>\n<meta name=\"robots\" content=\"index, follow, max-snippet:-1, max-image-preview:large, max-video-preview:-1\" \/>\n<link rel=\"canonical\" href=\"https:\/\/elboton.com\/923thefox\/\" \/>\n<meta property=\"og:locale\" content=\"es_ES\" \/>\n<meta property=\"og:type\" content=\"article\" \/>\n<meta property=\"og:title\" content=\"The Fox 92.3 - El Bot\u00f3n\" \/>\n<meta property=\"og:description\" content=\"los-angeles 92.3 The Fox Classic Rock Play CompartirCompartir con FacebookCompartir con TwitterCompartir con WhatsappCopiar \u00daltimas Canciones Escucha esta estaci\u00f3n en tu Amazon Alexa\" \/>\n<meta property=\"og:url\" content=\"https:\/\/elboton.com\/923thefox\/\" \/>\n<meta property=\"og:site_name\" content=\"El Bot\u00f3n\" \/>\n<meta property=\"article:publisher\" content=\"https:\/\/www.facebook.com\/elbotonradio\/\" \/>\n<meta property=\"article:modified_time\" content=\"2024-03-14T18:21:34+00:00\" \/>\n<meta property=\"og:image\" content=\"https:\/\/elboton.com\/wp-content\/uploads\/sites\/6\/2024\/03\/The-Fox-Card-Dark-Blue-1.png\" \/>\n\t<meta property=\"og:image:width\" content=\"280\" \/>\n\t<meta property=\"og:image:height\" content=\"280\" \/>\n\t<meta property=\"og:image:type\" content=\"image\/png\" \/>\n<meta name=\"twitter:card\" content=\"summary_large_image\" \/>\n<meta name=\"twitter:site\" content=\"@elbotonradio\" \/>\n<meta name=\"twitter:label1\" content=\"Est. reading time\" \/>\n\t<meta name=\"twitter:data1\" content=\"1 minuto\" \/>\n<script type=\"application\/ld+json\" class=\"yoast-schema-graph\">{\"@context\":\"https:\/\/schema.org\",\"@graph\":[{\"@type\":\"WebPage\",\"@id\":\"https:\/\/elboton.com\/923thefox\/\",\"url\":\"https:\/\/elboton.com\/923thefox\/\",\"name\":\"The Fox 92.3 - El Bot\u00f3n\",\"isPartOf\":{\"@id\":\"https:\/\/elboton.com\/los-angeles\/#website\"},\"primaryImageOfPage\":{\"@id\":\"https:\/\/elboton.com\/923thefox\/#primaryimage\"},\"image\":{\"@id\":\"https:\/\/elboton.com\/923thefox\/#primaryimage\"},\"thumbnailUrl\":\"https:\/\/elboton.com\/wp-content\/uploads\/sites\/6\/2024\/03\/The-Fox-Card-Dark-Blue-1.png\",\"datePublished\":\"2020-08-11T18:05:08+00:00\",\"dateModified\":\"2024-03-14T18:21:34+00:00\",\"breadcrumb\":{\"@id\":\"https:\/\/elboton.com\/923thefox\/#breadcrumb\"},\"inLanguage\":\"es\",\"potentialAction\":[{\"@type\":\"ReadAction\",\"target\":[\"https:\/\/elboton.com\/923thefox\/\"]}]},{\"@type\":\"ImageObject\",\"inLanguage\":\"es\",\"@id\":\"https:\/\/elboton.com\/923thefox\/#primaryimage\",\"url\":\"https:\/\/elboton.com\/wp-content\/uploads\/sites\/6\/2024\/03\/The-Fox-Card-Dark-Blue-1.png\",\"contentUrl\":\"https:\/\/elboton.com\/wp-content\/uploads\/sites\/6\/2024\/03\/The-Fox-Card-Dark-Blue-1.png\",\"width\":280,\"height\":280},{\"@type\":\"BreadcrumbList\",\"@id\":\"https:\/\/elboton.com\/923thefox\/#breadcrumb\",\"itemListElement\":[{\"@type\":\"ListItem\",\"position\":1,\"name\":\"Home\",\"item\":\"https:\/\/elboton.com\/los-angeles\/\"},{\"@type\":\"ListItem\",\"position\":2,\"name\":\"The Fox 92.3\"}]},{\"@type\":\"WebSite\",\"@id\":\"https:\/\/elboton.com\/los-angeles\/#website\",\"url\":\"https:\/\/elboton.com\/los-angeles\/\",\"name\":\"El Bot\u00f3n\",\"description\":\"Toda la m\u00fasica latina y los mejores podcasts en espa\u00f1ol.\",\"publisher\":{\"@id\":\"https:\/\/elboton.com\/los-angeles\/#organization\"},\"potentialAction\":[{\"@type\":\"SearchAction\",\"target\":{\"@type\":\"EntryPoint\",\"urlTemplate\":\"https:\/\/elboton.com\/los-angeles\/?s={search_term_string}\"},\"query-input\":{\"@type\":\"PropertyValueSpecification\",\"valueRequired\":true,\"valueName\":\"search_term_string\"}}],\"inLanguage\":\"es\"},{\"@type\":\"Organization\",\"@id\":\"https:\/\/elboton.com\/los-angeles\/#organization\",\"name\":\"Entravision\",\"url\":\"https:\/\/elboton.com\/los-angeles\/\",\"logo\":{\"@type\":\"ImageObject\",\"inLanguage\":\"es\",\"@id\":\"https:\/\/elboton.com\/los-angeles\/#\/schema\/logo\/image\/\",\"url\":\"https:\/\/elboton.com\/wp-content\/uploads\/sites\/6\/2023\/10\/evc-e.png\",\"contentUrl\":\"https:\/\/elboton.com\/wp-content\/uploads\/sites\/6\/2023\/10\/evc-e.png\",\"width\":255,\"height\":208,\"caption\":\"Entravision\"},\"image\":{\"@id\":\"https:\/\/elboton.com\/los-angeles\/#\/schema\/logo\/image\/\"},\"sameAs\":[\"https:\/\/www.facebook.com\/elbotonradio\/\",\"https:\/\/x.com\/elbotonradio\",\"https:\/\/www.tiktok.com\/@elbotonmusica?lang=es\",\"https:\/\/www.instagram.com\/elbotonradio\/\"]}]}<\/script>\n<!-- \/ Yoast SEO plugin. -->","yoast_head_json":{"title":"The Fox 92.3 - El Bot\u00f3n","robots":{"index":"index","follow":"follow","max-snippet":"max-snippet:-1","max-image-preview":"max-image-preview:large","max-video-preview":"max-video-preview:-1"},"canonical":"https:\/\/elboton.com\/923thefox\/","og_locale":"es_ES","og_type":"article","og_title":"The Fox 92.3 - El Bot\u00f3n","og_description":"los-angeles 92.3 The Fox Classic Rock Play CompartirCompartir con FacebookCompartir con TwitterCompartir con WhatsappCopiar \u00daltimas Canciones Escucha esta estaci\u00f3n en tu Amazon Alexa","og_url":"https:\/\/elboton.com\/923thefox\/","og_site_name":"El Bot\u00f3n","article_publisher":"https:\/\/www.facebook.com\/elbotonradio\/","article_modified_time":"2024-03-14T18:21:34+00:00","og_image":[{"width":280,"height":280,"url":"https:\/\/elboton.com\/wp-content\/uploads\/sites\/6\/2024\/03\/The-Fox-Card-Dark-Blue-1.png","type":"image\/png"}],"twitter_card":"summary_large_image","twitter_site":"@elbotonradio","twitter_misc":{"Est. reading time":"1 minuto"},"schema":{"@context":"https:\/\/schema.org","@graph":[{"@type":"WebPage","@id":"https:\/\/elboton.com\/923thefox\/","url":"https:\/\/elboton.com\/923thefox\/","name":"The Fox 92.3 - El Bot\u00f3n","isPartOf":{"@id":"https:\/\/elboton.com\/los-angeles\/#website"},"primaryImageOfPage":{"@id":"https:\/\/elboton.com\/923thefox\/#primaryimage"},"image":{"@id":"https:\/\/elboton.com\/923thefox\/#primaryimage"},"thumbnailUrl":"https:\/\/elboton.com\/wp-content\/uploads\/sites\/6\/2024\/03\/The-Fox-Card-Dark-Blue-1.png","datePublished":"2020-08-11T18:05:08+00:00","dateModified":"2024-03-14T18:21:34+00:00","breadcrumb":{"@id":"https:\/\/elboton.com\/923thefox\/#breadcrumb"},"inLanguage":"es","potentialAction":[{"@type":"ReadAction","target":["https:\/\/elboton.com\/923thefox\/"]}]},{"@type":"ImageObject","inLanguage":"es","@id":"https:\/\/elboton.com\/923thefox\/#primaryimage","url":"https:\/\/elboton.com\/wp-content\/uploads\/sites\/6\/2024\/03\/The-Fox-Card-Dark-Blue-1.png","contentUrl":"https:\/\/elboton.com\/wp-content\/uploads\/sites\/6\/2024\/03\/The-Fox-Card-Dark-Blue-1.png","width":280,"height":280},{"@type":"BreadcrumbList","@id":"https:\/\/elboton.com\/923thefox\/#breadcrumb","itemListElement":[{"@type":"ListItem","position":1,"name":"Home","item":"https:\/\/elboton.com\/los-angeles\/"},{"@type":"ListItem","position":2,"name":"The Fox 92.3"}]},{"@type":"WebSite","@id":"https:\/\/elboton.com\/los-angeles\/#website","url":"https:\/\/elboton.com\/los-angeles\/","name":"El Bot\u00f3n","description":"Toda la m\u00fasica latina y los mejores podcasts en espa\u00f1ol.","publisher":{"@id":"https:\/\/elboton.com\/los-angeles\/#organization"},"potentialAction":[{"@type":"SearchAction","target":{"@type":"EntryPoint","urlTemplate":"https:\/\/elboton.com\/los-angeles\/?s={search_term_string}"},"query-input":{"@type":"PropertyValueSpecification","valueRequired":true,"valueName":"search_term_string"}}],"inLanguage":"es"},{"@type":"Organization","@id":"https:\/\/elboton.com\/los-angeles\/#organization","name":"Entravision","url":"https:\/\/elboton.com\/los-angeles\/","logo":{"@type":"ImageObject","inLanguage":"es","@id":"https:\/\/elboton.com\/los-angeles\/#\/schema\/logo\/image\/","url":"https:\/\/elboton.com\/wp-content\/uploads\/sites\/6\/2023\/10\/evc-e.png","contentUrl":"https:\/\/elboton.com\/wp-content\/uploads\/sites\/6\/2023\/10\/evc-e.png","width":255,"height":208,"caption":"Entravision"},"image":{"@id":"https:\/\/elboton.com\/los-angeles\/#\/schema\/logo\/image\/"},"sameAs":["https:\/\/www.facebook.com\/elbotonradio\/","https:\/\/x.com\/elbotonradio","https:\/\/www.tiktok.com\/@elbotonmusica?lang=es","https:\/\/www.instagram.com\/elbotonradio\/"]}]}},"parsely":{"version":"1.1.0","canonical_url":"https:\/\/elboton.com\/los-angeles\/923thefox\/","smart_links":{"inbound":0,"outbound":0},"traffic_boost_suggestions_count":0,"meta":{"@context":"https:\/\/schema.org","@type":"WebPage","headline":"The Fox 92.3","url":"http:\/\/elboton.com\/los-angeles\/923thefox\/","mainEntityOfPage":{"@type":"WebPage","@id":"http:\/\/elboton.com\/los-angeles\/923thefox\/"},"thumbnailUrl":"https:\/\/elboton.com\/wp-content\/uploads\/sites\/6\/2024\/03\/The-Fox-Card-Dark-Blue-1.png?w=150&h=150&crop=1","image":{"@type":"ImageObject","url":"https:\/\/elboton.com\/wp-content\/uploads\/sites\/6\/2024\/03\/The-Fox-Card-Dark-Blue-1.png"},"articleSection":"Uncategorized","author":[{"@type":"Person","name":"agomez"}],"creator":["agomez"],"publisher":{"@type":"Organization","name":"El Bot\u00f3n","logo":""},"keywords":[],"dateCreated":"2020-08-11T18:05:08Z","datePublished":"2020-08-11T18:05:08Z","dateModified":"2024-03-14T18:21:34Z"},"rendered":"<script type=\"application\/ld+json\" class=\"wp-parsely-metadata\">{\"@context\":\"https:\\\/\\\/schema.org\",\"@type\":\"WebPage\",\"headline\":\"The Fox 92.3\",\"url\":\"http:\\\/\\\/elboton.com\\\/los-angeles\\\/923thefox\\\/\",\"mainEntityOfPage\":{\"@type\":\"WebPage\",\"@id\":\"http:\\\/\\\/elboton.com\\\/los-angeles\\\/923thefox\\\/\"},\"thumbnailUrl\":\"https:\\\/\\\/elboton.com\\\/wp-content\\\/uploads\\\/sites\\\/6\\\/2024\\\/03\\\/The-Fox-Card-Dark-Blue-1.png?w=150&h=150&crop=1\",\"image\":{\"@type\":\"ImageObject\",\"url\":\"https:\\\/\\\/elboton.com\\\/wp-content\\\/uploads\\\/sites\\\/6\\\/2024\\\/03\\\/The-Fox-Card-Dark-Blue-1.png\"},\"articleSection\":\"Uncategorized\",\"author\":[{\"@type\":\"Person\",\"name\":\"agomez\"}],\"creator\":[\"agomez\"],\"publisher\":{\"@type\":\"Organization\",\"name\":\"El Bot\\u00f3n\",\"logo\":\"\"},\"keywords\":[],\"dateCreated\":\"2020-08-11T18:05:08Z\",\"datePublished\":\"2020-08-11T18:05:08Z\",\"dateModified\":\"2024-03-14T18:21:34Z\"}<\/script>","tracker_url":"https:\/\/cdn.parsely.com\/keys\/elboton.com\/p.js"},"jetpack_sharing_enabled":true,"_links":{"self":[{"href":"https:\/\/elboton.com\/los-angeles\/wp-json\/wp\/v2\/pages\/7761","targetHints":{"allow":["GET"]}}],"collection":[{"href":"https:\/\/elboton.com\/los-angeles\/wp-json\/wp\/v2\/pages"}],"about":[{"href":"https:\/\/elboton.com\/los-angeles\/wp-json\/wp\/v2\/types\/page"}],"author":[{"embeddable":true,"href":"https:\/\/elboton.com\/los-angeles\/wp-json\/wp\/v2\/users\/14"}],"replies":[{"embeddable":true,"href":"https:\/\/elboton.com\/los-angeles\/wp-json\/wp\/v2\/comments?post=7761"}],"version-history":[{"count":32,"href":"https:\/\/elboton.com\/los-angeles\/wp-json\/wp\/v2\/pages\/7761\/revisions"}],"predecessor-version":[{"id":1349739,"href":"https:\/\/elboton.com\/los-angeles\/wp-json\/wp\/v2\/pages\/7761\/revisions\/1349739"}],"wp:featuredmedia":[{"embeddable":true,"href":"https:\/\/elboton.com\/los-angeles\/wp-json\/wp\/v2\/media\/1349655"}],"wp:attachment":[{"href":"https:\/\/elboton.com\/los-angeles\/wp-json\/wp\/v2\/media?parent=7761"}],"wp:term":[{"taxonomy":"genre","embeddable":true,"href":"https:\/\/elboton.com\/los-angeles\/wp-json\/wp\/v2\/genre?post=7761"},{"taxonomy":"languages","embeddable":true,"href":"https:\/\/elboton.com\/los-angeles\/wp-json\/wp\/v2\/languages?post=7761"},{"taxonomy":"internal","embeddable":true,"href":"https:\/\/elboton.com\/los-angeles\/wp-json\/wp\/v2\/internal?post=7761"}],"curies":[{"name":"wp","href":"https:\/\/api.w.org\/{rel}","templated":true}]}}