{"id":7767,"date":"2020-08-11T11:06:29","date_gmt":"2020-08-11T18:06:29","guid":{"rendered":"https:\/\/elboton.com\/?page_id=7767"},"modified":"2024-07-04T12:44:06","modified_gmt":"2024-07-04T19:44:06","slug":"contacto","status":"publish","type":"page","link":"https:\/\/elboton.com\/los-angeles\/923thefox\/contacto\/","title":{"rendered":"Contacto"},"content":{"rendered":"<div id=\"entravision_chameleon_widget_post_title-15\" class=\"widget widget_entravision_chameleon_widget_post_title\">\n<h1 class=\"entry-title\">The Fox 92.3 &#8211; Contact Us<\/h1>\n<\/div>\n<div id=\"entravision_chameleon_widget_post_title-15\" class=\"widget widget_entravision_chameleon_widget_post_title\">\n<h1 class=\"entry-title\">The Fox 92.3 FM Page Contact Us<\/h1>\n<\/div>\n<div class=\"card-contact card-contact_cta\">\n<h3>Queremos saber<br \/>tu opini\u00f3n<\/h3>\n<div class=\"card-contact__content\">\n<p>\u00bfQuieres que toquemos tu canci\u00f3n? \u00bfAlgo no funciona en nuestra p\u00e1gina? \u00bfQu\u00e9 promoci\u00f3n te gustar\u00eda que tuvi\u00e9ramos? \u00bfTe gustar\u00eda alguna de nuestras estaciones estuviera en tu ciudad?<span class=\"card-contact__content_write-us\">Escr\u00edbenos y dinos lo que piensas a<\/span><\/p>\n<a href=\"javascript:void(0);\" class=\"card-contact_btn clipboard-text contact-clipboard-desktop\" title=\"thefox@elboton.com\" data-info=\"thefox@elboton.com\">thefox@elboton.com<\/a><\/div>\n<\/div>\n<div class=\"contact-addr card-contact card-contact_ads\">\n<h3>Promociones<br \/>y ventas<\/h3>\n<div class=\"card-contact__content\"><span class=\"station-address\">5426 N. Mesa El Paso, TX 79912<\/span><br \/>\n<span class=\"station-phone\"><a href=\"javascript:void(0);\" class=\"clipboard-text contact-clipboard-desktop\" title=\"Tel: 915-581-1126\" data-info=\"915-581-1126\">Tel: 915-581-1126<\/a><br \/> Fax: 915-585-4613<br \/> Cabina: 915-880-9292<\/span><br \/>\n<a href=\"javascript:void(0);\" class=\"station-email clipboard-text contact-clipboard-desktop\" title=\"ddelara@entravision.com\" data-info=\"ddelara@entravision.com\">ddelara@entravision.com<\/a>\n<\/div>\n<\/div>\n<div class=\"contact-social\">\n<h2>\u00a1S\u00edguenos!<\/h2>\n<ul>\n<li class=\"station-social-facebook\"><a href=\"https:\/\/www.facebook.com\/thefox923\" target=\"_blank\" rel=\"noopener noreferrer\"><\/a><\/li>\n<li class=\"station-social-twitter\"><a href=\"https:\/\/twitter.com\/TheFox923\" target=\"_blank\" rel=\"noopener noreferrer\"><\/a><\/li>\n<\/ul>\n<\/div>\n","protected":false},"excerpt":{"rendered":"<p>The Fox 92.3 &#8211; Contact Us The Fox 92.3 FM Page Contact Us Queremos sabertu opini\u00f3n \u00bfQuieres que toquemos tu canci\u00f3n? \u00bfAlgo no funciona en nuestra p\u00e1gina? \u00bfQu\u00e9 promoci\u00f3n te gustar\u00eda que tuvi\u00e9ramos? \u00bfTe gustar\u00eda alguna de nuestras estaciones estuviera en tu ciudad?Escr\u00edbenos y dinos lo que piensas a thefox@elboton.com Promocionesy ventas 5426 N. Mesa [&hellip;]<\/p>\n","protected":false},"author":14,"featured_media":1318972,"parent":7761,"menu_order":0,"comment_status":"closed","ping_status":"closed","template":"custom-page-template-radio","meta":{"footnotes":""},"genre":[],"languages":[],"internal":[],"class_list":["post-7767","page","type-page","status-publish","has-post-thumbnail","hentry","market-global"],"yoast_head":"<!-- This site is optimized with the Yoast SEO plugin v24.4 - https:\/\/yoast.com\/wordpress\/plugins\/seo\/ -->\n<title>Contacto - El Bot\u00f3n<\/title>\n<meta name=\"robots\" content=\"index, follow, max-snippet:-1, max-image-preview:large, max-video-preview:-1\" \/>\n<link rel=\"canonical\" href=\"https:\/\/elboton.com\/923thefox\/contacto\/\" \/>\n<meta property=\"og:locale\" content=\"es_ES\" \/>\n<meta property=\"og:type\" content=\"article\" \/>\n<meta property=\"og:title\" content=\"Contacto - El Bot\u00f3n\" \/>\n<meta property=\"og:description\" content=\"The Fox 92.3 &#8211; Contact Us The Fox 92.3 FM Page Contact Us Queremos sabertu opini\u00f3n \u00bfQuieres que toquemos tu canci\u00f3n? \u00bfAlgo no funciona en nuestra p\u00e1gina? \u00bfQu\u00e9 promoci\u00f3n te gustar\u00eda que tuvi\u00e9ramos? \u00bfTe gustar\u00eda alguna de nuestras estaciones estuviera en tu ciudad?Escr\u00edbenos y dinos lo que piensas a thefox@elboton.com Promocionesy ventas 5426 N. Mesa [&hellip;]\" \/>\n<meta property=\"og:url\" content=\"https:\/\/elboton.com\/923thefox\/contacto\/\" \/>\n<meta property=\"og:site_name\" content=\"El Bot\u00f3n\" \/>\n<meta property=\"article:publisher\" content=\"https:\/\/www.facebook.com\/elbotonradio\/\" \/>\n<meta property=\"article:modified_time\" content=\"2024-07-04T19:44:06+00:00\" \/>\n<meta property=\"og:image\" content=\"https:\/\/elboton.com\/wp-content\/uploads\/sites\/6\/2021\/04\/92.3-The-Fox.png\" \/>\n\t<meta property=\"og:image:width\" content=\"280\" \/>\n\t<meta property=\"og:image:height\" content=\"280\" \/>\n\t<meta property=\"og:image:type\" content=\"image\/png\" \/>\n<meta name=\"twitter:card\" content=\"summary_large_image\" \/>\n<meta name=\"twitter:site\" content=\"@elbotonradio\" \/>\n<meta name=\"twitter:label1\" content=\"Est. reading time\" \/>\n\t<meta name=\"twitter:data1\" content=\"1 minuto\" \/>\n<script type=\"application\/ld+json\" class=\"yoast-schema-graph\">{\"@context\":\"https:\/\/schema.org\",\"@graph\":[{\"@type\":\"WebPage\",\"@id\":\"https:\/\/elboton.com\/923thefox\/contacto\/\",\"url\":\"https:\/\/elboton.com\/923thefox\/contacto\/\",\"name\":\"Contacto - El Bot\u00f3n\",\"isPartOf\":{\"@id\":\"https:\/\/elboton.com\/los-angeles\/#website\"},\"primaryImageOfPage\":{\"@id\":\"https:\/\/elboton.com\/923thefox\/contacto\/#primaryimage\"},\"image\":{\"@id\":\"https:\/\/elboton.com\/923thefox\/contacto\/#primaryimage\"},\"thumbnailUrl\":\"https:\/\/elboton.com\/wp-content\/uploads\/sites\/6\/2021\/04\/92.3-The-Fox.png\",\"datePublished\":\"2020-08-11T18:06:29+00:00\",\"dateModified\":\"2024-07-04T19:44:06+00:00\",\"breadcrumb\":{\"@id\":\"https:\/\/elboton.com\/923thefox\/contacto\/#breadcrumb\"},\"inLanguage\":\"es\",\"potentialAction\":[{\"@type\":\"ReadAction\",\"target\":[\"https:\/\/elboton.com\/923thefox\/contacto\/\"]}]},{\"@type\":\"ImageObject\",\"inLanguage\":\"es\",\"@id\":\"https:\/\/elboton.com\/923thefox\/contacto\/#primaryimage\",\"url\":\"https:\/\/elboton.com\/wp-content\/uploads\/sites\/6\/2021\/04\/92.3-The-Fox.png\",\"contentUrl\":\"https:\/\/elboton.com\/wp-content\/uploads\/sites\/6\/2021\/04\/92.3-The-Fox.png\",\"width\":280,\"height\":280},{\"@type\":\"BreadcrumbList\",\"@id\":\"https:\/\/elboton.com\/923thefox\/contacto\/#breadcrumb\",\"itemListElement\":[{\"@type\":\"ListItem\",\"position\":1,\"name\":\"Home\",\"item\":\"https:\/\/elboton.com\/los-angeles\/\"},{\"@type\":\"ListItem\",\"position\":2,\"name\":\"The Fox 92.3\",\"item\":\"https:\/\/elboton.com\/923thefox\/\"},{\"@type\":\"ListItem\",\"position\":3,\"name\":\"Contacto\"}]},{\"@type\":\"WebSite\",\"@id\":\"https:\/\/elboton.com\/los-angeles\/#website\",\"url\":\"https:\/\/elboton.com\/los-angeles\/\",\"name\":\"El Bot\u00f3n\",\"description\":\"Toda la m\u00fasica latina y los mejores podcasts en espa\u00f1ol.\",\"publisher\":{\"@id\":\"https:\/\/elboton.com\/los-angeles\/#organization\"},\"potentialAction\":[{\"@type\":\"SearchAction\",\"target\":{\"@type\":\"EntryPoint\",\"urlTemplate\":\"https:\/\/elboton.com\/los-angeles\/?s={search_term_string}\"},\"query-input\":{\"@type\":\"PropertyValueSpecification\",\"valueRequired\":true,\"valueName\":\"search_term_string\"}}],\"inLanguage\":\"es\"},{\"@type\":\"Organization\",\"@id\":\"https:\/\/elboton.com\/los-angeles\/#organization\",\"name\":\"Entravision\",\"url\":\"https:\/\/elboton.com\/los-angeles\/\",\"logo\":{\"@type\":\"ImageObject\",\"inLanguage\":\"es\",\"@id\":\"https:\/\/elboton.com\/los-angeles\/#\/schema\/logo\/image\/\",\"url\":\"https:\/\/elboton.com\/wp-content\/uploads\/sites\/6\/2023\/10\/evc-e.png\",\"contentUrl\":\"https:\/\/elboton.com\/wp-content\/uploads\/sites\/6\/2023\/10\/evc-e.png\",\"width\":255,\"height\":208,\"caption\":\"Entravision\"},\"image\":{\"@id\":\"https:\/\/elboton.com\/los-angeles\/#\/schema\/logo\/image\/\"},\"sameAs\":[\"https:\/\/www.facebook.com\/elbotonradio\/\",\"https:\/\/x.com\/elbotonradio\",\"https:\/\/www.tiktok.com\/@elbotonmusica?lang=es\",\"https:\/\/www.instagram.com\/elbotonradio\/\"]}]}<\/script>\n<!-- \/ Yoast SEO plugin. -->","yoast_head_json":{"title":"Contacto - El Bot\u00f3n","robots":{"index":"index","follow":"follow","max-snippet":"max-snippet:-1","max-image-preview":"max-image-preview:large","max-video-preview":"max-video-preview:-1"},"canonical":"https:\/\/elboton.com\/923thefox\/contacto\/","og_locale":"es_ES","og_type":"article","og_title":"Contacto - El Bot\u00f3n","og_description":"The Fox 92.3 &#8211; Contact Us The Fox 92.3 FM Page Contact Us Queremos sabertu opini\u00f3n \u00bfQuieres que toquemos tu canci\u00f3n? \u00bfAlgo no funciona en nuestra p\u00e1gina? \u00bfQu\u00e9 promoci\u00f3n te gustar\u00eda que tuvi\u00e9ramos? \u00bfTe gustar\u00eda alguna de nuestras estaciones estuviera en tu ciudad?Escr\u00edbenos y dinos lo que piensas a thefox@elboton.com Promocionesy ventas 5426 N. Mesa [&hellip;]","og_url":"https:\/\/elboton.com\/923thefox\/contacto\/","og_site_name":"El Bot\u00f3n","article_publisher":"https:\/\/www.facebook.com\/elbotonradio\/","article_modified_time":"2024-07-04T19:44:06+00:00","og_image":[{"width":280,"height":280,"url":"https:\/\/elboton.com\/wp-content\/uploads\/sites\/6\/2021\/04\/92.3-The-Fox.png","type":"image\/png"}],"twitter_card":"summary_large_image","twitter_site":"@elbotonradio","twitter_misc":{"Est. reading time":"1 minuto"},"schema":{"@context":"https:\/\/schema.org","@graph":[{"@type":"WebPage","@id":"https:\/\/elboton.com\/923thefox\/contacto\/","url":"https:\/\/elboton.com\/923thefox\/contacto\/","name":"Contacto - El Bot\u00f3n","isPartOf":{"@id":"https:\/\/elboton.com\/los-angeles\/#website"},"primaryImageOfPage":{"@id":"https:\/\/elboton.com\/923thefox\/contacto\/#primaryimage"},"image":{"@id":"https:\/\/elboton.com\/923thefox\/contacto\/#primaryimage"},"thumbnailUrl":"https:\/\/elboton.com\/wp-content\/uploads\/sites\/6\/2021\/04\/92.3-The-Fox.png","datePublished":"2020-08-11T18:06:29+00:00","dateModified":"2024-07-04T19:44:06+00:00","breadcrumb":{"@id":"https:\/\/elboton.com\/923thefox\/contacto\/#breadcrumb"},"inLanguage":"es","potentialAction":[{"@type":"ReadAction","target":["https:\/\/elboton.com\/923thefox\/contacto\/"]}]},{"@type":"ImageObject","inLanguage":"es","@id":"https:\/\/elboton.com\/923thefox\/contacto\/#primaryimage","url":"https:\/\/elboton.com\/wp-content\/uploads\/sites\/6\/2021\/04\/92.3-The-Fox.png","contentUrl":"https:\/\/elboton.com\/wp-content\/uploads\/sites\/6\/2021\/04\/92.3-The-Fox.png","width":280,"height":280},{"@type":"BreadcrumbList","@id":"https:\/\/elboton.com\/923thefox\/contacto\/#breadcrumb","itemListElement":[{"@type":"ListItem","position":1,"name":"Home","item":"https:\/\/elboton.com\/los-angeles\/"},{"@type":"ListItem","position":2,"name":"The Fox 92.3","item":"https:\/\/elboton.com\/923thefox\/"},{"@type":"ListItem","position":3,"name":"Contacto"}]},{"@type":"WebSite","@id":"https:\/\/elboton.com\/los-angeles\/#website","url":"https:\/\/elboton.com\/los-angeles\/","name":"El Bot\u00f3n","description":"Toda la m\u00fasica latina y los mejores podcasts en espa\u00f1ol.","publisher":{"@id":"https:\/\/elboton.com\/los-angeles\/#organization"},"potentialAction":[{"@type":"SearchAction","target":{"@type":"EntryPoint","urlTemplate":"https:\/\/elboton.com\/los-angeles\/?s={search_term_string}"},"query-input":{"@type":"PropertyValueSpecification","valueRequired":true,"valueName":"search_term_string"}}],"inLanguage":"es"},{"@type":"Organization","@id":"https:\/\/elboton.com\/los-angeles\/#organization","name":"Entravision","url":"https:\/\/elboton.com\/los-angeles\/","logo":{"@type":"ImageObject","inLanguage":"es","@id":"https:\/\/elboton.com\/los-angeles\/#\/schema\/logo\/image\/","url":"https:\/\/elboton.com\/wp-content\/uploads\/sites\/6\/2023\/10\/evc-e.png","contentUrl":"https:\/\/elboton.com\/wp-content\/uploads\/sites\/6\/2023\/10\/evc-e.png","width":255,"height":208,"caption":"Entravision"},"image":{"@id":"https:\/\/elboton.com\/los-angeles\/#\/schema\/logo\/image\/"},"sameAs":["https:\/\/www.facebook.com\/elbotonradio\/","https:\/\/x.com\/elbotonradio","https:\/\/www.tiktok.com\/@elbotonmusica?lang=es","https:\/\/www.instagram.com\/elbotonradio\/"]}]}},"parsely":{"version":"1.1.0","canonical_url":"https:\/\/elboton.com\/los-angeles\/923thefox\/contacto\/","smart_links":{"inbound":0,"outbound":0},"traffic_boost_suggestions_count":0,"meta":{"@context":"https:\/\/schema.org","@type":"WebPage","headline":"Contacto","url":"http:\/\/elboton.com\/los-angeles\/923thefox\/contacto\/","mainEntityOfPage":{"@type":"WebPage","@id":"http:\/\/elboton.com\/los-angeles\/923thefox\/contacto\/"},"thumbnailUrl":"https:\/\/elboton.com\/wp-content\/uploads\/sites\/6\/2021\/04\/92.3-The-Fox.png?w=150&h=150&crop=1","image":{"@type":"ImageObject","url":"https:\/\/elboton.com\/wp-content\/uploads\/sites\/6\/2021\/04\/92.3-The-Fox.png"},"articleSection":"Uncategorized","author":[{"@type":"Person","name":"agomez"}],"creator":["agomez"],"publisher":{"@type":"Organization","name":"El Bot\u00f3n","logo":""},"keywords":[],"dateCreated":"2020-08-11T18:06:29Z","datePublished":"2020-08-11T18:06:29Z","dateModified":"2024-07-04T19:44:06Z"},"rendered":"<script type=\"application\/ld+json\" class=\"wp-parsely-metadata\">{\"@context\":\"https:\\\/\\\/schema.org\",\"@type\":\"WebPage\",\"headline\":\"Contacto\",\"url\":\"http:\\\/\\\/elboton.com\\\/los-angeles\\\/923thefox\\\/contacto\\\/\",\"mainEntityOfPage\":{\"@type\":\"WebPage\",\"@id\":\"http:\\\/\\\/elboton.com\\\/los-angeles\\\/923thefox\\\/contacto\\\/\"},\"thumbnailUrl\":\"https:\\\/\\\/elboton.com\\\/wp-content\\\/uploads\\\/sites\\\/6\\\/2021\\\/04\\\/92.3-The-Fox.png?w=150&h=150&crop=1\",\"image\":{\"@type\":\"ImageObject\",\"url\":\"https:\\\/\\\/elboton.com\\\/wp-content\\\/uploads\\\/sites\\\/6\\\/2021\\\/04\\\/92.3-The-Fox.png\"},\"articleSection\":\"Uncategorized\",\"author\":[{\"@type\":\"Person\",\"name\":\"agomez\"}],\"creator\":[\"agomez\"],\"publisher\":{\"@type\":\"Organization\",\"name\":\"El Bot\\u00f3n\",\"logo\":\"\"},\"keywords\":[],\"dateCreated\":\"2020-08-11T18:06:29Z\",\"datePublished\":\"2020-08-11T18:06:29Z\",\"dateModified\":\"2024-07-04T19:44:06Z\"}<\/script>","tracker_url":"https:\/\/cdn.parsely.com\/keys\/elboton.com\/p.js"},"jetpack_sharing_enabled":true,"_links":{"self":[{"href":"https:\/\/elboton.com\/los-angeles\/wp-json\/wp\/v2\/pages\/7767","targetHints":{"allow":["GET"]}}],"collection":[{"href":"https:\/\/elboton.com\/los-angeles\/wp-json\/wp\/v2\/pages"}],"about":[{"href":"https:\/\/elboton.com\/los-angeles\/wp-json\/wp\/v2\/types\/page"}],"author":[{"embeddable":true,"href":"https:\/\/elboton.com\/los-angeles\/wp-json\/wp\/v2\/users\/14"}],"replies":[{"embeddable":true,"href":"https:\/\/elboton.com\/los-angeles\/wp-json\/wp\/v2\/comments?post=7767"}],"version-history":[{"count":17,"href":"https:\/\/elboton.com\/los-angeles\/wp-json\/wp\/v2\/pages\/7767\/revisions"}],"predecessor-version":[{"id":1350495,"href":"https:\/\/elboton.com\/los-angeles\/wp-json\/wp\/v2\/pages\/7767\/revisions\/1350495"}],"up":[{"embeddable":true,"href":"https:\/\/elboton.com\/los-angeles\/wp-json\/wp\/v2\/pages\/7761"}],"wp:featuredmedia":[{"embeddable":true,"href":"https:\/\/elboton.com\/los-angeles\/wp-json\/wp\/v2\/media\/1318972"}],"wp:attachment":[{"href":"https:\/\/elboton.com\/los-angeles\/wp-json\/wp\/v2\/media?parent=7767"}],"wp:term":[{"taxonomy":"genre","embeddable":true,"href":"https:\/\/elboton.com\/los-angeles\/wp-json\/wp\/v2\/genre?post=7767"},{"taxonomy":"languages","embeddable":true,"href":"https:\/\/elboton.com\/los-angeles\/wp-json\/wp\/v2\/languages?post=7767"},{"taxonomy":"internal","embeddable":true,"href":"https:\/\/elboton.com\/los-angeles\/wp-json\/wp\/v2\/internal?post=7767"}],"curies":[{"name":"wp","href":"https:\/\/api.w.org\/{rel}","templated":true}]}}