{"id":5816,"date":"2020-07-13T10:54:13","date_gmt":"2020-07-13T17:54:13","guid":{"rendered":"https:\/\/elboton.com\/?page_id=5816"},"modified":"2024-07-04T12:45:14","modified_gmt":"2024-07-04T19:45:14","slug":"shows","status":"publish","type":"page","link":"https:\/\/elboton.com\/nacional\/radiolatricolor\/shows\/","title":{"rendered":"Shows"},"content":{"rendered":"","protected":false},"excerpt":{"rendered":"","protected":false},"author":14,"featured_media":5718,"parent":5810,"menu_order":0,"comment_status":"closed","ping_status":"closed","template":"custom-page-template-radio","meta":{"footnotes":""},"genre":[],"languages":[],"internal":[],"class_list":["post-5816","page","type-page","status-publish","has-post-thumbnail","hentry","market-global"],"yoast_head":"<!-- This site is optimized with the Yoast SEO plugin v24.4 - https:\/\/yoast.com\/wordpress\/plugins\/seo\/ -->\n<title>Shows - El Bot\u00f3n<\/title>\n<meta name=\"robots\" content=\"index, follow, max-snippet:-1, max-image-preview:large, max-video-preview:-1\" \/>\n<link rel=\"canonical\" href=\"https:\/\/elboton.com\/radiolatricolor\/shows\/\" \/>\n<meta property=\"og:locale\" content=\"es_ES\" \/>\n<meta property=\"og:type\" content=\"article\" \/>\n<meta property=\"og:title\" content=\"Shows - El Bot\u00f3n\" \/>\n<meta property=\"og:url\" content=\"https:\/\/elboton.com\/radiolatricolor\/shows\/\" \/>\n<meta property=\"og:site_name\" content=\"El Bot\u00f3n\" \/>\n<meta property=\"article:publisher\" content=\"https:\/\/www.facebook.com\/elbotonradio\/\" \/>\n<meta property=\"article:modified_time\" content=\"2024-07-04T19:45:14+00:00\" \/>\n<meta property=\"og:image\" content=\"https:\/\/elboton.com\/wp-content\/uploads\/sites\/6\/2020\/07\/button-latricolor.png\" \/>\n\t<meta property=\"og:image:width\" content=\"256\" \/>\n\t<meta property=\"og:image:height\" content=\"256\" \/>\n\t<meta property=\"og:image:type\" content=\"image\/png\" \/>\n<meta name=\"twitter:card\" content=\"summary_large_image\" \/>\n<meta name=\"twitter:site\" content=\"@elbotonradio\" \/>\n<script type=\"application\/ld+json\" class=\"yoast-schema-graph\">{\"@context\":\"https:\/\/schema.org\",\"@graph\":[{\"@type\":\"WebPage\",\"@id\":\"https:\/\/elboton.com\/radiolatricolor\/shows\/\",\"url\":\"https:\/\/elboton.com\/radiolatricolor\/shows\/\",\"name\":\"Shows - El Bot\u00f3n\",\"isPartOf\":{\"@id\":\"https:\/\/elboton.com\/los-angeles\/#website\"},\"primaryImageOfPage\":{\"@id\":\"https:\/\/elboton.com\/radiolatricolor\/shows\/#primaryimage\"},\"image\":{\"@id\":\"https:\/\/elboton.com\/radiolatricolor\/shows\/#primaryimage\"},\"thumbnailUrl\":\"https:\/\/elboton.com\/wp-content\/uploads\/sites\/6\/2020\/07\/button-latricolor.png\",\"datePublished\":\"2020-07-13T17:54:13+00:00\",\"dateModified\":\"2024-07-04T19:45:14+00:00\",\"breadcrumb\":{\"@id\":\"https:\/\/elboton.com\/radiolatricolor\/shows\/#breadcrumb\"},\"inLanguage\":\"es\",\"potentialAction\":[{\"@type\":\"ReadAction\",\"target\":[\"https:\/\/elboton.com\/radiolatricolor\/shows\/\"]}]},{\"@type\":\"ImageObject\",\"inLanguage\":\"es\",\"@id\":\"https:\/\/elboton.com\/radiolatricolor\/shows\/#primaryimage\",\"url\":\"https:\/\/elboton.com\/wp-content\/uploads\/sites\/6\/2020\/07\/button-latricolor.png\",\"contentUrl\":\"https:\/\/elboton.com\/wp-content\/uploads\/sites\/6\/2020\/07\/button-latricolor.png\",\"width\":256,\"height\":256,\"caption\":\"Radio La Tricolor\"},{\"@type\":\"BreadcrumbList\",\"@id\":\"https:\/\/elboton.com\/radiolatricolor\/shows\/#breadcrumb\",\"itemListElement\":[{\"@type\":\"ListItem\",\"position\":1,\"name\":\"Home\",\"item\":\"https:\/\/elboton.com\/los-angeles\/\"},{\"@type\":\"ListItem\",\"position\":2,\"name\":\"La Tricolor\",\"item\":\"https:\/\/elboton.com\/radiolatricolor\/\"},{\"@type\":\"ListItem\",\"position\":3,\"name\":\"Shows\"}]},{\"@type\":\"WebSite\",\"@id\":\"https:\/\/elboton.com\/los-angeles\/#website\",\"url\":\"https:\/\/elboton.com\/los-angeles\/\",\"name\":\"El Bot\u00f3n\",\"description\":\"Toda la m\u00fasica latina y los mejores podcasts en espa\u00f1ol.\",\"publisher\":{\"@id\":\"https:\/\/elboton.com\/los-angeles\/#organization\"},\"potentialAction\":[{\"@type\":\"SearchAction\",\"target\":{\"@type\":\"EntryPoint\",\"urlTemplate\":\"https:\/\/elboton.com\/los-angeles\/?s={search_term_string}\"},\"query-input\":{\"@type\":\"PropertyValueSpecification\",\"valueRequired\":true,\"valueName\":\"search_term_string\"}}],\"inLanguage\":\"es\"},{\"@type\":\"Organization\",\"@id\":\"https:\/\/elboton.com\/los-angeles\/#organization\",\"name\":\"Entravision\",\"url\":\"https:\/\/elboton.com\/los-angeles\/\",\"logo\":{\"@type\":\"ImageObject\",\"inLanguage\":\"es\",\"@id\":\"https:\/\/elboton.com\/los-angeles\/#\/schema\/logo\/image\/\",\"url\":\"https:\/\/elboton.com\/wp-content\/uploads\/sites\/6\/2023\/10\/evc-e.png\",\"contentUrl\":\"https:\/\/elboton.com\/wp-content\/uploads\/sites\/6\/2023\/10\/evc-e.png\",\"width\":255,\"height\":208,\"caption\":\"Entravision\"},\"image\":{\"@id\":\"https:\/\/elboton.com\/los-angeles\/#\/schema\/logo\/image\/\"},\"sameAs\":[\"https:\/\/www.facebook.com\/elbotonradio\/\",\"https:\/\/x.com\/elbotonradio\",\"https:\/\/www.tiktok.com\/@elbotonmusica?lang=es\",\"https:\/\/www.instagram.com\/elbotonradio\/\"]}]}<\/script>\n<!-- \/ Yoast SEO plugin. -->","yoast_head_json":{"title":"Shows - El Bot\u00f3n","robots":{"index":"index","follow":"follow","max-snippet":"max-snippet:-1","max-image-preview":"max-image-preview:large","max-video-preview":"max-video-preview:-1"},"canonical":"https:\/\/elboton.com\/radiolatricolor\/shows\/","og_locale":"es_ES","og_type":"article","og_title":"Shows - El Bot\u00f3n","og_url":"https:\/\/elboton.com\/radiolatricolor\/shows\/","og_site_name":"El Bot\u00f3n","article_publisher":"https:\/\/www.facebook.com\/elbotonradio\/","article_modified_time":"2024-07-04T19:45:14+00:00","og_image":[{"width":256,"height":256,"url":"https:\/\/elboton.com\/wp-content\/uploads\/sites\/6\/2020\/07\/button-latricolor.png","type":"image\/png"}],"twitter_card":"summary_large_image","twitter_site":"@elbotonradio","schema":{"@context":"https:\/\/schema.org","@graph":[{"@type":"WebPage","@id":"https:\/\/elboton.com\/radiolatricolor\/shows\/","url":"https:\/\/elboton.com\/radiolatricolor\/shows\/","name":"Shows - El Bot\u00f3n","isPartOf":{"@id":"https:\/\/elboton.com\/los-angeles\/#website"},"primaryImageOfPage":{"@id":"https:\/\/elboton.com\/radiolatricolor\/shows\/#primaryimage"},"image":{"@id":"https:\/\/elboton.com\/radiolatricolor\/shows\/#primaryimage"},"thumbnailUrl":"https:\/\/elboton.com\/wp-content\/uploads\/sites\/6\/2020\/07\/button-latricolor.png","datePublished":"2020-07-13T17:54:13+00:00","dateModified":"2024-07-04T19:45:14+00:00","breadcrumb":{"@id":"https:\/\/elboton.com\/radiolatricolor\/shows\/#breadcrumb"},"inLanguage":"es","potentialAction":[{"@type":"ReadAction","target":["https:\/\/elboton.com\/radiolatricolor\/shows\/"]}]},{"@type":"ImageObject","inLanguage":"es","@id":"https:\/\/elboton.com\/radiolatricolor\/shows\/#primaryimage","url":"https:\/\/elboton.com\/wp-content\/uploads\/sites\/6\/2020\/07\/button-latricolor.png","contentUrl":"https:\/\/elboton.com\/wp-content\/uploads\/sites\/6\/2020\/07\/button-latricolor.png","width":256,"height":256,"caption":"Radio La Tricolor"},{"@type":"BreadcrumbList","@id":"https:\/\/elboton.com\/radiolatricolor\/shows\/#breadcrumb","itemListElement":[{"@type":"ListItem","position":1,"name":"Home","item":"https:\/\/elboton.com\/los-angeles\/"},{"@type":"ListItem","position":2,"name":"La Tricolor","item":"https:\/\/elboton.com\/radiolatricolor\/"},{"@type":"ListItem","position":3,"name":"Shows"}]},{"@type":"WebSite","@id":"https:\/\/elboton.com\/los-angeles\/#website","url":"https:\/\/elboton.com\/los-angeles\/","name":"El Bot\u00f3n","description":"Toda la m\u00fasica latina y los mejores podcasts en espa\u00f1ol.","publisher":{"@id":"https:\/\/elboton.com\/los-angeles\/#organization"},"potentialAction":[{"@type":"SearchAction","target":{"@type":"EntryPoint","urlTemplate":"https:\/\/elboton.com\/los-angeles\/?s={search_term_string}"},"query-input":{"@type":"PropertyValueSpecification","valueRequired":true,"valueName":"search_term_string"}}],"inLanguage":"es"},{"@type":"Organization","@id":"https:\/\/elboton.com\/los-angeles\/#organization","name":"Entravision","url":"https:\/\/elboton.com\/los-angeles\/","logo":{"@type":"ImageObject","inLanguage":"es","@id":"https:\/\/elboton.com\/los-angeles\/#\/schema\/logo\/image\/","url":"https:\/\/elboton.com\/wp-content\/uploads\/sites\/6\/2023\/10\/evc-e.png","contentUrl":"https:\/\/elboton.com\/wp-content\/uploads\/sites\/6\/2023\/10\/evc-e.png","width":255,"height":208,"caption":"Entravision"},"image":{"@id":"https:\/\/elboton.com\/los-angeles\/#\/schema\/logo\/image\/"},"sameAs":["https:\/\/www.facebook.com\/elbotonradio\/","https:\/\/x.com\/elbotonradio","https:\/\/www.tiktok.com\/@elbotonmusica?lang=es","https:\/\/www.instagram.com\/elbotonradio\/"]}]}},"parsely":{"version":"1.1.0","canonical_url":"https:\/\/elboton.com\/nacional\/radiolatricolor\/shows\/","smart_links":{"inbound":0,"outbound":0},"traffic_boost_suggestions_count":0,"meta":{"@context":"https:\/\/schema.org","@type":"WebPage","headline":"Shows","url":"http:\/\/elboton.com\/nacional\/radiolatricolor\/shows\/","mainEntityOfPage":{"@type":"WebPage","@id":"http:\/\/elboton.com\/nacional\/radiolatricolor\/shows\/"},"thumbnailUrl":"https:\/\/elboton.com\/wp-content\/uploads\/sites\/6\/2020\/07\/button-latricolor.png?w=150&h=150&crop=1","image":{"@type":"ImageObject","url":"https:\/\/elboton.com\/wp-content\/uploads\/sites\/6\/2020\/07\/button-latricolor.png"},"articleSection":"Uncategorized","author":[{"@type":"Person","name":"agomez"}],"creator":["agomez"],"publisher":{"@type":"Organization","name":"El Bot\u00f3n","logo":""},"keywords":[],"dateCreated":"2020-07-13T17:54:13Z","datePublished":"2020-07-13T17:54:13Z","dateModified":"2024-07-04T19:45:14Z"},"rendered":"<script type=\"application\/ld+json\" class=\"wp-parsely-metadata\">{\"@context\":\"https:\\\/\\\/schema.org\",\"@type\":\"WebPage\",\"headline\":\"Shows\",\"url\":\"http:\\\/\\\/elboton.com\\\/nacional\\\/radiolatricolor\\\/shows\\\/\",\"mainEntityOfPage\":{\"@type\":\"WebPage\",\"@id\":\"http:\\\/\\\/elboton.com\\\/nacional\\\/radiolatricolor\\\/shows\\\/\"},\"thumbnailUrl\":\"https:\\\/\\\/elboton.com\\\/wp-content\\\/uploads\\\/sites\\\/6\\\/2020\\\/07\\\/button-latricolor.png?w=150&h=150&crop=1\",\"image\":{\"@type\":\"ImageObject\",\"url\":\"https:\\\/\\\/elboton.com\\\/wp-content\\\/uploads\\\/sites\\\/6\\\/2020\\\/07\\\/button-latricolor.png\"},\"articleSection\":\"Uncategorized\",\"author\":[{\"@type\":\"Person\",\"name\":\"agomez\"}],\"creator\":[\"agomez\"],\"publisher\":{\"@type\":\"Organization\",\"name\":\"El Bot\\u00f3n\",\"logo\":\"\"},\"keywords\":[],\"dateCreated\":\"2020-07-13T17:54:13Z\",\"datePublished\":\"2020-07-13T17:54:13Z\",\"dateModified\":\"2024-07-04T19:45:14Z\"}<\/script>","tracker_url":"https:\/\/cdn.parsely.com\/keys\/elboton.com\/p.js"},"jetpack_sharing_enabled":true,"_links":{"self":[{"href":"https:\/\/elboton.com\/nacional\/wp-json\/wp\/v2\/pages\/5816","targetHints":{"allow":["GET"]}}],"collection":[{"href":"https:\/\/elboton.com\/nacional\/wp-json\/wp\/v2\/pages"}],"about":[{"href":"https:\/\/elboton.com\/nacional\/wp-json\/wp\/v2\/types\/page"}],"author":[{"embeddable":true,"href":"https:\/\/elboton.com\/nacional\/wp-json\/wp\/v2\/users\/14"}],"replies":[{"embeddable":true,"href":"https:\/\/elboton.com\/nacional\/wp-json\/wp\/v2\/comments?post=5816"}],"version-history":[{"count":4,"href":"https:\/\/elboton.com\/nacional\/wp-json\/wp\/v2\/pages\/5816\/revisions"}],"predecessor-version":[{"id":1350502,"href":"https:\/\/elboton.com\/nacional\/wp-json\/wp\/v2\/pages\/5816\/revisions\/1350502"}],"up":[{"embeddable":true,"href":"https:\/\/elboton.com\/nacional\/wp-json\/wp\/v2\/pages\/5810"}],"wp:featuredmedia":[{"embeddable":true,"href":"https:\/\/elboton.com\/nacional\/wp-json\/wp\/v2\/media\/5718"}],"wp:attachment":[{"href":"https:\/\/elboton.com\/nacional\/wp-json\/wp\/v2\/media?parent=5816"}],"wp:term":[{"taxonomy":"genre","embeddable":true,"href":"https:\/\/elboton.com\/nacional\/wp-json\/wp\/v2\/genre?post=5816"},{"taxonomy":"languages","embeddable":true,"href":"https:\/\/elboton.com\/nacional\/wp-json\/wp\/v2\/languages?post=5816"},{"taxonomy":"internal","embeddable":true,"href":"https:\/\/elboton.com\/nacional\/wp-json\/wp\/v2\/internal?post=5816"}],"curies":[{"name":"wp","href":"https:\/\/api.w.org\/{rel}","templated":true}]}}